{"id":17691,"date":"2015-06-18T12:46:47","date_gmt":"2015-06-18T10:46:47","guid":{"rendered":"https:\/\/www.safmmarzo.com\/?page_id=17691"},"modified":"2026-03-17T13:04:18","modified_gmt":"2026-03-17T12:04:18","slug":"contacto","status":"publish","type":"page","link":"https:\/\/www.safmmarzo.com\/es\/contacto\/","title":{"rendered":"Contacto"},"content":{"rendered":"[vc_row ct_row_stretch=&#8221;stretch_row_content_no_spaces&#8221; full_width=&#8221;stretch_row_content_no_spaces&#8221; use_row_as_full_screen_section=&#8221;no&#8221; type=&#8221;full_width&#8221;][vc_column css=&#8221;.vc_custom_1443039230849{padding-right: 0px !important;padding-left: 0px !important;}&#8221;][vc_raw_html]JTNDaWZyYW1lJTIwc3JjJTNEJTIyaHR0cHMlM0ElMkYlMkZ3d3cuZ29vZ2xlLmNvbSUyRm1hcHMlMkZlbWJlZCUzRnBiJTNEJTIxMW0xNCUyMTFtOCUyMTFtMyUyMTFkMTQ1OC4yNzA5NDA2MDY2NzQlMjEyZC03LjMyODM0NiUyMTNkNDMuMDMwMDI5JTIxM20yJTIxMWkxMDI0JTIxMmk3NjglMjE0ZjEzLjElMjEzbTMlMjExbTIlMjExczB4MCUyNTNBMHg0NTUwNmY2NTgzMzhlOGIxJTIxMnpRMnpEclc1cFkyRWdUV0Z5ZW04Z1UySER1bVJsJTIxNWUwJTIxM20yJTIxMXNlcyUyMTJzZXMlMjE0djE2NzAzOTQ0NzU5NjclMjE1bTIlMjExc2VzJTIxMnNlcyUyMiUyMHdpZHRoJTNEJTIyMTAwJTI1JTIyJTIwaGVpZ2h0JTNEJTIyNjEwJTIyJTIwc3R5bGUlM0QlMjJib3JkZXIlM0EwJTNCJTIyJTIwYWxsb3dmdWxsc2NyZWVuJTNEJTIyJTIyJTIwbG9hZGluZyUzRCUyMmxhenklMjIlMjByZWZlcnJlcnBvbGljeSUzRCUyMm5vLXJlZmVycmVyLXdoZW4tZG93bmdyYWRlJTIyJTNFJTNDJTJGaWZyYW1lJTNF[\/vc_raw_html][\/vc_column][\/vc_row][vc_row ct_row_stretch=&#8221;&#8221; use_row_as_full_screen_section=&#8221;no&#8221; type=&#8221;grid&#8221;][vc_column]<div class=\"ult-spacer spacer-69e037488acd6\" data-id=\"69e037488acd6\" data-height=\"78\" data-height-mobile=\"50\" data-height-tab=\"\" data-height-tab-portrait=\"\" data-height-mobile-landscape=\"50\" style=\"clear:both;display:block;\"><\/div><div id=\"ultimate-heading-19869e037488ad59\" class=\"uvc-heading ult-adjust-bottom-margin ultimate-heading-19869e037488ad59 uvc-6213 justificar\" data-hspacer=\"no_spacer\"  data-halign=\"center\" style=\"text-align:center\"><div class=\"uvc-heading-spacer no_spacer\" style=\"top\"><\/div><div class=\"uvc-main-heading ult-responsive\"  data-ultimate-target='.uvc-heading.ultimate-heading-19869e037488ad59 h2'  data-responsive-json-new='{\"font-size\":\"\",\"line-height\":\"\"}' ><h2 style=\"font-weight:bold;color:#141414;margin-bottom:10px;\">Contacto<\/h2><\/div><div class=\"uvc-sub-heading ult-responsive\"  data-ultimate-target='.uvc-heading.ultimate-heading-19869e037488ad59 .uvc-sub-heading '  data-responsive-json-new='{\"font-size\":\"\",\"line-height\":\"\"}'  style=\"font-weight:normal;color:#686868;\">Puedes enviarnos un email con tus dudas o preguntas a trav\u00e9s del siguiente formulario de contacto. Adem\u00e1s, puedes pedir tu cita online o realizar alguna consulta sobre los cursos que tenemos. Tan pronto como recibamos tu solicitud te contestaremos.<\/div><\/div><div class=\"ult-spacer spacer-69e037488adad\" data-id=\"69e037488adad\" data-height=\"45\" data-height-mobile=\"45\" data-height-tab=\"45\" data-height-tab-portrait=\"\" data-height-mobile-landscape=\"\" style=\"clear:both;display:block;\"><\/div>[\/vc_column][vc_column width=&#8221;7\/12&#8243; offset=&#8221;vc_col-lg-8 vc_col-md-8&#8243;]\n<div class=\"wpcf7 no-js\" id=\"wpcf7-f18479-o1\" lang=\"en-US\" dir=\"ltr\">\n<div class=\"screen-reader-response\"><p role=\"status\" aria-live=\"polite\" aria-atomic=\"true\"><\/p> <ul><\/ul><\/div>\n<form action=\"\/es\/wp-json\/wp\/v2\/pages\/17691#wpcf7-f18479-o1\" method=\"post\" class=\"wpcf7-form init\" aria-label=\"Contact form\" novalidate=\"novalidate\" data-status=\"init\">\n<div style=\"display: none;\">\n<input type=\"hidden\" name=\"_wpcf7\" value=\"18479\" \/>\n<input type=\"hidden\" name=\"_wpcf7_version\" value=\"5.8.7\" \/>\n<input type=\"hidden\" name=\"_wpcf7_locale\" value=\"en_US\" \/>\n<input type=\"hidden\" name=\"_wpcf7_unit_tag\" value=\"wpcf7-f18479-o1\" \/>\n<input type=\"hidden\" name=\"_wpcf7_container_post\" value=\"0\" \/>\n<input type=\"hidden\" name=\"_wpcf7_posted_data_hash\" value=\"\" \/>\n<input type=\"hidden\" name=\"_wpcf7_recaptcha_response\" value=\"\" \/>\n<\/div>\n<div class=\"form-inline\">\n\t<p><label class=\"controls__label\" for=\"nome\">Nombre<br \/>\n<span class=\"wpcf7-form-control-wrap\" data-name=\"nome\"><input size=\"40\" class=\"wpcf7-form-control wpcf7-text wpcf7-validates-as-required form-control\" aria-required=\"true\" aria-invalid=\"false\" placeholder=\"Indique su nombre\" value=\"\" type=\"text\" name=\"nome\" \/><\/span><br \/>\n<\/label>\n\t<\/p>\n\t<p><label for=\"email\">Email<br \/>\n<span class=\"wpcf7-form-control-wrap\" data-name=\"email\"><input size=\"40\" class=\"wpcf7-form-control wpcf7-email wpcf7-validates-as-required wpcf7-text wpcf7-validates-as-email form-control contact-us__form__input\" aria-required=\"true\" aria-invalid=\"false\" placeholder=\"Indique su email\" value=\"\" type=\"email\" name=\"email\" \/><\/span><br \/>\n<\/label>\n\t<\/p>\n<\/div>\n<p><label for=\"asunto\">Asunto<br \/>\n<span class=\"wpcf7-form-control-wrap\" data-name=\"asunto\"><input size=\"40\" class=\"wpcf7-form-control wpcf7-text wpcf7-validates-as-required form-control\" aria-required=\"true\" aria-invalid=\"false\" placeholder=\"Asunto\" value=\"\" type=\"text\" name=\"asunto\" \/><\/span><br \/>\n<\/label>\n<\/p>\n<p><label for=\"mensaxe\">Mensaje<br \/>\n<span class=\"wpcf7-form-control-wrap\" data-name=\"mensaxe\"><textarea cols=\"40\" rows=\"10\" class=\"wpcf7-form-control wpcf7-textarea form-control\" aria-invalid=\"false\" placeholder=\"Su mensaje...\" name=\"mensaxe\"><\/textarea><\/span><br \/>\n<\/label>\n<\/p>\n<p><span class=\"wpcf7-form-control-wrap\" data-name=\"terminos\"><span class=\"wpcf7-form-control wpcf7-acceptance\"><span class=\"wpcf7-list-item\"><label><input type=\"checkbox\" name=\"terminos\" value=\"1\" aria-invalid=\"false\" \/><span class=\"wpcf7-list-item-label\">Acepto los t\u00e9rminos y condiciones y la pol\u00edtica de privacidad<\/span><\/label><\/span><\/span><\/span>\n<\/p>\n<style>\n .mi-privacidad p {\n margin-bottom: 5px; \/* Esto afecta a todos los\n\t<p> dentro del div *\/<br \/>\n}\n\t<\/p>\n<\/style>\n<div style=\"font-size:11px\" class=\"mi-privacidad\">\n\t<p>La siguiente pol\u00edtica de privacidad est\u00e1 destinada a informarte sobre c\u00f3mo usamos tu informaci\u00f3n personal cumpliendo con las disposiciones y requisitos del Reglamento General Europeo de Protecci\u00f3n de Datos.\n\t<\/p>\n\t<p><strong>\u00bfQui\u00e9n es el responsable del tratamiento de tus datos?<\/strong>\n\t<\/p>\n\t<p>Identidad: Marzo Sa\u00fade, S.L.\n\t<\/p>\n\t<p>NIF: B27396274\n\t<\/p>\n\t<p>Domicilio Social: R\u00faa Rosal\u00eda de Castro, 49, bajo, Castroverde\n\t<\/p>\n\t<p>Tel\u00e9fono: 636478514\n\t<\/p>\n\t<p>Correo electr\u00f3nico: <a href=\"mailto:marzosaude@safmmarzo.com\">marzosaude@safmmarzo.com<\/a>\n\t<\/p>\n\t<p>Identidad&nbsp;Delegado de Protecci\u00f3n de Datos: LHL Consultores\n\t<\/p>\n\t<p>Correo electr\u00f3nico:&nbsp;dpd@lhlconsultores.com\n\t<\/p>\n\t<p><strong>\u00bfCon qu\u00e9 finalidad tratamos tus datos personales?<\/strong>\n\t<\/p>\n\t<p>En Marzo Sa\u00fade, S.L. tratamos tus datos personales facilitados a trav\u00e9s del formulario de contacto con la finalidad de responder a tu consulta y\/o remitirte la informaci\u00f3n que nos solicites. As\u00ed mismo, te informamos de que Marzo Sa\u00fade, S.L. no llevar\u00e1 a cabo toma de decisiones automatizas con relaci\u00f3n a los datos personales proporcionados.\n\t<\/p>\n\t<p><strong>\u00bfPor cu\u00e1nto tiempo conservaremos tus datos?<\/strong>\n\t<\/p>\n\t<p>Conservaremos tus datos personales en tanto y cuanto sean necesarios para responder a tu solicitud de informaci\u00f3n o consulta, procediendo a su supresi\u00f3n una vez dejan de tener utilidad para la entidad o en caso de que solicites la baja a Marzo Sa\u00fade, S.L., oponi\u00e9ndote o revocando tu consentimiento.\n\t<\/p>\n\t<p><strong>\u00bfCu\u00e1l es la legitimaci\u00f3n para el tratamiento de tus datos?<\/strong>\n\t<\/p>\n\t<p>Para el supuesto de que solicites informaci\u00f3n a trav\u00e9s de nuestra p\u00e1gina web la base legal para el tratamiento de tus datos es el consentimiento expl\u00edcito e inequ\u00edvoco que nos facilitas mediante la aceptaci\u00f3n expl\u00edcita de esta pol\u00edtica de privacidad.\n\t<\/p>\n\t<p><strong>\u00bfA qu\u00e9 destinatarios se comunicar\u00e1n tus datos?<\/strong>\n\t<\/p>\n\t<p><a name=\"_Hlk507426038\">Marzo Sa\u00fade, S.L.<\/a> no comunicar\u00e1 los datos personales del interesado salvo en aquellas ocasiones en las que exista una obligaci\u00f3n legal de cesi\u00f3n de los datos a la Administraci\u00f3n con competencia en la materia. &nbsp;No obstante, Marzo Sa\u00fade, S.L. puede compartir informaci\u00f3n personal con aquellas empresas o colaboradores que son esenciales para remitirte la informaci\u00f3n que nos solicitas, estos colaboradores han suscrito un contrato que garantiza la confidencialidad y seguridad de tus datos. No est\u00e1 previsto realizar transferencias internacionales de tus datos personales a terceros pa\u00edses.\n\t<\/p>\n\t<p><strong>\u00bfCu\u00e1les son tus derechos cuando nos facilitas tus datos?<\/strong>\n\t<\/p>\n\t<p>En virtud de lo establecido en el RGPD puedes solicitar:&nbsp;\n\t<\/p>\n\t<p><u>Derecho de acceso<\/u>:\u202fsolicitar informaci\u00f3n de aquellos datos personales que dispongamos.\n\t<\/p>\n\t<p><u>Derecho de rectificaci\u00f3n:<\/u> comunicar cualquier cambio en tus datos personales.&nbsp;\n\t<\/p>\n\t<p><u>Derecho de supresi\u00f3n y al olvido<\/u>: solicitar la eliminaci\u00f3n previo bloqueo de los datos personales.&nbsp;\n\t<\/p>\n\t<p><u>Derecho de limitaci\u00f3n al tratamiento<\/u>: restringir el tratamiento de los datos personales.\n\t<\/p>\n\t<p><u>Derecho de oposici\u00f3n<\/u>: puedes retirar el consentimiento del tratamiento de los datos, oponi\u00e9ndote a que se sigan tratando.&nbsp;\n\t<\/p>\n\t<p><u>Derecho a la portabilidad:<\/u> solicitar una copia de los datos personales en un formato estructurado, de uso com\u00fan y lectura mec\u00e1nica para su transmisi\u00f3n a otro responsable.&nbsp;\n\t<\/p>\n\t<p><u>Derecho a no ser objeto de decisiones automatizadas<\/u>: solicitar que no se tomen decisiones que se basen \u00fanicamente en el tratamiento automatizado, incluyendo la elaboraci\u00f3n de perfiles, que produzca efectos jur\u00eddicos o afecte significativamente al interesado.&nbsp;\n\t<\/p>\n\t<p><u>Derecho a retirar tu consentimiento<\/u>: en cualquier momento sin que ello anule la legitimaci\u00f3n de los tratamientos que se hayan efectuado desde que se otorg\u00f3 el consentimiento hasta que lo hayas retirado.\u202f&nbsp;\n\t<\/p>\n\t<p>Por ello, Marzo Sa\u00fade, S.L. te informa que, en cualquier momento y de forma gratuita, puedes ejercitar los antedichos derechos mediante la solicitud de los modelos pertinentes en el correo electr\u00f3nico o en la direcci\u00f3n indicada en el primer punto de la presente pol\u00edtica de privacidad.\n\t<\/p>\n\t<p>Cada solicitud de ejercicio de derechos que nos presentes deber\u00e1 contener en el asunto la referencia &ldquo;Ejercicio derechos RGPD&rdquo; e incluir los siguientes datos: nombre y apellidos, domicilio a efectos de notificaci\u00f3n y petici\u00f3n concreta que se solicita. En el caso de ejercitarse en nombre de otra persona, se deber\u00e1 adjuntar un documento que acredite fehacientemente la representaci\u00f3n ostentada.\n\t<\/p>\n\t<p>Si consideras que alguno de los derechos anteriormente mencionados no ha sido respetado, tendr\u00e1s derecho a presentar una reclamaci\u00f3n ante la Agencia Espa\u00f1ola de Protecci\u00f3n de Datos. <u>(<\/u><a href=\"https:\/\/www.agpd.es\/portalwebAGPD\/index-ides-idphp.php\">https:\/\/www.agpd.es\/portalwebAGPD\/index-ides-idphp.php<\/a><u>)<\/u>.\n\t<\/p>\n<\/div>\n<p><input class=\"wpcf7-form-control wpcf7-submit has-spinner crane-cargo-btn-blue\" type=\"submit\" value=\"Enviar\" \/>\n<\/p><div class=\"wpcf7-response-output\" aria-hidden=\"true\"><\/div>\n<\/form>\n<\/div>\n<div class=\"ult-spacer spacer-69e037489212b\" data-id=\"69e037489212b\" data-height=\"95\" data-height-mobile=\"50\" data-height-tab=\"\" data-height-tab-portrait=\"50\" data-height-mobile-landscape=\"50\" style=\"clear:both;display:block;\"><\/div>[\/vc_column][vc_column width=&#8221;5\/12&#8243; offset=&#8221;vc_col-lg-4 vc_col-md-4&#8243;]<div class=\"ult-content-box-container \" >\t\t<div class=\"ult-content-box\" style=\"box-shadow: px px px px none;border-style:solid;border-width:1px;border-radius:4px;border-color:#d8d94e;padding-top:25px;padding-right:28px;padding-bottom:0px;padding-left:25px;-webkit-transition: all 700ms ease;-moz-transition: all 700ms ease;-ms-transition: all 700ms ease;-o-transition: all 700ms ease;transition: all 700ms ease;\"  data-hover_box_shadow=\"none\"  data-hover_border_color=\"#d8d94e\"     data-border_color=\"#d8d94e\" ><div class=\"uavc-list-icon uavc-list-icon-wrapper ult-adjust-bottom-margin   \"><ul class=\"uavc-list\"><li><div class=\"uavc-list-content\" id=\"list-icon-wrap-7528\">\n<div class=\"uavc-list-icon  \" data-animation=\"\" data-animation-delay=\"03\" style=\"margin-right:22px;\"><div class=\"ult-just-icon-wrapper  \"><div class=\"align-icon\" style=\"text-align:center;\">\n<div class=\"aio-icon none \"  style=\"color:#d8d94e;font-size:23px;display:inline-block;\">\n\t<i class=\"Defaults-map-marker\"><\/i>\n<\/div><\/div><\/div>\n<\/div><span  data-ultimate-target='#list-icon-wrap-7528 .uavc-list-desc'  data-responsive-json-new='{\"font-size\":\"\",\"line-height\":\"\"}'  class=\"uavc-list-desc ult-responsive\" style=\"\">R\u00faa Rosal\u00eda de Castro 49 &#8211; Bajo<br \/>\n27120 Castroverde -Lugo<\/span><\/div><\/li><li><div class=\"uavc-list-content\" id=\"list-icon-wrap-8299\">\n<div class=\"uavc-list-icon  \" data-animation=\"\" data-animation-delay=\"03\" style=\"margin-right:22px;\"><div class=\"ult-just-icon-wrapper  \"><div class=\"align-icon\" style=\"text-align:center;\">\n<div class=\"aio-icon none \"  style=\"color:#d8d94e;font-size:23px;display:inline-block;\">\n\t<i class=\"Defaults-phone\"><\/i>\n<\/div><\/div><\/div>\n<\/div><span  data-ultimate-target='#list-icon-wrap-8299 .uavc-list-desc'  data-responsive-json-new='{\"font-size\":\"\",\"line-height\":\"\"}'  class=\"uavc-list-desc ult-responsive\" style=\"\">Tel. 636 47 85 14<\/span><\/div><\/li><li><div class=\"uavc-list-content\" id=\"list-icon-wrap-9379\">\n<div class=\"uavc-list-icon  \" data-animation=\"\" data-animation-delay=\"03\" style=\"margin-right:22px;\"><div class=\"ult-just-icon-wrapper  \"><div class=\"align-icon\" style=\"text-align:center;\">\n<div class=\"aio-icon none \"  style=\"color:#d8d94e;font-size:23px;display:inline-block;\">\n\t<i class=\"Defaults-envelope-o\"><\/i>\n<\/div><\/div><\/div>\n<\/div><span  data-ultimate-target='#list-icon-wrap-9379 .uavc-list-desc'  data-responsive-json-new='{\"font-size\":\"\",\"line-height\":\"\"}'  class=\"uavc-list-desc ult-responsive\" style=\"\">marzosaude@safmmarzo.com<\/span><\/div><\/li><\/ul><\/div>[vc_column_text]<strong>N\u00ba RS: C-27-000777<\/strong>[\/vc_column_text]\t\t<\/div><\/div><div class=\"ult-spacer spacer-69e0374892593\" data-id=\"69e0374892593\" data-height=\"0\" data-height-mobile=\"40\" data-height-tab=\"\" data-height-tab-portrait=\"50\" data-height-mobile-landscape=\"40\" style=\"clear:both;display:block;\"><\/div>[\/vc_column][\/vc_row]\n","protected":false},"excerpt":{"rendered":"<p>[vc_row ct_row_stretch=&#8221;stretch_row_content_no_spaces&#8221; full_width=&#8221;stretch_row_content_no_spaces&#8221; use_row_as_full_screen_section=&#8221;no&#8221; type=&#8221;full_width&#8221;][vc_column css=&#8221;.vc_custom_1443039230849{padding-right: 0px !important;padding-left: 0px !important;}&#8221;][vc_raw_html]JTNDaWZyYW1lJTIwc3JjJTNEJTIyaHR0cHMlM0ElMkYlMkZ3d3cuZ29vZ2xlLmNvbSUyRm1hcHMlMkZlbWJlZCUzRnBiJTNEJTIxMW0xNCUyMTFtOCUyMTFtMyUyMTFkMTQ1OC4yNzA5NDA2MDY2NzQlMjEyZC03LjMyODM0NiUyMTNkNDMuMDMwMDI5JTIxM20yJTIxMWkxMDI0JTIxMmk3NjglMjE0ZjEzLjElMjEzbTMlMjExbTIlMjExczB4MCUyNTNBMHg0NTUwNmY2NTgzMzhlOGIxJTIxMnpRMnpEclc1cFkyRWdUV0Z5ZW04Z1UySER1bVJsJTIxNWUwJTIxM20yJTIxMXNlcyUyMTJzZXMlMjE0djE2NzAzOTQ0NzU5NjclMjE1bTIlMjExc2VzJTIxMnNlcyUyMiUyMHdpZHRoJTNEJTIyMTAwJTI1JTIyJTIwaGVpZ2h0JTNEJTIyNjEwJTIyJTIwc3R5bGUlM0QlMjJib3JkZXIlM0EwJTNCJTIyJTIwYWxsb3dmdWxsc2NyZWVuJTNEJTIyJTIyJTIwbG9hZGluZyUzRCUyMmxhenklMjIlMjByZWZlcnJlcnBvbGljeSUzRCUyMm5vLXJlZmVycmVyLXdoZW4tZG93bmdyYWRlJTIyJTNFJTNDJTJGaWZyYW1lJTNF[\/vc_raw_html][\/vc_column][\/vc_row][vc_row ct_row_stretch=&#8221;&#8221; use_row_as_full_screen_section=&#8221;no&#8221; type=&#8221;grid&#8221;][vc_column][\/vc_column][vc_column width=&#8221;7\/12&#8243; offset=&#8221;vc_col-lg-8 vc_col-md-8&#8243;][\/vc_column][vc_column width=&#8221;5\/12&#8243; offset=&#8221;vc_col-lg-4 vc_col-md-4&#8243;][\/vc_column][\/vc_row]<\/p>\n","protected":false},"author":602,"featured_media":0,"parent":0,"menu_order":0,"comment_status":"closed","ping_status":"closed","template":"","meta":{"footnotes":""},"class_list":["post-17691","page","type-page","status-publish","hentry"],"yoast_head":"<!-- This site is optimized with the Yoast SEO plugin v27.1.1 - https:\/\/yoast.com\/product\/yoast-seo-wordpress\/ -->\n<title>Contacto - Marzo Saude<\/title>\n<meta name=\"robots\" content=\"index, follow, max-snippet:-1, max-image-preview:large, max-video-preview:-1\" \/>\n<link rel=\"canonical\" href=\"https:\/\/www.safmmarzo.com\/es\/contacto\/\" \/>\n<meta property=\"og:locale\" content=\"es_ES\" \/>\n<meta property=\"og:type\" content=\"article\" \/>\n<meta property=\"og:title\" content=\"Contacto - Marzo Saude\" \/>\n<meta property=\"og:description\" content=\"[vc_row ct_row_stretch=&#8221;stretch_row_content_no_spaces&#8221; full_width=&#8221;stretch_row_content_no_spaces&#8221; use_row_as_full_screen_section=&#8221;no&#8221; type=&#8221;full_width&#8221;][vc_column css=&#8221;.vc_custom_1443039230849{padding-right: 0px !important;padding-left: 0px !important;}&#8221;][vc_raw_html]JTNDaWZyYW1lJTIwc3JjJTNEJTIyaHR0cHMlM0ElMkYlMkZ3d3cuZ29vZ2xlLmNvbSUyRm1hcHMlMkZlbWJlZCUzRnBiJTNEJTIxMW0xNCUyMTFtOCUyMTFtMyUyMTFkMTQ1OC4yNzA5NDA2MDY2NzQlMjEyZC03LjMyODM0NiUyMTNkNDMuMDMwMDI5JTIxM20yJTIxMWkxMDI0JTIxMmk3NjglMjE0ZjEzLjElMjEzbTMlMjExbTIlMjExczB4MCUyNTNBMHg0NTUwNmY2NTgzMzhlOGIxJTIxMnpRMnpEclc1cFkyRWdUV0Z5ZW04Z1UySER1bVJsJTIxNWUwJTIxM20yJTIxMXNlcyUyMTJzZXMlMjE0djE2NzAzOTQ0NzU5NjclMjE1bTIlMjExc2VzJTIxMnNlcyUyMiUyMHdpZHRoJTNEJTIyMTAwJTI1JTIyJTIwaGVpZ2h0JTNEJTIyNjEwJTIyJTIwc3R5bGUlM0QlMjJib3JkZXIlM0EwJTNCJTIyJTIwYWxsb3dmdWxsc2NyZWVuJTNEJTIyJTIyJTIwbG9hZGluZyUzRCUyMmxhenklMjIlMjByZWZlcnJlcnBvbGljeSUzRCUyMm5vLXJlZmVycmVyLXdoZW4tZG93bmdyYWRlJTIyJTNFJTNDJTJGaWZyYW1lJTNF[\/vc_raw_html][\/vc_column][\/vc_row][vc_row ct_row_stretch=&#8221;&#8221; use_row_as_full_screen_section=&#8221;no&#8221; type=&#8221;grid&#8221;][vc_column][\/vc_column][vc_column width=&#8221;7\/12&#8243; offset=&#8221;vc_col-lg-8 vc_col-md-8&#8243;][\/vc_column][vc_column width=&#8221;5\/12&#8243; offset=&#8221;vc_col-lg-4 vc_col-md-4&#8243;][\/vc_column][\/vc_row]\" \/>\n<meta property=\"og:url\" content=\"https:\/\/www.safmmarzo.com\/es\/contacto\/\" \/>\n<meta property=\"og:site_name\" content=\"Marzo Saude\" \/>\n<meta property=\"article:modified_time\" content=\"2026-03-17T12:04:18+00:00\" \/>\n<meta name=\"twitter:card\" content=\"summary_large_image\" \/>\n<meta name=\"twitter:label1\" content=\"Tiempo de lectura\" \/>\n\t<meta name=\"twitter:data1\" content=\"1 minuto\" \/>\n<script type=\"application\/ld+json\" class=\"yoast-schema-graph\">{\"@context\":\"https:\/\/schema.org\",\"@graph\":[{\"@type\":\"WebPage\",\"@id\":\"https:\/\/www.safmmarzo.com\/es\/contacto\/\",\"url\":\"https:\/\/www.safmmarzo.com\/es\/contacto\/\",\"name\":\"Contacto - Marzo Saude\",\"isPartOf\":{\"@id\":\"https:\/\/www.safmmarzo.com\/#website\"},\"datePublished\":\"2015-06-18T10:46:47+00:00\",\"dateModified\":\"2026-03-17T12:04:18+00:00\",\"inLanguage\":\"es\",\"potentialAction\":[{\"@type\":\"ReadAction\",\"target\":[\"https:\/\/www.safmmarzo.com\/es\/contacto\/\"]}]},{\"@type\":\"WebSite\",\"@id\":\"https:\/\/www.safmmarzo.com\/#website\",\"url\":\"https:\/\/www.safmmarzo.com\/\",\"name\":\"Marzo Saude\",\"description\":\"\",\"potentialAction\":[{\"@type\":\"SearchAction\",\"target\":{\"@type\":\"EntryPoint\",\"urlTemplate\":\"https:\/\/www.safmmarzo.com\/?s={search_term_string}\"},\"query-input\":{\"@type\":\"PropertyValueSpecification\",\"valueRequired\":true,\"valueName\":\"search_term_string\"}}],\"inLanguage\":\"es\"}]}<\/script>\n<!-- \/ Yoast SEO plugin. -->","yoast_head_json":{"title":"Contacto - Marzo Saude","robots":{"index":"index","follow":"follow","max-snippet":"max-snippet:-1","max-image-preview":"max-image-preview:large","max-video-preview":"max-video-preview:-1"},"canonical":"https:\/\/www.safmmarzo.com\/es\/contacto\/","og_locale":"es_ES","og_type":"article","og_title":"Contacto - Marzo Saude","og_description":"[vc_row ct_row_stretch=&#8221;stretch_row_content_no_spaces&#8221; full_width=&#8221;stretch_row_content_no_spaces&#8221; use_row_as_full_screen_section=&#8221;no&#8221; type=&#8221;full_width&#8221;][vc_column css=&#8221;.vc_custom_1443039230849{padding-right: 0px !important;padding-left: 0px !important;}&#8221;][vc_raw_html]JTNDaWZyYW1lJTIwc3JjJTNEJTIyaHR0cHMlM0ElMkYlMkZ3d3cuZ29vZ2xlLmNvbSUyRm1hcHMlMkZlbWJlZCUzRnBiJTNEJTIxMW0xNCUyMTFtOCUyMTFtMyUyMTFkMTQ1OC4yNzA5NDA2MDY2NzQlMjEyZC03LjMyODM0NiUyMTNkNDMuMDMwMDI5JTIxM20yJTIxMWkxMDI0JTIxMmk3NjglMjE0ZjEzLjElMjEzbTMlMjExbTIlMjExczB4MCUyNTNBMHg0NTUwNmY2NTgzMzhlOGIxJTIxMnpRMnpEclc1cFkyRWdUV0Z5ZW04Z1UySER1bVJsJTIxNWUwJTIxM20yJTIxMXNlcyUyMTJzZXMlMjE0djE2NzAzOTQ0NzU5NjclMjE1bTIlMjExc2VzJTIxMnNlcyUyMiUyMHdpZHRoJTNEJTIyMTAwJTI1JTIyJTIwaGVpZ2h0JTNEJTIyNjEwJTIyJTIwc3R5bGUlM0QlMjJib3JkZXIlM0EwJTNCJTIyJTIwYWxsb3dmdWxsc2NyZWVuJTNEJTIyJTIyJTIwbG9hZGluZyUzRCUyMmxhenklMjIlMjByZWZlcnJlcnBvbGljeSUzRCUyMm5vLXJlZmVycmVyLXdoZW4tZG93bmdyYWRlJTIyJTNFJTNDJTJGaWZyYW1lJTNF[\/vc_raw_html][\/vc_column][\/vc_row][vc_row ct_row_stretch=&#8221;&#8221; use_row_as_full_screen_section=&#8221;no&#8221; type=&#8221;grid&#8221;][vc_column][\/vc_column][vc_column width=&#8221;7\/12&#8243; offset=&#8221;vc_col-lg-8 vc_col-md-8&#8243;][\/vc_column][vc_column width=&#8221;5\/12&#8243; offset=&#8221;vc_col-lg-4 vc_col-md-4&#8243;][\/vc_column][\/vc_row]","og_url":"https:\/\/www.safmmarzo.com\/es\/contacto\/","og_site_name":"Marzo Saude","article_modified_time":"2026-03-17T12:04:18+00:00","twitter_card":"summary_large_image","twitter_misc":{"Tiempo de lectura":"1 minuto"},"schema":{"@context":"https:\/\/schema.org","@graph":[{"@type":"WebPage","@id":"https:\/\/www.safmmarzo.com\/es\/contacto\/","url":"https:\/\/www.safmmarzo.com\/es\/contacto\/","name":"Contacto - Marzo Saude","isPartOf":{"@id":"https:\/\/www.safmmarzo.com\/#website"},"datePublished":"2015-06-18T10:46:47+00:00","dateModified":"2026-03-17T12:04:18+00:00","inLanguage":"es","potentialAction":[{"@type":"ReadAction","target":["https:\/\/www.safmmarzo.com\/es\/contacto\/"]}]},{"@type":"WebSite","@id":"https:\/\/www.safmmarzo.com\/#website","url":"https:\/\/www.safmmarzo.com\/","name":"Marzo Saude","description":"","potentialAction":[{"@type":"SearchAction","target":{"@type":"EntryPoint","urlTemplate":"https:\/\/www.safmmarzo.com\/?s={search_term_string}"},"query-input":{"@type":"PropertyValueSpecification","valueRequired":true,"valueName":"search_term_string"}}],"inLanguage":"es"}]}},"_links":{"self":[{"href":"https:\/\/www.safmmarzo.com\/es\/wp-json\/wp\/v2\/pages\/17691","targetHints":{"allow":["GET"]}}],"collection":[{"href":"https:\/\/www.safmmarzo.com\/es\/wp-json\/wp\/v2\/pages"}],"about":[{"href":"https:\/\/www.safmmarzo.com\/es\/wp-json\/wp\/v2\/types\/page"}],"author":[{"embeddable":true,"href":"https:\/\/www.safmmarzo.com\/es\/wp-json\/wp\/v2\/users\/602"}],"replies":[{"embeddable":true,"href":"https:\/\/www.safmmarzo.com\/es\/wp-json\/wp\/v2\/comments?post=17691"}],"version-history":[{"count":7,"href":"https:\/\/www.safmmarzo.com\/es\/wp-json\/wp\/v2\/pages\/17691\/revisions"}],"predecessor-version":[{"id":19161,"href":"https:\/\/www.safmmarzo.com\/es\/wp-json\/wp\/v2\/pages\/17691\/revisions\/19161"}],"wp:attachment":[{"href":"https:\/\/www.safmmarzo.com\/es\/wp-json\/wp\/v2\/media?parent=17691"}],"curies":[{"name":"wp","href":"https:\/\/api.w.org\/{rel}","templated":true}]}}