{"id":17707,"date":"2022-12-07T06:41:27","date_gmt":"2022-12-07T05:41:27","guid":{"rendered":"https:\/\/www.safmmarzo.com\/?page_id=17707"},"modified":"2023-05-24T09:09:55","modified_gmt":"2023-05-24T07:09:55","slug":"nosotros","status":"publish","type":"page","link":"https:\/\/www.safmmarzo.com\/es\/nosotros\/","title":{"rendered":"Nosotros"},"content":{"rendered":"[vc_row ct_row_stretch=&#8221;&#8221;][vc_column][vc_empty_space height=&#8221;75px&#8221;]<div id=\"ultimate-heading-37369f856f1d0d94\" class=\"uvc-heading ult-adjust-bottom-margin ultimate-heading-37369f856f1d0d94 uvc-8814 \" data-hspacer=\"no_spacer\"  data-halign=\"center\" style=\"text-align:center\"><div class=\"uvc-heading-spacer no_spacer\" style=\"top\"><\/div><div class=\"uvc-main-heading ult-responsive\"  data-ultimate-target='.uvc-heading.ultimate-heading-37369f856f1d0d94 h2'  data-responsive-json-new='{\"font-size\":\"\",\"line-height\":\"\"}' ><h2 style=\"font-weight:normal;\">La Filosof\u00eda que mueve a Marzo Sa\u00fade es la de cooperaci\u00f3n y la mejora continua.<\/h2><\/div><div class=\"uvc-sub-heading ult-responsive\"  data-ultimate-target='.uvc-heading.ultimate-heading-37369f856f1d0d94 .uvc-sub-heading '  data-responsive-json-new='{\"font-size\":\"\",\"line-height\":\"\"}'  style=\"font-weight:normal;\"><span style=\"color: #d7db40;\">Por ello, parte de los beneficios son destinados a un fin social que contribuye a crear una sociedad m\u00e1s igualitaria.<\/span><\/div><\/div>[vc_empty_space height=&#8221;75px&#8221;][\/vc_column][\/vc_row][vc_row ct_row_stretch=&#8221;&#8221;][vc_column width=&#8221;1\/3&#8243;][vc_single_image image=&#8221;15130&#8243; img_size=&#8221;full&#8221;][\/vc_column][vc_column width=&#8221;2\/3&#8243;]<div id=\"ultimate-heading-549869f856f1d0e2e\" class=\"uvc-heading ult-adjust-bottom-margin ultimate-heading-549869f856f1d0e2e uvc-1833 \" data-hspacer=\"no_spacer\"  data-halign=\"center\" style=\"text-align:center\"><div class=\"uvc-heading-spacer no_spacer\" style=\"top\"><\/div><div class=\"uvc-main-heading ult-responsive\"  data-ultimate-target='.uvc-heading.ultimate-heading-549869f856f1d0e2e h2'  data-responsive-json-new='{\"font-size\":\"\",\"line-height\":\"\"}' ><h2 style=\"font-weight:normal;margin-bottom:15px;\">\u00bfQue es Marzo Sa\u00fade?<\/h2><\/div><div class=\"uvc-sub-heading ult-responsive\"  data-ultimate-target='.uvc-heading.ultimate-heading-549869f856f1d0e2e .uvc-sub-heading '  data-responsive-json-new='{\"font-size\":\"\",\"line-height\":\"\"}'  style=\"font-weight:normal;\">\n<p style=\"text-align: left;\">Marzo Sa\u00fade nace en Castroverde (Lugo) como una cl\u00ednica de fisioterapia en marzo del a\u00f1o 2010. Dirigida por los hermanos Jos\u00e9 Luis y Jes\u00fas Vali\u00f1o Castedo e Isabel Cabado Pe\u00f1a, un grupo de profesionales multidisciplinar, expertos en el sector deportivo y sanitario. Su prop\u00f3sito es el de diversificar los servicios iniciales incorporando un \u00e1rea de enfermer\u00eda, podolog\u00eda y rehabilitaci\u00f3n, desde el que se da respuesta a las demandas de los vecinos de Castroverde y alrededores. El proyecto no acab\u00f3 aqu\u00ed, ya que adem\u00e1s decidimos poner en marcha un Gimnasio.<\/p>\n<p style=\"text-align: left;\">Nuestro car\u00e1cter din\u00e1mico y emprendedor nos llev\u00f3 a organizar e impartir cursos de formaci\u00f3n bonificables de la Fundaci\u00f3n Tripartita, siendo reconocidos para selecciones en la funci\u00f3n p\u00fablica. Adem\u00e1s, desarrollamos un programa de pr\u00e1cticas internacional con la prestigiosa Universidad de Aveiro (Portugal) que ofrece a fisioterapeutas licenciados la posibilidad de trabajar en nuestras modernas instalaciones.<\/p>\n<p style=\"text-align: left;\">En el 2015 nuestra colaboradora Bel\u00e9n (fisioterapeuta del C.B. Breog\u00e1n) conf\u00eda en nosotros para la recuperaci\u00f3n y evoluci\u00f3n de los jugadores, haciendo un convenio con dicho club y ella pasando a formar parte de nuestro equipo. De este mismo modo, ampliamos la cartera incorporando diversos clubs deportivos que empiezan a confiar en nuestras t\u00e9cnicas m\u00e1s avanzadas.<\/p>\n<\/div><\/div>[vc_empty_space height=&#8221;75px&#8221;][vc_tta_accordion style=&#8221;modern&#8221; shape=&#8221;square&#8221; color=&#8221;white&#8221; active_section=&#8221;999999&#8243; no_fill=&#8221;true&#8221; collapsible_all=&#8221;true&#8221;][vc_tta_section title=&#8221;\u00bfPor que eligirnos?&#8221; tab_id=&#8221;porque&#8221;][vc_column_text]En nuestra cl\u00ednica, nuestra principal preocupaci\u00f3n es tu recuperaci\u00f3n. Estamos aqu\u00ed para que mejores y vuelvas cuanto antes al trabajo o a tus actividades de ocio.<\/p>\n<p>Queremos ayudarte a alcanzar tus objetivos. Somos fisioterapeutas, enfermeros y pod\u00f3logos que te atenderemos de forma personalizada y adaptada a tu estado de salud, lo que significa menos visitas y mejores resultados.<br \/>\nComo profesionales, nosotros nos comprometemos a estar a la \u00faltima en la selecci\u00f3n de tratamientos y de t\u00e9cnicas que te ofrecemos para recuperarte, y como paciente, te damos la responsabilidad de que participes en las decisiones que afectan a tu salud. Siempre te explicaremos por qu\u00e9 hacemos las cosas, de manera que participes de manera activa en la toma de decisiones.<\/p>\n<p>Basamos nuestras decisiones en cinco pilares: (1) La mejor evidencia cient\u00edfica publicada, (2) la mejor evidencia cl\u00ednica disponible, (3) las preferencias de nuestros pacientes, (4) la mejor y m\u00e1s novedosa formaci\u00f3n para aplicar en tu patolog\u00eda, y (5) las t\u00e9cnicas m\u00e1s actuales aplicadas con criterio cl\u00ednico.<\/p>\n<p>Los servicios que prestamos desde las instalaciones de Marzo Sa\u00fade se pueden dividir en 4 grandes grupos: fisioterapia, podolog\u00eda, enfermer\u00eda y gimnasio spa. Tambi\u00e9n organizamos actividades deportivas fuera de la cl\u00ednica, como pilates, marzomba y gimnasia as\u00ed como fisioterapia, enfermer\u00eda y podolog\u00eda a domicilio.<br \/>\nNuestro centro es bien reconocido entre las diversas entidades sanitarias y recomendado por los m\u00e9dicos de varias especialidades.<\/p>\n<p>Adem\u00e1s, parte de los beneficios son destinados a fines sociales y eventos deportivos que contribuyen a crear una sociedad m\u00e1s igualitaria.[\/vc_column_text][\/vc_tta_section][vc_tta_section title=&#8221;Fisioterapia&#8221; tab_id=&#8221;fisio&#8221;][vc_column_text]Prestamos una atenci\u00f3n personal y especializada en cualquier tipo de dolor \u00f3seo o muscular. Los servicios m\u00e1s demandados son aquellos relacionados con la fisioterapia deportiva, traumatol\u00f3gica y ortop\u00e9dica. Dentro de este apartado se encuentran las lesiones m\u00e1s comunes, entre las que est\u00e1n las torceduras, cargas musculares, tendinitis, artrosis o contracturas. Tambi\u00e9n ofrecemos fisioterapia de suelo p\u00e9lvico.[\/vc_column_text][\/vc_tta_section][vc_tta_section title=&#8221;Podolog\u00eda&#8221; tab_id=&#8221;podoloxia&#8221;][vc_column_text]Nos diferenciamos por fabricar plantillas ortop\u00e9dicas que dise\u00f1amos a medida en nuestras propias instalaciones, tanto para deportistas c\u00f3mo para otro tipo de pacientes, sin la necesidad de enviarlas a cl\u00ednicas nacionales. Tambi\u00e9n tratamos durezas, callos, ojos de gallo o papilomas, entre otros.[\/vc_column_text][\/vc_tta_section][vc_tta_section title=&#8221;Enfermer\u00eda&#8221; tab_id=&#8221;enfermeria&#8221;][vc_column_text]Ofrecemos un amplio servicio de anal\u00edtica, adem\u00e1s de tomar las constantes vitales, realizar controles de glucemia, c\u00e1lculo del \u00edndice de masa corporal, curas o realizaci\u00f3n de EKG o espirometr\u00edas.[\/vc_column_text][\/vc_tta_section][vc_tta_section title=&#8221;Gimnasio&#8221; tab_id=&#8221;ximnasio&#8221;][vc_column_text]Nuestro centro deportivo cuenta con una completa sala de fitness, con la m\u00e1s moderna equipaci\u00f3n deportiva, el\u00edpticas, cintas de correr o peso libre. Este espacio se completa con un spa dotado con ducha escocesa, ba\u00f1o turco, sauna finlandesa, jacuzzi, zona de relajaci\u00f3n y ducha de chorros, que incluye cabina individual de sauna. Tambi\u00e9n impartimos clases dirigidas de pilates, aerobic latino y gimnasia de mantenimiento.[\/vc_column_text][\/vc_tta_section][\/vc_tta_accordion][\/vc_column][\/vc_row][vc_row ct_row_stretch=&#8221;&#8221;][vc_column][vc_empty_space height=&#8221;75px&#8221;][vc_cta h2=&#8221;&#8221; add_button=&#8221;right&#8221; btn_title=&#8221;Cita Online&#8221; btn_color=&#8221;success&#8221; btn_link=&#8221;url:https%3A%2F%2Fwww.safmmarzo.com%2Fes%2Fcita-online%2F|title:Cita%20online&#8221;]El trato cercano con el cliente junto con la multitud de actividades, servicios e instalaciones y facilidad de horarios y desplazamientos de nuestro personal, convierte a Marzo Sa\u00fade en la mejor opci\u00f3n para el cuidado de tu cuerpo.[\/vc_cta][\/vc_column][\/vc_row][vc_row ct_row_stretch=&#8221;&#8221;][vc_column][\/vc_column][\/vc_row]\n","protected":false},"excerpt":{"rendered":"<p>[vc_row ct_row_stretch=&#8221;&#8221;][vc_column][vc_empty_space height=&#8221;75px&#8221;][vc_empty_space height=&#8221;75px&#8221;][\/vc_column][\/vc_row][vc_row ct_row_stretch=&#8221;&#8221;][vc_column width=&#8221;1\/3&#8243;][vc_single_image image=&#8221;15130&#8243; img_size=&#8221;full&#8221;][\/vc_column][vc_column width=&#8221;2\/3&#8243;][vc_empty_space height=&#8221;75px&#8221;][vc_tta_accordion style=&#8221;modern&#8221; shape=&#8221;square&#8221; color=&#8221;white&#8221; active_section=&#8221;999999&#8243; no_fill=&#8221;true&#8221; collapsible_all=&#8221;true&#8221;][vc_tta_section title=&#8221;\u00bfPor que eligirnos?&#8221; tab_id=&#8221;porque&#8221;][vc_column_text]En nuestra cl\u00ednica, nuestra principal preocupaci\u00f3n es tu recuperaci\u00f3n. Estamos aqu\u00ed para que mejores y vuelvas cuanto antes al trabajo o a tus actividades de ocio. Queremos ayudarte a alcanzar tus objetivos. Somos fisioterapeutas, enfermeros y &#8230;<\/p>\n","protected":false},"author":602,"featured_media":0,"parent":0,"menu_order":0,"comment_status":"closed","ping_status":"closed","template":"","meta":{"footnotes":""},"class_list":["post-17707","page","type-page","status-publish","hentry"],"yoast_head":"<!-- This site is optimized with the Yoast SEO plugin v27.1.1 - https:\/\/yoast.com\/product\/yoast-seo-wordpress\/ -->\n<title>Nosotros - Marzo Saude<\/title>\n<meta name=\"robots\" content=\"index, follow, max-snippet:-1, max-image-preview:large, max-video-preview:-1\" \/>\n<link rel=\"canonical\" href=\"https:\/\/www.safmmarzo.com\/es\/nosotros\/\" \/>\n<meta property=\"og:locale\" content=\"es_ES\" \/>\n<meta property=\"og:type\" content=\"article\" \/>\n<meta property=\"og:title\" content=\"Nosotros - Marzo Saude\" \/>\n<meta property=\"og:description\" content=\"[vc_row ct_row_stretch=&#8221;&#8221;][vc_column][vc_empty_space height=&#8221;75px&#8221;][vc_empty_space height=&#8221;75px&#8221;][\/vc_column][\/vc_row][vc_row ct_row_stretch=&#8221;&#8221;][vc_column width=&#8221;1\/3&#8243;][vc_single_image image=&#8221;15130&#8243; img_size=&#8221;full&#8221;][\/vc_column][vc_column width=&#8221;2\/3&#8243;][vc_empty_space height=&#8221;75px&#8221;][vc_tta_accordion style=&#8221;modern&#8221; shape=&#8221;square&#8221; color=&#8221;white&#8221; active_section=&#8221;999999&#8243; no_fill=&#8221;true&#8221; collapsible_all=&#8221;true&#8221;][vc_tta_section title=&#8221;\u00bfPor que eligirnos?&#8221; tab_id=&#8221;porque&#8221;][vc_column_text]En nuestra cl\u00ednica, nuestra principal preocupaci\u00f3n es tu recuperaci\u00f3n. Estamos aqu\u00ed para que mejores y vuelvas cuanto antes al trabajo o a tus actividades de ocio. Queremos ayudarte a alcanzar tus objetivos. Somos fisioterapeutas, enfermeros y ...\" \/>\n<meta property=\"og:url\" content=\"https:\/\/www.safmmarzo.com\/es\/nosotros\/\" \/>\n<meta property=\"og:site_name\" content=\"Marzo Saude\" \/>\n<meta property=\"article:modified_time\" content=\"2023-05-24T07:09:55+00:00\" \/>\n<meta name=\"twitter:card\" content=\"summary_large_image\" \/>\n<meta name=\"twitter:label1\" content=\"Tiempo de lectura\" \/>\n\t<meta name=\"twitter:data1\" content=\"4 minutos\" \/>\n<script type=\"application\/ld+json\" class=\"yoast-schema-graph\">{\"@context\":\"https:\/\/schema.org\",\"@graph\":[{\"@type\":\"WebPage\",\"@id\":\"https:\/\/www.safmmarzo.com\/es\/nosotros\/\",\"url\":\"https:\/\/www.safmmarzo.com\/es\/nosotros\/\",\"name\":\"Nosotros - Marzo Saude\",\"isPartOf\":{\"@id\":\"https:\/\/www.safmmarzo.com\/#website\"},\"datePublished\":\"2022-12-07T05:41:27+00:00\",\"dateModified\":\"2023-05-24T07:09:55+00:00\",\"inLanguage\":\"es\",\"potentialAction\":[{\"@type\":\"ReadAction\",\"target\":[\"https:\/\/www.safmmarzo.com\/es\/nosotros\/\"]}]},{\"@type\":\"WebSite\",\"@id\":\"https:\/\/www.safmmarzo.com\/#website\",\"url\":\"https:\/\/www.safmmarzo.com\/\",\"name\":\"Marzo Saude\",\"description\":\"\",\"potentialAction\":[{\"@type\":\"SearchAction\",\"target\":{\"@type\":\"EntryPoint\",\"urlTemplate\":\"https:\/\/www.safmmarzo.com\/?s={search_term_string}\"},\"query-input\":{\"@type\":\"PropertyValueSpecification\",\"valueRequired\":true,\"valueName\":\"search_term_string\"}}],\"inLanguage\":\"es\"}]}<\/script>\n<!-- \/ Yoast SEO plugin. -->","yoast_head_json":{"title":"Nosotros - Marzo Saude","robots":{"index":"index","follow":"follow","max-snippet":"max-snippet:-1","max-image-preview":"max-image-preview:large","max-video-preview":"max-video-preview:-1"},"canonical":"https:\/\/www.safmmarzo.com\/es\/nosotros\/","og_locale":"es_ES","og_type":"article","og_title":"Nosotros - Marzo Saude","og_description":"[vc_row ct_row_stretch=&#8221;&#8221;][vc_column][vc_empty_space height=&#8221;75px&#8221;][vc_empty_space height=&#8221;75px&#8221;][\/vc_column][\/vc_row][vc_row ct_row_stretch=&#8221;&#8221;][vc_column width=&#8221;1\/3&#8243;][vc_single_image image=&#8221;15130&#8243; img_size=&#8221;full&#8221;][\/vc_column][vc_column width=&#8221;2\/3&#8243;][vc_empty_space height=&#8221;75px&#8221;][vc_tta_accordion style=&#8221;modern&#8221; shape=&#8221;square&#8221; color=&#8221;white&#8221; active_section=&#8221;999999&#8243; no_fill=&#8221;true&#8221; collapsible_all=&#8221;true&#8221;][vc_tta_section title=&#8221;\u00bfPor que eligirnos?&#8221; tab_id=&#8221;porque&#8221;][vc_column_text]En nuestra cl\u00ednica, nuestra principal preocupaci\u00f3n es tu recuperaci\u00f3n. Estamos aqu\u00ed para que mejores y vuelvas cuanto antes al trabajo o a tus actividades de ocio. Queremos ayudarte a alcanzar tus objetivos. Somos fisioterapeutas, enfermeros y ...","og_url":"https:\/\/www.safmmarzo.com\/es\/nosotros\/","og_site_name":"Marzo Saude","article_modified_time":"2023-05-24T07:09:55+00:00","twitter_card":"summary_large_image","twitter_misc":{"Tiempo de lectura":"4 minutos"},"schema":{"@context":"https:\/\/schema.org","@graph":[{"@type":"WebPage","@id":"https:\/\/www.safmmarzo.com\/es\/nosotros\/","url":"https:\/\/www.safmmarzo.com\/es\/nosotros\/","name":"Nosotros - Marzo Saude","isPartOf":{"@id":"https:\/\/www.safmmarzo.com\/#website"},"datePublished":"2022-12-07T05:41:27+00:00","dateModified":"2023-05-24T07:09:55+00:00","inLanguage":"es","potentialAction":[{"@type":"ReadAction","target":["https:\/\/www.safmmarzo.com\/es\/nosotros\/"]}]},{"@type":"WebSite","@id":"https:\/\/www.safmmarzo.com\/#website","url":"https:\/\/www.safmmarzo.com\/","name":"Marzo Saude","description":"","potentialAction":[{"@type":"SearchAction","target":{"@type":"EntryPoint","urlTemplate":"https:\/\/www.safmmarzo.com\/?s={search_term_string}"},"query-input":{"@type":"PropertyValueSpecification","valueRequired":true,"valueName":"search_term_string"}}],"inLanguage":"es"}]}},"_links":{"self":[{"href":"https:\/\/www.safmmarzo.com\/es\/wp-json\/wp\/v2\/pages\/17707","targetHints":{"allow":["GET"]}}],"collection":[{"href":"https:\/\/www.safmmarzo.com\/es\/wp-json\/wp\/v2\/pages"}],"about":[{"href":"https:\/\/www.safmmarzo.com\/es\/wp-json\/wp\/v2\/types\/page"}],"author":[{"embeddable":true,"href":"https:\/\/www.safmmarzo.com\/es\/wp-json\/wp\/v2\/users\/602"}],"replies":[{"embeddable":true,"href":"https:\/\/www.safmmarzo.com\/es\/wp-json\/wp\/v2\/comments?post=17707"}],"version-history":[{"count":12,"href":"https:\/\/www.safmmarzo.com\/es\/wp-json\/wp\/v2\/pages\/17707\/revisions"}],"predecessor-version":[{"id":17711,"href":"https:\/\/www.safmmarzo.com\/es\/wp-json\/wp\/v2\/pages\/17707\/revisions\/17711"}],"wp:attachment":[{"href":"https:\/\/www.safmmarzo.com\/es\/wp-json\/wp\/v2\/media?parent=17707"}],"curies":[{"name":"wp","href":"https:\/\/api.w.org\/{rel}","templated":true}]}}