{"id":17832,"date":"2023-03-13T11:48:58","date_gmt":"2023-03-13T10:48:58","guid":{"rendered":"https:\/\/www.safmmarzo.com\/?page_id=17832"},"modified":"2023-05-24T09:09:04","modified_gmt":"2023-05-24T07:09:04","slug":"enfermeria","status":"publish","type":"page","link":"https:\/\/www.safmmarzo.com\/es\/enfermeria\/","title":{"rendered":"Enfermer\u00eda"},"content":{"rendered":"[vc_row ct_row_stretch=&#8221;&#8221;][vc_column]<div class=\"ult-spacer spacer-6a00b30414dd7\" data-id=\"6a00b30414dd7\" data-height=\"75\" data-height-mobile=\"75\" data-height-tab=\"75\" data-height-tab-portrait=\"\" data-height-mobile-landscape=\"\" style=\"clear:both;display:block;\"><\/div><div id=\"ultimate-heading-4876a00b30414e4c\" class=\"uvc-heading ult-adjust-bottom-margin ultimate-heading-4876a00b30414e4c uvc-1090 \" data-hspacer=\"no_spacer\"  data-halign=\"center\" style=\"text-align:center\"><div class=\"uvc-heading-spacer no_spacer\" style=\"top\"><\/div><div class=\"uvc-main-heading ult-responsive\"  data-ultimate-target='.uvc-heading.ultimate-heading-4876a00b30414e4c h2'  data-responsive-json-new='{\"font-size\":\"\",\"line-height\":\"\"}' ><h2 style=\"font-weight:normal;\">En Marzo Sa\u00fade contamos con todo el equipamiento b\u00e1sico necesario para detectar cualquier tipo de anomal\u00eda que sufra el paciente<\/h2><\/div><\/div><div class=\"ult-spacer spacer-6a00b30414ea3\" data-id=\"6a00b30414ea3\" data-height=\"75\" data-height-mobile=\"75\" data-height-tab=\"75\" data-height-tab-portrait=\"\" data-height-mobile-landscape=\"\" style=\"clear:both;display:block;\"><\/div>[\/vc_column][\/vc_row][vc_row ct_row_stretch=&#8221;&#8221;][vc_column width=&#8221;1\/2&#8243;][vc_single_image image=&#8221;17824&#8243; img_size=&#8221;full&#8221;][\/vc_column][vc_column width=&#8221;1\/2&#8243;]<div id=\"ultimate-heading-88776a00b30414ee5\" class=\"uvc-heading ult-adjust-bottom-margin ultimate-heading-88776a00b30414ee5 uvc-6269 justificar\" data-hspacer=\"no_spacer\"  data-halign=\"center\" style=\"text-align:center\"><div class=\"uvc-heading-spacer no_spacer\" style=\"top\"><\/div><div class=\"uvc-main-heading ult-responsive\"  data-ultimate-target='.uvc-heading.ultimate-heading-88776a00b30414ee5 h2'  data-responsive-json-new='{\"font-size\":\"\",\"line-height\":\"\"}' ><h2 style=\"font-weight:normal;margin-bottom:10px;\">Tu salud nos importa<\/h2><\/div><div class=\"uvc-sub-heading ult-responsive\"  data-ultimate-target='.uvc-heading.ultimate-heading-88776a00b30414ee5 .uvc-sub-heading '  data-responsive-json-new='{\"font-size\":\"\",\"line-height\":\"\"}'  style=\"font-weight:normal;\"><span lang=\"gl\">En <strong>Marzo Sa\u00fade<\/strong> pensamos en todas aquellas personas que estando sanas se preocupan razonablemente del mantenimiento de su salud, de conocer cu\u00e1les son sus factores de riesgo para desarrollar enfermedades frecuentes como las cardiovasculares (hipertensi\u00f3n, colesterol\u2026), metab\u00f3licas (diabetes\u2026), etc. Para ello contamos con personal de enfermer\u00eda especializado para la realizaci\u00f3n de distintas t\u00e9cnicas.<br \/>\n<\/span><\/p>\n<p><span lang=\"gl\">Como profesionales de la salud nos centramos tambi\u00e9n en el \u00e1mbito de la promoci\u00f3n de la salud incluyendo actividades docentes (proceso de educaci\u00f3n para la salud), dirigidas tanto a personas, como a familiares y grupos o comunidades.<br \/>\nAdem\u00e1s de la experiencia en el \u00e1mbito deportivo nos avala una gran experiencia en centros de la tercera edad y en urgencias.<br \/>\n<\/span><\/p>\n<p><span lang=\"gl\">Es un servicio que tambi\u00e9n ofrecemos a domicilio para aquellos enfermos que as\u00ed lo demanden.<\/span><\/div><\/div>[\/vc_column][\/vc_row][vc_row ct_row_stretch=&#8221;&#8221;][vc_column]<div class=\"ult-spacer spacer-6a00b30414f29\" data-id=\"6a00b30414f29\" data-height=\"75\" data-height-mobile=\"75\" data-height-tab=\"75\" data-height-tab-portrait=\"\" data-height-mobile-landscape=\"\" style=\"clear:both;display:block;\"><\/div>[\/vc_column][\/vc_row][vc_row ct_row_stretch=&#8221;&#8221;][vc_column]<div id=\"ultimate-heading-53626a00b30414f5e\" class=\"uvc-heading ult-adjust-bottom-margin ultimate-heading-53626a00b30414f5e uvc-364 \" data-hspacer=\"no_spacer\"  data-halign=\"center\" style=\"text-align:center\"><div class=\"uvc-heading-spacer no_spacer\" style=\"top\"><\/div><div class=\"uvc-main-heading ult-responsive\"  data-ultimate-target='.uvc-heading.ultimate-heading-53626a00b30414f5e h2'  data-responsive-json-new='{\"font-size\":\"\",\"line-height\":\"\"}' ><h2 style=\"font-weight:normal;\">Especialidades y Tratamientos<\/h2><\/div><\/div><div class=\"ult-spacer spacer-6a00b30414f9a\" data-id=\"6a00b30414f9a\" data-height=\"75\" data-height-mobile=\"75\" data-height-tab=\"75\" data-height-tab-portrait=\"\" data-height-mobile-landscape=\"\" style=\"clear:both;display:block;\"><\/div>[\/vc_column][\/vc_row][vc_row ct_row_stretch=&#8221;&#8221;][vc_column width=&#8221;1\/2&#8243; offset=&#8221;vc_col-lg-4 vc_col-md-4&#8243;][vc_single_image image=&#8221;17826&#8243; img_size=&#8221;full&#8221;]<div class=\"ult-spacer spacer-6a00b30414fca\" data-id=\"6a00b30414fca\" data-height=\"10\" data-height-mobile=\"10\" data-height-tab=\"10\" data-height-tab-portrait=\"\" data-height-mobile-landscape=\"\" style=\"clear:both;display:block;\"><\/div><div id=\"ultimate-heading-20666a00b3041501e\" class=\"uvc-heading ult-adjust-bottom-margin ultimate-heading-20666a00b3041501e uvc-3698 justificar\" data-hspacer=\"no_spacer\"  data-halign=\"center\" style=\"text-align:center\"><div class=\"uvc-heading-spacer no_spacer\" style=\"top\"><\/div><div class=\"uvc-main-heading ult-responsive\"  data-ultimate-target='.uvc-heading.ultimate-heading-20666a00b3041501e h4'  data-responsive-json-new='{\"font-size\":\"\",\"line-height\":\"\"}' ><h4 style=\"font-weight:normal;margin-bottom:10px;\">Toma de Constantes<\/h4><\/div><div class=\"uvc-sub-heading ult-responsive\"  data-ultimate-target='.uvc-heading.ultimate-heading-20666a00b3041501e .uvc-sub-heading '  data-responsive-json-new='{\"font-size\":\"\",\"line-height\":\"\"}'  style=\"font-weight:normal;\">Determinaci\u00f3n de tensi\u00f3n arterial, saturaci\u00f3n de ox\u00edgeno, glucemias, electrocardiogramas y espirometr\u00edas.<\/div><\/div><div class=\"ult-spacer spacer-6a00b30415065\" data-id=\"6a00b30415065\" data-height=\"30\" data-height-mobile=\"30\" data-height-tab=\"30\" data-height-tab-portrait=\"\" data-height-mobile-landscape=\"\" style=\"clear:both;display:block;\"><\/div>[\/vc_column][vc_column width=&#8221;1\/2&#8243; offset=&#8221;vc_col-lg-4 vc_col-md-4&#8243;][vc_single_image image=&#8221;17828&#8243; img_size=&#8221;full&#8221;]<div class=\"ult-spacer spacer-6a00b30415094\" data-id=\"6a00b30415094\" data-height=\"10\" data-height-mobile=\"10\" data-height-tab=\"10\" data-height-tab-portrait=\"\" data-height-mobile-landscape=\"\" style=\"clear:both;display:block;\"><\/div><div id=\"ultimate-heading-12786a00b304150cb\" class=\"uvc-heading ult-adjust-bottom-margin ultimate-heading-12786a00b304150cb uvc-5673 justificar\" data-hspacer=\"no_spacer\"  data-halign=\"center\" style=\"text-align:center\"><div class=\"uvc-heading-spacer no_spacer\" style=\"top\"><\/div><div class=\"uvc-main-heading ult-responsive\"  data-ultimate-target='.uvc-heading.ultimate-heading-12786a00b304150cb h4'  data-responsive-json-new='{\"font-size\":\"\",\"line-height\":\"\"}' ><h4 style=\"font-weight:normal;margin-bottom:10px;\">Inyectables y Curas<\/h4><\/div><div class=\"uvc-sub-heading ult-responsive\"  data-ultimate-target='.uvc-heading.ultimate-heading-12786a00b304150cb .uvc-sub-heading '  data-responsive-json-new='{\"font-size\":\"\",\"line-height\":\"\"}'  style=\"font-weight:normal;\">Realizamos tambi\u00e9n la administraci\u00f3n de inyectables y curas de diferente consideraci\u00f3n (heridas quir\u00fargicas, \u00falceras vasculares, \u00falceras por presi\u00f3n, heridas por traumatismo, etc\u00e9tera)<\/div><\/div><div class=\"ult-spacer spacer-6a00b3041510c\" data-id=\"6a00b3041510c\" data-height=\"30\" data-height-mobile=\"30\" data-height-tab=\"30\" data-height-tab-portrait=\"\" data-height-mobile-landscape=\"\" style=\"clear:both;display:block;\"><\/div>[\/vc_column][vc_column width=&#8221;1\/2&#8243; offset=&#8221;vc_col-lg-4 vc_col-md-4&#8243;][vc_single_image image=&#8221;17830&#8243; img_size=&#8221;full&#8221;]<div class=\"ult-spacer spacer-6a00b30415139\" data-id=\"6a00b30415139\" data-height=\"10\" data-height-mobile=\"10\" data-height-tab=\"10\" data-height-tab-portrait=\"\" data-height-mobile-landscape=\"\" style=\"clear:both;display:block;\"><\/div><div id=\"ultimate-heading-60936a00b3041516e\" class=\"uvc-heading ult-adjust-bottom-margin ultimate-heading-60936a00b3041516e uvc-1773 justificar\" data-hspacer=\"no_spacer\"  data-halign=\"center\" style=\"text-align:center\"><div class=\"uvc-heading-spacer no_spacer\" style=\"top\"><\/div><div class=\"uvc-main-heading ult-responsive\"  data-ultimate-target='.uvc-heading.ultimate-heading-60936a00b3041516e h4'  data-responsive-json-new='{\"font-size\":\"\",\"line-height\":\"\"}' ><h4 style=\"font-weight:normal;margin-bottom:10px;\">Laboratorio<\/h4><\/div><div class=\"uvc-sub-heading ult-responsive\"  data-ultimate-target='.uvc-heading.ultimate-heading-60936a00b3041516e .uvc-sub-heading '  data-responsive-json-new='{\"font-size\":\"\",\"line-height\":\"\"}'  style=\"font-weight:normal;\">Realizamos todo tipo de toma de muestras y an\u00e1lisis cl\u00ednicos (sangre, orina, heces), as\u00ed como los tan demandados test de intolerancia alimentaria. Para ello trabajamos con laboratorios homologados con un sistema de gesti\u00f3n de calidad certificado.<\/div><\/div><div class=\"ult-spacer spacer-6a00b304151a8\" data-id=\"6a00b304151a8\" data-height=\"30\" data-height-mobile=\"30\" data-height-tab=\"30\" data-height-tab-portrait=\"\" data-height-mobile-landscape=\"\" style=\"clear:both;display:block;\"><\/div>[\/vc_column][\/vc_row][vc_row ct_row_stretch=&#8221;&#8221;][vc_column]<div class=\"ult-spacer spacer-6a00b304151d3\" data-id=\"6a00b304151d3\" data-height=\"40\" data-height-mobile=\"40\" data-height-tab=\"40\" data-height-tab-portrait=\"\" data-height-mobile-landscape=\"\" style=\"clear:both;display:block;\"><\/div>[\/vc_column][\/vc_row][vc_row ct_row_stretch=&#8221;&#8221; h2=&#8221;&#8221; use_custom_fonts_h2=&#8221;&#8221; h2_font_container=&#8221;tag:h2|text_align:left&#8221; h2_use_theme_fonts=&#8221;&#8221; h2_google_fonts=&#8221;font_family:Abril%20Fatface%3Aregular|font_style:400%20regular%3A400%3Anormal&#8221; h2_css_animation=&#8221;&#8221; h4=&#8221;&#8221; use_custom_fonts_h4=&#8221;&#8221; h4_font_container=&#8221;tag:h4|text_align:left&#8221; h4_use_theme_fonts=&#8221;&#8221; h4_google_fonts=&#8221;font_family:Abril%20Fatface%3Aregular|font_style:400%20regular%3A400%3Anormal&#8221; h4_css_animation=&#8221;&#8221; txt_align=&#8221;left&#8221; shape=&#8221;rounded&#8221; style=&#8221;classic&#8221; color=&#8221;classic&#8221; el_width=&#8221;&#8221; add_button=&#8221;right&#8221; btn_title=&#8221;Cita Online&#8221; btn_style=&#8221;modern&#8221; btn_gradient_color_1=&#8221;turquoise&#8221; btn_gradient_color_2=&#8221;blue&#8221; btn_gradient_custom_color_1=&#8221;#dd3333&#8243; btn_gradient_custom_color_2=&#8221;#eeee22&#8243; btn_gradient_text_color=&#8221;#ffffff&#8221; btn_custom_background=&#8221;#ededed&#8221; btn_custom_text=&#8221;#666&#8243; btn_outline_custom_color=&#8221;#666&#8243; btn_outline_custom_hover_background=&#8221;#666&#8243; btn_outline_custom_hover_text=&#8221;#fff&#8221; btn_shape=&#8221;rounded&#8221; btn_color=&#8221;success&#8221; btn_size=&#8221;md&#8221; btn_align=&#8221;inline&#8221; btn_button_block=&#8221;&#8221; btn_add_icon=&#8221;&#8221; btn_i_align=&#8221;left&#8221; btn_i_type=&#8221;fontawesome&#8221; btn_i_icon_fontawesome=&#8221;fas fa-adjust&#8221; btn_i_icon_openiconic=&#8221;vc-oi vc-oi-dial&#8221; btn_i_icon_typicons=&#8221;typcn typcn-adjust-brightness&#8221; btn_i_icon_entypo=&#8221;entypo-icon entypo-icon-note&#8221; btn_i_icon_linecons=&#8221;vc_li vc_li-heart&#8221; btn_i_icon_monosocial=&#8221;vc-mono vc-mono-fivehundredpx&#8221; btn_i_icon_material=&#8221;vc-material vc-material-cake&#8221; btn_i_icon_pixelicons=&#8221;vc_pixel_icon vc_pixel_icon-alert&#8221; btn_css_animation=&#8221;&#8221; btn_custom_onclick=&#8221;&#8221; add_icon=&#8221;&#8221; i_on_border=&#8221;&#8221; i_type=&#8221;fontawesome&#8221; i_icon_fontawesome=&#8221;fas fa-adjust&#8221; i_icon_openiconic=&#8221;vc-oi vc-oi-dial&#8221; i_icon_typicons=&#8221;typcn typcn-adjust-brightness&#8221; i_icon_entypo=&#8221;entypo-icon entypo-icon-note&#8221; i_icon_linecons=&#8221;vc_li vc_li-heart&#8221; i_icon_monosocial=&#8221;vc-mono vc-mono-fivehundredpx&#8221; i_icon_material=&#8221;vc-material vc-material-cake&#8221; i_color=&#8221;blue&#8221; i_background_style=&#8221;&#8221; i_background_color=&#8221;grey&#8221; i_size=&#8221;md&#8221; i_css_animation=&#8221;&#8221; h2_link=&#8221;&#8221; h2_el_id=&#8221;&#8221; h2_el_class=&#8221;&#8221; h4_link=&#8221;&#8221; h4_el_id=&#8221;&#8221; h4_el_class=&#8221;&#8221; custom_background=&#8221;&#8221; custom_text=&#8221;&#8221; btn_link=&#8221;&#8221; btn_el_id=&#8221;&#8221; btn_el_class=&#8221;&#8221; btn_custom_onclick_code=&#8221;&#8221; i_custom_color=&#8221;&#8221; i_custom_background_color=&#8221;&#8221; i_link=&#8221;&#8221; i_el_id=&#8221;&#8221; i_el_class=&#8221;&#8221;][vc_column][vc_cta h2=&#8221;&#8221; add_button=&#8221;right&#8221; btn_title=&#8221;Cita Online&#8221; btn_color=&#8221;success&#8221; btn_link=&#8221;url:https%3A%2F%2Fwww.safmmarzo.com%2Fes%2Fcita-online%2F|title:Cita%20online&#8221;]El trato cercano con el cliente junto con la multitud de actividades, servicios e instalaciones y facilidad de horarios y desplazamientos de nuestro personal, convierte a Marzo Sa\u00fade en la mejor opci\u00f3n para el cuidado de tu cuerpo.[\/vc_cta][\/vc_column][\/vc_row]\n","protected":false},"excerpt":{"rendered":"<p>[vc_row ct_row_stretch=&#8221;&#8221;][vc_column][\/vc_column][\/vc_row][vc_row ct_row_stretch=&#8221;&#8221;][vc_column width=&#8221;1\/2&#8243;][vc_single_image image=&#8221;17824&#8243; img_size=&#8221;full&#8221;][\/vc_column][vc_column width=&#8221;1\/2&#8243;][\/vc_column][\/vc_row][vc_row ct_row_stretch=&#8221;&#8221;][vc_column][\/vc_column][\/vc_row][vc_row ct_row_stretch=&#8221;&#8221;][vc_column][\/vc_column][\/vc_row][vc_row ct_row_stretch=&#8221;&#8221;][vc_column width=&#8221;1\/2&#8243; offset=&#8221;vc_col-lg-4 vc_col-md-4&#8243;][vc_single_image image=&#8221;17826&#8243; img_size=&#8221;full&#8221;][\/vc_column][vc_column width=&#8221;1\/2&#8243; offset=&#8221;vc_col-lg-4 vc_col-md-4&#8243;][vc_single_image image=&#8221;17828&#8243; img_size=&#8221;full&#8221;][\/vc_column][vc_column width=&#8221;1\/2&#8243; offset=&#8221;vc_col-lg-4 vc_col-md-4&#8243;][vc_single_image image=&#8221;17830&#8243; img_size=&#8221;full&#8221;][\/vc_column][\/vc_row][vc_row ct_row_stretch=&#8221;&#8221;][vc_column][\/vc_column][\/vc_row][vc_row ct_row_stretch=&#8221;&#8221; h2=&#8221;&#8221; use_custom_fonts_h2=&#8221;&#8221; h2_font_container=&#8221;tag:h2|text_align:left&#8221; h2_use_theme_fonts=&#8221;&#8221; h2_google_fonts=&#8221;font_family:Abril%20Fatface%3Aregular|font_style:400%20regular%3A400%3Anormal&#8221; h2_css_animation=&#8221;&#8221; h4=&#8221;&#8221; use_custom_fonts_h4=&#8221;&#8221; h4_font_container=&#8221;tag:h4|text_align:left&#8221; h4_use_theme_fonts=&#8221;&#8221; h4_google_fonts=&#8221;font_family:Abril%20Fatface%3Aregular|font_style:400%20regular%3A400%3Anormal&#8221; h4_css_animation=&#8221;&#8221; txt_align=&#8221;left&#8221; shape=&#8221;rounded&#8221; style=&#8221;classic&#8221; color=&#8221;classic&#8221; el_width=&#8221;&#8221; add_button=&#8221;right&#8221; btn_title=&#8221;Cita Online&#8221; btn_style=&#8221;modern&#8221; btn_gradient_color_1=&#8221;turquoise&#8221; btn_gradient_color_2=&#8221;blue&#8221; btn_gradient_custom_color_1=&#8221;#dd3333&#8243; btn_gradient_custom_color_2=&#8221;#eeee22&#8243; btn_gradient_text_color=&#8221;#ffffff&#8221; btn_custom_background=&#8221;#ededed&#8221; btn_custom_text=&#8221;#666&#8243; &#8230;<\/p>\n","protected":false},"author":602,"featured_media":0,"parent":0,"menu_order":0,"comment_status":"closed","ping_status":"closed","template":"","meta":{"footnotes":""},"class_list":["post-17832","page","type-page","status-publish","hentry"],"yoast_head":"<!-- This site is optimized with the Yoast SEO plugin v27.1.1 - https:\/\/yoast.com\/product\/yoast-seo-wordpress\/ -->\n<title>Enfermer\u00eda - Marzo Saude<\/title>\n<meta name=\"robots\" content=\"index, follow, max-snippet:-1, max-image-preview:large, max-video-preview:-1\" \/>\n<link rel=\"canonical\" href=\"https:\/\/www.safmmarzo.com\/es\/enfermeria\/\" \/>\n<meta property=\"og:locale\" content=\"es_ES\" \/>\n<meta property=\"og:type\" content=\"article\" \/>\n<meta property=\"og:title\" content=\"Enfermer\u00eda - Marzo Saude\" \/>\n<meta property=\"og:description\" content=\"[vc_row ct_row_stretch=&#8221;&#8221;][vc_column][\/vc_column][\/vc_row][vc_row ct_row_stretch=&#8221;&#8221;][vc_column width=&#8221;1\/2&#8243;][vc_single_image image=&#8221;17824&#8243; img_size=&#8221;full&#8221;][\/vc_column][vc_column width=&#8221;1\/2&#8243;][\/vc_column][\/vc_row][vc_row ct_row_stretch=&#8221;&#8221;][vc_column][\/vc_column][\/vc_row][vc_row ct_row_stretch=&#8221;&#8221;][vc_column][\/vc_column][\/vc_row][vc_row ct_row_stretch=&#8221;&#8221;][vc_column width=&#8221;1\/2&#8243; offset=&#8221;vc_col-lg-4 vc_col-md-4&#8243;][vc_single_image image=&#8221;17826&#8243; img_size=&#8221;full&#8221;][\/vc_column][vc_column width=&#8221;1\/2&#8243; offset=&#8221;vc_col-lg-4 vc_col-md-4&#8243;][vc_single_image image=&#8221;17828&#8243; img_size=&#8221;full&#8221;][\/vc_column][vc_column width=&#8221;1\/2&#8243; offset=&#8221;vc_col-lg-4 vc_col-md-4&#8243;][vc_single_image image=&#8221;17830&#8243; img_size=&#8221;full&#8221;][\/vc_column][\/vc_row][vc_row ct_row_stretch=&#8221;&#8221;][vc_column][\/vc_column][\/vc_row][vc_row ct_row_stretch=&#8221;&#8221; h2=&#8221;&#8221; use_custom_fonts_h2=&#8221;&#8221; h2_font_container=&#8221;tag:h2|text_align:left&#8221; h2_use_theme_fonts=&#8221;&#8221; h2_google_fonts=&#8221;font_family:Abril%20Fatface%3Aregular|font_style:400%20regular%3A400%3Anormal&#8221; h2_css_animation=&#8221;&#8221; h4=&#8221;&#8221; use_custom_fonts_h4=&#8221;&#8221; h4_font_container=&#8221;tag:h4|text_align:left&#8221; h4_use_theme_fonts=&#8221;&#8221; h4_google_fonts=&#8221;font_family:Abril%20Fatface%3Aregular|font_style:400%20regular%3A400%3Anormal&#8221; h4_css_animation=&#8221;&#8221; txt_align=&#8221;left&#8221; shape=&#8221;rounded&#8221; style=&#8221;classic&#8221; color=&#8221;classic&#8221; el_width=&#8221;&#8221; add_button=&#8221;right&#8221; btn_title=&#8221;Cita Online&#8221; btn_style=&#8221;modern&#8221; btn_gradient_color_1=&#8221;turquoise&#8221; btn_gradient_color_2=&#8221;blue&#8221; btn_gradient_custom_color_1=&#8221;#dd3333&#8243; btn_gradient_custom_color_2=&#8221;#eeee22&#8243; btn_gradient_text_color=&#8221;#ffffff&#8221; btn_custom_background=&#8221;#ededed&#8221; btn_custom_text=&#8221;#666&#8243; ...\" \/>\n<meta property=\"og:url\" content=\"https:\/\/www.safmmarzo.com\/es\/enfermeria\/\" \/>\n<meta property=\"og:site_name\" content=\"Marzo Saude\" \/>\n<meta property=\"article:modified_time\" content=\"2023-05-24T07:09:04+00:00\" \/>\n<meta name=\"twitter:card\" content=\"summary_large_image\" \/>\n<meta name=\"twitter:label1\" content=\"Tiempo de lectura\" \/>\n\t<meta name=\"twitter:data1\" content=\"2 minutos\" \/>\n<script type=\"application\/ld+json\" class=\"yoast-schema-graph\">{\"@context\":\"https:\/\/schema.org\",\"@graph\":[{\"@type\":\"WebPage\",\"@id\":\"https:\/\/www.safmmarzo.com\/es\/enfermeria\/\",\"url\":\"https:\/\/www.safmmarzo.com\/es\/enfermeria\/\",\"name\":\"Enfermer\u00eda - Marzo Saude\",\"isPartOf\":{\"@id\":\"https:\/\/www.safmmarzo.com\/#website\"},\"datePublished\":\"2023-03-13T10:48:58+00:00\",\"dateModified\":\"2023-05-24T07:09:04+00:00\",\"inLanguage\":\"es\",\"potentialAction\":[{\"@type\":\"ReadAction\",\"target\":[\"https:\/\/www.safmmarzo.com\/es\/enfermeria\/\"]}]},{\"@type\":\"WebSite\",\"@id\":\"https:\/\/www.safmmarzo.com\/#website\",\"url\":\"https:\/\/www.safmmarzo.com\/\",\"name\":\"Marzo Saude\",\"description\":\"\",\"potentialAction\":[{\"@type\":\"SearchAction\",\"target\":{\"@type\":\"EntryPoint\",\"urlTemplate\":\"https:\/\/www.safmmarzo.com\/?s={search_term_string}\"},\"query-input\":{\"@type\":\"PropertyValueSpecification\",\"valueRequired\":true,\"valueName\":\"search_term_string\"}}],\"inLanguage\":\"es\"}]}<\/script>\n<!-- \/ Yoast SEO plugin. -->","yoast_head_json":{"title":"Enfermer\u00eda - Marzo Saude","robots":{"index":"index","follow":"follow","max-snippet":"max-snippet:-1","max-image-preview":"max-image-preview:large","max-video-preview":"max-video-preview:-1"},"canonical":"https:\/\/www.safmmarzo.com\/es\/enfermeria\/","og_locale":"es_ES","og_type":"article","og_title":"Enfermer\u00eda - Marzo Saude","og_description":"[vc_row ct_row_stretch=&#8221;&#8221;][vc_column][\/vc_column][\/vc_row][vc_row ct_row_stretch=&#8221;&#8221;][vc_column width=&#8221;1\/2&#8243;][vc_single_image image=&#8221;17824&#8243; img_size=&#8221;full&#8221;][\/vc_column][vc_column width=&#8221;1\/2&#8243;][\/vc_column][\/vc_row][vc_row ct_row_stretch=&#8221;&#8221;][vc_column][\/vc_column][\/vc_row][vc_row ct_row_stretch=&#8221;&#8221;][vc_column][\/vc_column][\/vc_row][vc_row ct_row_stretch=&#8221;&#8221;][vc_column width=&#8221;1\/2&#8243; offset=&#8221;vc_col-lg-4 vc_col-md-4&#8243;][vc_single_image image=&#8221;17826&#8243; img_size=&#8221;full&#8221;][\/vc_column][vc_column width=&#8221;1\/2&#8243; offset=&#8221;vc_col-lg-4 vc_col-md-4&#8243;][vc_single_image image=&#8221;17828&#8243; img_size=&#8221;full&#8221;][\/vc_column][vc_column width=&#8221;1\/2&#8243; offset=&#8221;vc_col-lg-4 vc_col-md-4&#8243;][vc_single_image image=&#8221;17830&#8243; img_size=&#8221;full&#8221;][\/vc_column][\/vc_row][vc_row ct_row_stretch=&#8221;&#8221;][vc_column][\/vc_column][\/vc_row][vc_row ct_row_stretch=&#8221;&#8221; h2=&#8221;&#8221; use_custom_fonts_h2=&#8221;&#8221; h2_font_container=&#8221;tag:h2|text_align:left&#8221; h2_use_theme_fonts=&#8221;&#8221; h2_google_fonts=&#8221;font_family:Abril%20Fatface%3Aregular|font_style:400%20regular%3A400%3Anormal&#8221; h2_css_animation=&#8221;&#8221; h4=&#8221;&#8221; use_custom_fonts_h4=&#8221;&#8221; h4_font_container=&#8221;tag:h4|text_align:left&#8221; h4_use_theme_fonts=&#8221;&#8221; h4_google_fonts=&#8221;font_family:Abril%20Fatface%3Aregular|font_style:400%20regular%3A400%3Anormal&#8221; h4_css_animation=&#8221;&#8221; txt_align=&#8221;left&#8221; shape=&#8221;rounded&#8221; style=&#8221;classic&#8221; color=&#8221;classic&#8221; el_width=&#8221;&#8221; add_button=&#8221;right&#8221; btn_title=&#8221;Cita Online&#8221; btn_style=&#8221;modern&#8221; btn_gradient_color_1=&#8221;turquoise&#8221; btn_gradient_color_2=&#8221;blue&#8221; btn_gradient_custom_color_1=&#8221;#dd3333&#8243; btn_gradient_custom_color_2=&#8221;#eeee22&#8243; btn_gradient_text_color=&#8221;#ffffff&#8221; btn_custom_background=&#8221;#ededed&#8221; btn_custom_text=&#8221;#666&#8243; ...","og_url":"https:\/\/www.safmmarzo.com\/es\/enfermeria\/","og_site_name":"Marzo Saude","article_modified_time":"2023-05-24T07:09:04+00:00","twitter_card":"summary_large_image","twitter_misc":{"Tiempo de lectura":"2 minutos"},"schema":{"@context":"https:\/\/schema.org","@graph":[{"@type":"WebPage","@id":"https:\/\/www.safmmarzo.com\/es\/enfermeria\/","url":"https:\/\/www.safmmarzo.com\/es\/enfermeria\/","name":"Enfermer\u00eda - Marzo Saude","isPartOf":{"@id":"https:\/\/www.safmmarzo.com\/#website"},"datePublished":"2023-03-13T10:48:58+00:00","dateModified":"2023-05-24T07:09:04+00:00","inLanguage":"es","potentialAction":[{"@type":"ReadAction","target":["https:\/\/www.safmmarzo.com\/es\/enfermeria\/"]}]},{"@type":"WebSite","@id":"https:\/\/www.safmmarzo.com\/#website","url":"https:\/\/www.safmmarzo.com\/","name":"Marzo Saude","description":"","potentialAction":[{"@type":"SearchAction","target":{"@type":"EntryPoint","urlTemplate":"https:\/\/www.safmmarzo.com\/?s={search_term_string}"},"query-input":{"@type":"PropertyValueSpecification","valueRequired":true,"valueName":"search_term_string"}}],"inLanguage":"es"}]}},"_links":{"self":[{"href":"https:\/\/www.safmmarzo.com\/es\/wp-json\/wp\/v2\/pages\/17832","targetHints":{"allow":["GET"]}}],"collection":[{"href":"https:\/\/www.safmmarzo.com\/es\/wp-json\/wp\/v2\/pages"}],"about":[{"href":"https:\/\/www.safmmarzo.com\/es\/wp-json\/wp\/v2\/types\/page"}],"author":[{"embeddable":true,"href":"https:\/\/www.safmmarzo.com\/es\/wp-json\/wp\/v2\/users\/602"}],"replies":[{"embeddable":true,"href":"https:\/\/www.safmmarzo.com\/es\/wp-json\/wp\/v2\/comments?post=17832"}],"version-history":[{"count":8,"href":"https:\/\/www.safmmarzo.com\/es\/wp-json\/wp\/v2\/pages\/17832\/revisions"}],"predecessor-version":[{"id":18667,"href":"https:\/\/www.safmmarzo.com\/es\/wp-json\/wp\/v2\/pages\/17832\/revisions\/18667"}],"wp:attachment":[{"href":"https:\/\/www.safmmarzo.com\/es\/wp-json\/wp\/v2\/media?parent=17832"}],"curies":[{"name":"wp","href":"https:\/\/api.w.org\/{rel}","templated":true}]}}