{"id":17894,"date":"2023-03-13T13:29:24","date_gmt":"2023-03-13T12:29:24","guid":{"rendered":"https:\/\/www.safmmarzo.com\/?page_id=17894"},"modified":"2023-05-24T09:09:03","modified_gmt":"2023-05-24T07:09:03","slug":"ciclo-virtual","status":"publish","type":"page","link":"https:\/\/www.safmmarzo.com\/es\/ciclo-virtual\/","title":{"rendered":"Ciclo virtual"},"content":{"rendered":"[vc_row ct_row_stretch=&#8221;&#8221;][vc_column]<div class=\"ult-spacer spacer-69deab702dede\" data-id=\"69deab702dede\" data-height=\"75\" data-height-mobile=\"75\" data-height-tab=\"75\" data-height-tab-portrait=\"\" data-height-mobile-landscape=\"\" style=\"clear:both;display:block;\"><\/div><div id=\"ultimate-heading-112969deab702df59\" class=\"uvc-heading ult-adjust-bottom-margin ultimate-heading-112969deab702df59 uvc-1788 \" data-hspacer=\"no_spacer\"  data-halign=\"center\" style=\"text-align:center\"><div class=\"uvc-heading-spacer no_spacer\" style=\"top\"><\/div><div class=\"uvc-main-heading ult-responsive\"  data-ultimate-target='.uvc-heading.ultimate-heading-112969deab702df59 h2'  data-responsive-json-new='{\"font-size\":\"\",\"line-height\":\"\"}' ><h2 style=\"font-weight:normal;\">BKOOL, realidade virtual inmersiva nos adestramentos de ciclismo indoor.<\/h2><\/div><\/div><div class=\"ult-spacer spacer-69deab702dfb0\" data-id=\"69deab702dfb0\" data-height=\"75\" data-height-mobile=\"75\" data-height-tab=\"75\" data-height-tab-portrait=\"\" data-height-mobile-landscape=\"\" style=\"clear:both;display:block;\"><\/div>[\/vc_column][\/vc_row][vc_row ct_row_stretch=&#8221;&#8221;][vc_column width=&#8221;1\/2&#8243;][vc_single_image image=&#8221;17891&#8243; img_size=&#8221;full&#8221;][\/vc_column][vc_column width=&#8221;1\/2&#8243;]<div id=\"ultimate-heading-288469deab702dffb\" class=\"uvc-heading ult-adjust-bottom-margin ultimate-heading-288469deab702dffb uvc-6092 justificar\" data-hspacer=\"no_spacer\"  data-halign=\"center\" style=\"text-align:center\"><div class=\"uvc-heading-spacer no_spacer\" style=\"top\"><\/div><div class=\"uvc-main-heading ult-responsive\"  data-ultimate-target='.uvc-heading.ultimate-heading-288469deab702dffb h2'  data-responsive-json-new='{\"font-size\":\"\",\"line-height\":\"\"}' ><h2 style=\"font-weight:normal;margin-bottom:10px;\">Real\u00edzase en grupos reducidos.<\/h2><\/div><div class=\"uvc-sub-heading ult-responsive\"  data-ultimate-target='.uvc-heading.ultimate-heading-288469deab702dffb .uvc-sub-heading '  data-responsive-json-new='{\"font-size\":\"\",\"line-height\":\"\"}'  style=\"font-weight:normal;\">Unha clase de Ciclo Virtual est\u00e1 dirixida por un adestrador virtual, que te motivar\u00e1 para\u00a0 esforzarte na sesi\u00f3n de ciclo. Os distintos graos de dificultade da bicicleta, converten estas clases virtuais de Ciclo nun reto para calquera nivel de adestramento. Activa a eliminaci\u00f3n de graxa, fortalece o sistema inmunitario e mellora o rendemento cardiovascular.<\/div><\/div><div class=\"ult-spacer spacer-69deab702e057\" data-id=\"69deab702e057\" data-height=\"10\" data-height-mobile=\"10\" data-height-tab=\"10\" data-height-tab-portrait=\"\" data-height-mobile-landscape=\"\" style=\"clear:both;display:block;\"><\/div>[vc_progress_bar values=&#8221;%5B%7B%22label%22%3A%22Intensidade%3A%2090%22%2C%22value%22%3A%2290%22%7D%2C%7B%22label%22%3A%22Duraci%C3%B3n%20(60%20minutos)%22%2C%22value%22%3A%2260%22%7D%5D&#8221;][\/vc_column][\/vc_row][vc_row ct_row_stretch=&#8221;&#8221;][vc_column]<div class=\"ult-spacer spacer-69deab702e09d\" data-id=\"69deab702e09d\" data-height=\"75\" data-height-mobile=\"75\" data-height-tab=\"75\" data-height-tab-portrait=\"\" data-height-mobile-landscape=\"\" style=\"clear:both;display:block;\"><\/div>[\/vc_column][\/vc_row][vc_row ct_row_stretch=&#8221;&#8221; h2=&#8221;&#8221; use_custom_fonts_h2=&#8221;&#8221; h2_font_container=&#8221;tag:h2|text_align:left&#8221; h2_use_theme_fonts=&#8221;&#8221; h2_google_fonts=&#8221;font_family:Abril%20Fatface%3Aregular|font_style:400%20regular%3A400%3Anormal&#8221; h2_css_animation=&#8221;&#8221; h4=&#8221;&#8221; use_custom_fonts_h4=&#8221;&#8221; h4_font_container=&#8221;tag:h4|text_align:left&#8221; h4_use_theme_fonts=&#8221;&#8221; h4_google_fonts=&#8221;font_family:Abril%20Fatface%3Aregular|font_style:400%20regular%3A400%3Anormal&#8221; h4_css_animation=&#8221;&#8221; txt_align=&#8221;left&#8221; shape=&#8221;rounded&#8221; style=&#8221;classic&#8221; color=&#8221;classic&#8221; el_width=&#8221;&#8221; add_button=&#8221;right&#8221; btn_title=&#8221;Cita Online&#8221; btn_style=&#8221;modern&#8221; btn_gradient_color_1=&#8221;turquoise&#8221; btn_gradient_color_2=&#8221;blue&#8221; btn_gradient_custom_color_1=&#8221;#dd3333&#8243; btn_gradient_custom_color_2=&#8221;#eeee22&#8243; btn_gradient_text_color=&#8221;#ffffff&#8221; btn_custom_background=&#8221;#ededed&#8221; btn_custom_text=&#8221;#666&#8243; btn_outline_custom_color=&#8221;#666&#8243; btn_outline_custom_hover_background=&#8221;#666&#8243; btn_outline_custom_hover_text=&#8221;#fff&#8221; btn_shape=&#8221;rounded&#8221; btn_color=&#8221;success&#8221; btn_size=&#8221;md&#8221; btn_align=&#8221;inline&#8221; btn_button_block=&#8221;&#8221; btn_add_icon=&#8221;&#8221; btn_i_align=&#8221;left&#8221; btn_i_type=&#8221;fontawesome&#8221; btn_i_icon_fontawesome=&#8221;fas fa-adjust&#8221; btn_i_icon_openiconic=&#8221;vc-oi vc-oi-dial&#8221; btn_i_icon_typicons=&#8221;typcn typcn-adjust-brightness&#8221; btn_i_icon_entypo=&#8221;entypo-icon entypo-icon-note&#8221; btn_i_icon_linecons=&#8221;vc_li vc_li-heart&#8221; btn_i_icon_monosocial=&#8221;vc-mono vc-mono-fivehundredpx&#8221; btn_i_icon_material=&#8221;vc-material vc-material-cake&#8221; btn_i_icon_pixelicons=&#8221;vc_pixel_icon vc_pixel_icon-alert&#8221; btn_css_animation=&#8221;&#8221; btn_custom_onclick=&#8221;&#8221; add_icon=&#8221;&#8221; i_on_border=&#8221;&#8221; i_type=&#8221;fontawesome&#8221; i_icon_fontawesome=&#8221;fas fa-adjust&#8221; i_icon_openiconic=&#8221;vc-oi vc-oi-dial&#8221; i_icon_typicons=&#8221;typcn typcn-adjust-brightness&#8221; i_icon_entypo=&#8221;entypo-icon entypo-icon-note&#8221; i_icon_linecons=&#8221;vc_li vc_li-heart&#8221; i_icon_monosocial=&#8221;vc-mono vc-mono-fivehundredpx&#8221; i_icon_material=&#8221;vc-material vc-material-cake&#8221; i_color=&#8221;blue&#8221; i_background_style=&#8221;&#8221; i_background_color=&#8221;grey&#8221; i_size=&#8221;md&#8221; i_css_animation=&#8221;&#8221; h2_link=&#8221;&#8221; h2_el_id=&#8221;&#8221; h2_el_class=&#8221;&#8221; h4_link=&#8221;&#8221; h4_el_id=&#8221;&#8221; h4_el_class=&#8221;&#8221; custom_background=&#8221;&#8221; custom_text=&#8221;&#8221; btn_link=&#8221;&#8221; btn_el_id=&#8221;&#8221; btn_el_class=&#8221;&#8221; btn_custom_onclick_code=&#8221;&#8221; i_custom_color=&#8221;&#8221; i_custom_background_color=&#8221;&#8221; i_link=&#8221;&#8221; i_el_id=&#8221;&#8221; i_el_class=&#8221;&#8221;][vc_column][vc_cta h2=&#8221;&#8221; add_button=&#8221;right&#8221; btn_title=&#8221;Contacto&#8221; btn_color=&#8221;success&#8221; btn_link=&#8221;url:https%3A%2F%2Fwww.safmmarzo.com%2Fes%2Fcontacto%2F|title:Contacto|&#8221;]O trato pr\u00f3ximo co cliente unido \u00e1 multitude de actividades e servizos e as facilidades de horario e desprazamento do noso equipo converten a Marzo Sa\u00fade na mellor opci\u00f3n para o teu coidado e o do teu corpo.[\/vc_cta][\/vc_column][\/vc_row]\n","protected":false},"excerpt":{"rendered":"<p>[vc_row ct_row_stretch=&#8221;&#8221;][vc_column][\/vc_column][\/vc_row][vc_row ct_row_stretch=&#8221;&#8221;][vc_column width=&#8221;1\/2&#8243;][vc_single_image image=&#8221;17891&#8243; img_size=&#8221;full&#8221;][\/vc_column][vc_column width=&#8221;1\/2&#8243;][vc_progress_bar values=&#8221;%5B%7B%22label%22%3A%22Intensidade%3A%2090%22%2C%22value%22%3A%2290%22%7D%2C%7B%22label%22%3A%22Duraci%C3%B3n%20(60%20minutos)%22%2C%22value%22%3A%2260%22%7D%5D&#8221;][\/vc_column][\/vc_row][vc_row ct_row_stretch=&#8221;&#8221;][vc_column][\/vc_column][\/vc_row][vc_row ct_row_stretch=&#8221;&#8221; h2=&#8221;&#8221; use_custom_fonts_h2=&#8221;&#8221; h2_font_container=&#8221;tag:h2|text_align:left&#8221; h2_use_theme_fonts=&#8221;&#8221; h2_google_fonts=&#8221;font_family:Abril%20Fatface%3Aregular|font_style:400%20regular%3A400%3Anormal&#8221; h2_css_animation=&#8221;&#8221; h4=&#8221;&#8221; use_custom_fonts_h4=&#8221;&#8221; h4_font_container=&#8221;tag:h4|text_align:left&#8221; h4_use_theme_fonts=&#8221;&#8221; h4_google_fonts=&#8221;font_family:Abril%20Fatface%3Aregular|font_style:400%20regular%3A400%3Anormal&#8221; h4_css_animation=&#8221;&#8221; txt_align=&#8221;left&#8221; shape=&#8221;rounded&#8221; style=&#8221;classic&#8221; color=&#8221;classic&#8221; el_width=&#8221;&#8221; add_button=&#8221;right&#8221; btn_title=&#8221;Cita Online&#8221; btn_style=&#8221;modern&#8221; btn_gradient_color_1=&#8221;turquoise&#8221; btn_gradient_color_2=&#8221;blue&#8221; btn_gradient_custom_color_1=&#8221;#dd3333&#8243; btn_gradient_custom_color_2=&#8221;#eeee22&#8243; btn_gradient_text_color=&#8221;#ffffff&#8221; btn_custom_background=&#8221;#ededed&#8221; btn_custom_text=&#8221;#666&#8243; btn_outline_custom_color=&#8221;#666&#8243; btn_outline_custom_hover_background=&#8221;#666&#8243; btn_outline_custom_hover_text=&#8221;#fff&#8221; btn_shape=&#8221;rounded&#8221; btn_color=&#8221;success&#8221; btn_size=&#8221;md&#8221; btn_align=&#8221;inline&#8221; btn_button_block=&#8221;&#8221; btn_add_icon=&#8221;&#8221; btn_i_align=&#8221;left&#8221; btn_i_type=&#8221;fontawesome&#8221; btn_i_icon_fontawesome=&#8221;fas fa-adjust&#8221; btn_i_icon_openiconic=&#8221;vc-oi vc-oi-dial&#8221; btn_i_icon_typicons=&#8221;typcn typcn-adjust-brightness&#8221; &#8230;<\/p>\n","protected":false},"author":602,"featured_media":0,"parent":0,"menu_order":0,"comment_status":"closed","ping_status":"closed","template":"","meta":{"footnotes":""},"class_list":["post-17894","page","type-page","status-publish","hentry"],"yoast_head":"<!-- This site is optimized with the Yoast SEO plugin v27.1.1 - https:\/\/yoast.com\/product\/yoast-seo-wordpress\/ -->\n<title>Ciclo virtual - Marzo Saude<\/title>\n<meta name=\"robots\" content=\"index, follow, max-snippet:-1, max-image-preview:large, max-video-preview:-1\" \/>\n<link rel=\"canonical\" href=\"https:\/\/www.safmmarzo.com\/es\/ciclo-virtual\/\" \/>\n<meta property=\"og:locale\" content=\"es_ES\" \/>\n<meta property=\"og:type\" content=\"article\" \/>\n<meta property=\"og:title\" content=\"Ciclo virtual - Marzo Saude\" \/>\n<meta property=\"og:description\" content=\"[vc_row ct_row_stretch=&#8221;&#8221;][vc_column][\/vc_column][\/vc_row][vc_row ct_row_stretch=&#8221;&#8221;][vc_column width=&#8221;1\/2&#8243;][vc_single_image image=&#8221;17891&#8243; img_size=&#8221;full&#8221;][\/vc_column][vc_column width=&#8221;1\/2&#8243;][vc_progress_bar values=&#8221;%5B%7B%22label%22%3A%22Intensidade%3A%2090%22%2C%22value%22%3A%2290%22%7D%2C%7B%22label%22%3A%22Duraci%C3%B3n%20(60%20minutos)%22%2C%22value%22%3A%2260%22%7D%5D&#8221;][\/vc_column][\/vc_row][vc_row ct_row_stretch=&#8221;&#8221;][vc_column][\/vc_column][\/vc_row][vc_row ct_row_stretch=&#8221;&#8221; h2=&#8221;&#8221; use_custom_fonts_h2=&#8221;&#8221; h2_font_container=&#8221;tag:h2|text_align:left&#8221; h2_use_theme_fonts=&#8221;&#8221; h2_google_fonts=&#8221;font_family:Abril%20Fatface%3Aregular|font_style:400%20regular%3A400%3Anormal&#8221; h2_css_animation=&#8221;&#8221; h4=&#8221;&#8221; use_custom_fonts_h4=&#8221;&#8221; h4_font_container=&#8221;tag:h4|text_align:left&#8221; h4_use_theme_fonts=&#8221;&#8221; h4_google_fonts=&#8221;font_family:Abril%20Fatface%3Aregular|font_style:400%20regular%3A400%3Anormal&#8221; h4_css_animation=&#8221;&#8221; txt_align=&#8221;left&#8221; shape=&#8221;rounded&#8221; style=&#8221;classic&#8221; color=&#8221;classic&#8221; el_width=&#8221;&#8221; add_button=&#8221;right&#8221; btn_title=&#8221;Cita Online&#8221; btn_style=&#8221;modern&#8221; btn_gradient_color_1=&#8221;turquoise&#8221; btn_gradient_color_2=&#8221;blue&#8221; btn_gradient_custom_color_1=&#8221;#dd3333&#8243; btn_gradient_custom_color_2=&#8221;#eeee22&#8243; btn_gradient_text_color=&#8221;#ffffff&#8221; btn_custom_background=&#8221;#ededed&#8221; btn_custom_text=&#8221;#666&#8243; btn_outline_custom_color=&#8221;#666&#8243; btn_outline_custom_hover_background=&#8221;#666&#8243; btn_outline_custom_hover_text=&#8221;#fff&#8221; btn_shape=&#8221;rounded&#8221; btn_color=&#8221;success&#8221; btn_size=&#8221;md&#8221; btn_align=&#8221;inline&#8221; btn_button_block=&#8221;&#8221; btn_add_icon=&#8221;&#8221; btn_i_align=&#8221;left&#8221; btn_i_type=&#8221;fontawesome&#8221; btn_i_icon_fontawesome=&#8221;fas fa-adjust&#8221; btn_i_icon_openiconic=&#8221;vc-oi vc-oi-dial&#8221; btn_i_icon_typicons=&#8221;typcn typcn-adjust-brightness&#8221; ...\" \/>\n<meta property=\"og:url\" content=\"https:\/\/www.safmmarzo.com\/es\/ciclo-virtual\/\" \/>\n<meta property=\"og:site_name\" content=\"Marzo Saude\" \/>\n<meta property=\"article:modified_time\" content=\"2023-05-24T07:09:03+00:00\" \/>\n<meta name=\"twitter:card\" content=\"summary_large_image\" \/>\n<meta name=\"twitter:label1\" content=\"Tiempo de lectura\" \/>\n\t<meta name=\"twitter:data1\" content=\"2 minutos\" \/>\n<script type=\"application\/ld+json\" class=\"yoast-schema-graph\">{\"@context\":\"https:\/\/schema.org\",\"@graph\":[{\"@type\":\"WebPage\",\"@id\":\"https:\/\/www.safmmarzo.com\/es\/ciclo-virtual\/\",\"url\":\"https:\/\/www.safmmarzo.com\/es\/ciclo-virtual\/\",\"name\":\"Ciclo virtual - Marzo Saude\",\"isPartOf\":{\"@id\":\"https:\/\/www.safmmarzo.com\/#website\"},\"datePublished\":\"2023-03-13T12:29:24+00:00\",\"dateModified\":\"2023-05-24T07:09:03+00:00\",\"inLanguage\":\"es\",\"potentialAction\":[{\"@type\":\"ReadAction\",\"target\":[\"https:\/\/www.safmmarzo.com\/es\/ciclo-virtual\/\"]}]},{\"@type\":\"WebSite\",\"@id\":\"https:\/\/www.safmmarzo.com\/#website\",\"url\":\"https:\/\/www.safmmarzo.com\/\",\"name\":\"Marzo Saude\",\"description\":\"\",\"potentialAction\":[{\"@type\":\"SearchAction\",\"target\":{\"@type\":\"EntryPoint\",\"urlTemplate\":\"https:\/\/www.safmmarzo.com\/?s={search_term_string}\"},\"query-input\":{\"@type\":\"PropertyValueSpecification\",\"valueRequired\":true,\"valueName\":\"search_term_string\"}}],\"inLanguage\":\"es\"}]}<\/script>\n<!-- \/ Yoast SEO plugin. -->","yoast_head_json":{"title":"Ciclo virtual - Marzo Saude","robots":{"index":"index","follow":"follow","max-snippet":"max-snippet:-1","max-image-preview":"max-image-preview:large","max-video-preview":"max-video-preview:-1"},"canonical":"https:\/\/www.safmmarzo.com\/es\/ciclo-virtual\/","og_locale":"es_ES","og_type":"article","og_title":"Ciclo virtual - Marzo Saude","og_description":"[vc_row ct_row_stretch=&#8221;&#8221;][vc_column][\/vc_column][\/vc_row][vc_row ct_row_stretch=&#8221;&#8221;][vc_column width=&#8221;1\/2&#8243;][vc_single_image image=&#8221;17891&#8243; img_size=&#8221;full&#8221;][\/vc_column][vc_column width=&#8221;1\/2&#8243;][vc_progress_bar values=&#8221;%5B%7B%22label%22%3A%22Intensidade%3A%2090%22%2C%22value%22%3A%2290%22%7D%2C%7B%22label%22%3A%22Duraci%C3%B3n%20(60%20minutos)%22%2C%22value%22%3A%2260%22%7D%5D&#8221;][\/vc_column][\/vc_row][vc_row ct_row_stretch=&#8221;&#8221;][vc_column][\/vc_column][\/vc_row][vc_row ct_row_stretch=&#8221;&#8221; h2=&#8221;&#8221; use_custom_fonts_h2=&#8221;&#8221; h2_font_container=&#8221;tag:h2|text_align:left&#8221; h2_use_theme_fonts=&#8221;&#8221; h2_google_fonts=&#8221;font_family:Abril%20Fatface%3Aregular|font_style:400%20regular%3A400%3Anormal&#8221; h2_css_animation=&#8221;&#8221; h4=&#8221;&#8221; use_custom_fonts_h4=&#8221;&#8221; h4_font_container=&#8221;tag:h4|text_align:left&#8221; h4_use_theme_fonts=&#8221;&#8221; h4_google_fonts=&#8221;font_family:Abril%20Fatface%3Aregular|font_style:400%20regular%3A400%3Anormal&#8221; h4_css_animation=&#8221;&#8221; txt_align=&#8221;left&#8221; shape=&#8221;rounded&#8221; style=&#8221;classic&#8221; color=&#8221;classic&#8221; el_width=&#8221;&#8221; add_button=&#8221;right&#8221; btn_title=&#8221;Cita Online&#8221; btn_style=&#8221;modern&#8221; btn_gradient_color_1=&#8221;turquoise&#8221; btn_gradient_color_2=&#8221;blue&#8221; btn_gradient_custom_color_1=&#8221;#dd3333&#8243; btn_gradient_custom_color_2=&#8221;#eeee22&#8243; btn_gradient_text_color=&#8221;#ffffff&#8221; btn_custom_background=&#8221;#ededed&#8221; btn_custom_text=&#8221;#666&#8243; btn_outline_custom_color=&#8221;#666&#8243; btn_outline_custom_hover_background=&#8221;#666&#8243; btn_outline_custom_hover_text=&#8221;#fff&#8221; btn_shape=&#8221;rounded&#8221; btn_color=&#8221;success&#8221; btn_size=&#8221;md&#8221; btn_align=&#8221;inline&#8221; btn_button_block=&#8221;&#8221; btn_add_icon=&#8221;&#8221; btn_i_align=&#8221;left&#8221; btn_i_type=&#8221;fontawesome&#8221; btn_i_icon_fontawesome=&#8221;fas fa-adjust&#8221; btn_i_icon_openiconic=&#8221;vc-oi vc-oi-dial&#8221; btn_i_icon_typicons=&#8221;typcn typcn-adjust-brightness&#8221; ...","og_url":"https:\/\/www.safmmarzo.com\/es\/ciclo-virtual\/","og_site_name":"Marzo Saude","article_modified_time":"2023-05-24T07:09:03+00:00","twitter_card":"summary_large_image","twitter_misc":{"Tiempo de lectura":"2 minutos"},"schema":{"@context":"https:\/\/schema.org","@graph":[{"@type":"WebPage","@id":"https:\/\/www.safmmarzo.com\/es\/ciclo-virtual\/","url":"https:\/\/www.safmmarzo.com\/es\/ciclo-virtual\/","name":"Ciclo virtual - Marzo Saude","isPartOf":{"@id":"https:\/\/www.safmmarzo.com\/#website"},"datePublished":"2023-03-13T12:29:24+00:00","dateModified":"2023-05-24T07:09:03+00:00","inLanguage":"es","potentialAction":[{"@type":"ReadAction","target":["https:\/\/www.safmmarzo.com\/es\/ciclo-virtual\/"]}]},{"@type":"WebSite","@id":"https:\/\/www.safmmarzo.com\/#website","url":"https:\/\/www.safmmarzo.com\/","name":"Marzo Saude","description":"","potentialAction":[{"@type":"SearchAction","target":{"@type":"EntryPoint","urlTemplate":"https:\/\/www.safmmarzo.com\/?s={search_term_string}"},"query-input":{"@type":"PropertyValueSpecification","valueRequired":true,"valueName":"search_term_string"}}],"inLanguage":"es"}]}},"_links":{"self":[{"href":"https:\/\/www.safmmarzo.com\/es\/wp-json\/wp\/v2\/pages\/17894","targetHints":{"allow":["GET"]}}],"collection":[{"href":"https:\/\/www.safmmarzo.com\/es\/wp-json\/wp\/v2\/pages"}],"about":[{"href":"https:\/\/www.safmmarzo.com\/es\/wp-json\/wp\/v2\/types\/page"}],"author":[{"embeddable":true,"href":"https:\/\/www.safmmarzo.com\/es\/wp-json\/wp\/v2\/users\/602"}],"replies":[{"embeddable":true,"href":"https:\/\/www.safmmarzo.com\/es\/wp-json\/wp\/v2\/comments?post=17894"}],"version-history":[{"count":12,"href":"https:\/\/www.safmmarzo.com\/es\/wp-json\/wp\/v2\/pages\/17894\/revisions"}],"predecessor-version":[{"id":18875,"href":"https:\/\/www.safmmarzo.com\/es\/wp-json\/wp\/v2\/pages\/17894\/revisions\/18875"}],"wp:attachment":[{"href":"https:\/\/www.safmmarzo.com\/es\/wp-json\/wp\/v2\/media?parent=17894"}],"curies":[{"name":"wp","href":"https:\/\/api.w.org\/{rel}","templated":true}]}}