{"id":17964,"date":"2022-12-22T08:12:18","date_gmt":"2022-12-22T07:12:18","guid":{"rendered":"https:\/\/www.safmmarzo.com\/?page_id=17964"},"modified":"2023-05-24T09:09:56","modified_gmt":"2023-05-24T07:09:56","slug":"servicios","status":"publish","type":"page","link":"https:\/\/www.safmmarzo.com\/es\/servicios\/","title":{"rendered":"Servicios"},"content":{"rendered":"[vc_row ct_row_stretch=&#8221;&#8221;][vc_column][vc_empty_space height=&#8221;75px&#8221;]<div id=\"ultimate-heading-805969fc5de4d2df0\" class=\"uvc-heading ult-adjust-bottom-margin ultimate-heading-805969fc5de4d2df0 uvc-5723 \" data-hspacer=\"no_spacer\"  data-halign=\"center\" style=\"text-align:center\"><div class=\"uvc-heading-spacer no_spacer\" style=\"top\"><\/div><div class=\"uvc-main-heading ult-responsive\"  data-ultimate-target='.uvc-heading.ultimate-heading-805969fc5de4d2df0 h2'  data-responsive-json-new='{\"font-size\":\"\",\"line-height\":\"\"}' ><h2 style=\"font-weight:normal;\">A Filosof\u00eda que move a Marzo Sa\u00fade \u00e9 a da cooperaci\u00f3n e a nekkira continua.<\/h2><\/div><div class=\"uvc-sub-heading ult-responsive\"  data-ultimate-target='.uvc-heading.ultimate-heading-805969fc5de4d2df0 .uvc-sub-heading '  data-responsive-json-new='{\"font-size\":\"\",\"line-height\":\"\"}'  style=\"font-weight:normal;\">Por elo, parte dos beneficios son destinados a un fin social que contrib\u00faa a crear unha sociedade m\u00e1is igualitaria.<\/div><\/div>[vc_empty_space height=&#8221;35px&#8221;][\/vc_column][\/vc_row][vc_row ct_row_stretch=&#8221;&#8221;][vc_column]<div id=\"ultimate-heading-258569fc5de4d2e6d\" class=\"uvc-heading ult-adjust-bottom-margin ultimate-heading-258569fc5de4d2e6d uvc-1766 \" data-hspacer=\"no_spacer\"  data-halign=\"center\" style=\"text-align:center\"><div class=\"uvc-heading-spacer no_spacer\" style=\"top\"><\/div><div class=\"uvc-main-heading ult-responsive\"  data-ultimate-target='.uvc-heading.ultimate-heading-258569fc5de4d2e6d h2'  data-responsive-json-new='{\"font-size\":\"\",\"line-height\":\"\"}' ><h2 style=\"font-weight:normal;\">Servizos Marzo Sa\u00fade<\/h2><\/div><div class=\"uvc-sub-heading ult-responsive\"  data-ultimate-target='.uvc-heading.ultimate-heading-258569fc5de4d2e6d .uvc-sub-heading '  data-responsive-json-new='{\"font-size\":\"\",\"line-height\":\"\"}'  style=\"font-weight:normal;\">Ven a visitarnos a Rosal\u00eda de Castro 49 \u00b7 Castroverde \u00b7Lugo<\/div><\/div>[vc_empty_space height=&#8221;35px&#8221;][\/vc_column][\/vc_row][vc_row ct_row_stretch=&#8221;&#8221; equal_height=&#8221;yes&#8221;][vc_column width=&#8221;1\/3&#8243;][vc_single_image image=&#8221;17951&#8243; img_size=&#8221;full&#8221;][vc_empty_space height=&#8221;10px&#8221;]<div id=\"ultimate-heading-692569fc5de4d2ebe\" class=\"uvc-heading ult-adjust-bottom-margin ultimate-heading-692569fc5de4d2ebe uvc-1547 justificar\" data-hspacer=\"no_spacer\"  data-halign=\"center\" style=\"text-align:center\"><div class=\"uvc-heading-spacer no_spacer\" style=\"top\"><\/div><div class=\"uvc-main-heading ult-responsive\"  data-ultimate-target='.uvc-heading.ultimate-heading-692569fc5de4d2ebe h2'  data-responsive-json-new='{\"font-size\":\"\",\"line-height\":\"\"}' ><h2 style=\"font-weight:normal;color:#686868;margin-bottom:15px;\">Fisioterapia<\/h2><\/div><div class=\"uvc-sub-heading ult-responsive\"  data-ultimate-target='.uvc-heading.ultimate-heading-692569fc5de4d2ebe .uvc-sub-heading '  data-responsive-json-new='{\"font-size\":\"\",\"line-height\":\"\"}'  style=\"font-weight:normal;\">En Marzo Sa\u00fade estamos especializados en calquera tipo de dor \u00f3sea ou muscular, na fisioterapia deportiva, a traumatol\u00f3xica e a ortop\u00e9dica, aquelas nas que centramos a nosa atenci\u00f3n e os nosos servizos diarios.<\/div><\/div><div class=\"ult-spacer spacer-69fc5de4d2f05\" data-id=\"69fc5de4d2f05\" data-height=\"20\" data-height-mobile=\"30\" data-height-tab=\"\" data-height-tab-portrait=\"\" data-height-mobile-landscape=\"\" style=\"clear:both;display:block;\"><\/div>[vc_btn title=&#8221;M\u00e1is info&#8221; style=&#8221;flat&#8221; shape=&#8221;square&#8221; color=&#8221;success&#8221; size=&#8221;sm&#8221; link=&#8221;url:https%3A%2F%2Fwww.safmmarzo.com%2Fes%2Ffisioterapia%2F|title:Fisioterapia|&#8221; el_class=&#8221;abajo&#8221;]<div class=\"ult-spacer spacer-69fc5de4d2f38\" data-id=\"69fc5de4d2f38\" data-height=\"50\" data-height-mobile=\"50\" data-height-tab=\"50\" data-height-tab-portrait=\"\" data-height-mobile-landscape=\"\" style=\"clear:both;display:block;\"><\/div>[\/vc_column][vc_column width=&#8221;1\/3&#8243;][vc_single_image image=&#8221;17953&#8243; img_size=&#8221;full&#8221;][vc_empty_space height=&#8221;10px&#8221;]<div id=\"ultimate-heading-967969fc5de4d2f6e\" class=\"uvc-heading ult-adjust-bottom-margin ultimate-heading-967969fc5de4d2f6e uvc-2116 justificar\" data-hspacer=\"no_spacer\"  data-halign=\"center\" style=\"text-align:center\"><div class=\"uvc-heading-spacer no_spacer\" style=\"top\"><\/div><div class=\"uvc-main-heading ult-responsive\"  data-ultimate-target='.uvc-heading.ultimate-heading-967969fc5de4d2f6e h2'  data-responsive-json-new='{\"font-size\":\"\",\"line-height\":\"\"}' ><h2 style=\"font-weight:normal;margin-bottom:15px;\">Ximnasio<\/h2><\/div><div class=\"uvc-sub-heading ult-responsive\"  data-ultimate-target='.uvc-heading.ultimate-heading-967969fc5de4d2f6e .uvc-sub-heading '  data-responsive-json-new='{\"font-size\":\"\",\"line-height\":\"\"}'  style=\"font-weight:normal;\">Tr\u00e1tase dun espazo especificamente dese\u00f1ado para axudarche a que te\u00f1as un estilo de vida san, de cara a conseguir os teus obxectivos.<\/div><\/div><div class=\"ult-spacer spacer-69fc5de4d2faa\" data-id=\"69fc5de4d2faa\" data-height=\"20\" data-height-mobile=\"30\" data-height-tab=\"\" data-height-tab-portrait=\"\" data-height-mobile-landscape=\"\" style=\"clear:both;display:block;\"><\/div>[vc_btn title=&#8221;M\u00e1is info&#8221; style=&#8221;flat&#8221; shape=&#8221;square&#8221; color=&#8221;success&#8221; size=&#8221;sm&#8221; link=&#8221;url:https%3A%2F%2Fwww.safmmarzo.com%2Fes%2Fgimnasio%2F|title:Fisioterapia|&#8221; el_class=&#8221;abajo&#8221;]<div class=\"ult-spacer spacer-69fc5de4d2fd5\" data-id=\"69fc5de4d2fd5\" data-height=\"50\" data-height-mobile=\"50\" data-height-tab=\"50\" data-height-tab-portrait=\"\" data-height-mobile-landscape=\"\" style=\"clear:both;display:block;\"><\/div>[\/vc_column][vc_column width=&#8221;1\/3&#8243;][vc_single_image image=&#8221;17955&#8243; img_size=&#8221;full&#8221;][vc_empty_space height=&#8221;10px&#8221;]<div id=\"ultimate-heading-384869fc5de4d3007\" class=\"uvc-heading ult-adjust-bottom-margin ultimate-heading-384869fc5de4d3007 uvc-1454 justificar\" data-hspacer=\"no_spacer\"  data-halign=\"center\" style=\"text-align:center\"><div class=\"uvc-heading-spacer no_spacer\" style=\"top\"><\/div><div class=\"uvc-main-heading ult-responsive\"  data-ultimate-target='.uvc-heading.ultimate-heading-384869fc5de4d3007 h2'  data-responsive-json-new='{\"font-size\":\"\",\"line-height\":\"\"}' ><h2 style=\"font-weight:normal;margin-bottom:15px;\">Podolox\u00eda<\/h2><\/div><div class=\"uvc-sub-heading ult-responsive\"  data-ultimate-target='.uvc-heading.ultimate-heading-384869fc5de4d3007 .uvc-sub-heading '  data-responsive-json-new='{\"font-size\":\"\",\"line-height\":\"\"}'  style=\"font-weight:normal;\">Amplo gabinete de podolox\u00eda destinado a tratar\u00a0 aquelas afecci\u00f3ns relacionadas co p\u00e9, Exploraci\u00f3n e diagn\u00f3stico,\u00a0 Quiropodolox\u00eda,\u00a0 Ortopodolox\u00eda<\/div><\/div><div class=\"ult-spacer spacer-69fc5de4d3042\" data-id=\"69fc5de4d3042\" data-height=\"20\" data-height-mobile=\"30\" data-height-tab=\"\" data-height-tab-portrait=\"\" data-height-mobile-landscape=\"\" style=\"clear:both;display:block;\"><\/div>[vc_btn title=&#8221;M\u00e1is info&#8221; style=&#8221;flat&#8221; shape=&#8221;square&#8221; color=&#8221;success&#8221; size=&#8221;sm&#8221; link=&#8221;url:https%3A%2F%2Fwww.safmmarzo.com%2Fes%2Fpodologia%2F|title:Fisioterapia|&#8221; el_class=&#8221;abajo&#8221;]<div class=\"ult-spacer spacer-69fc5de4d306a\" data-id=\"69fc5de4d306a\" data-height=\"50\" data-height-mobile=\"50\" data-height-tab=\"50\" data-height-tab-portrait=\"\" data-height-mobile-landscape=\"\" style=\"clear:both;display:block;\"><\/div>[\/vc_column][\/vc_row][vc_row ct_row_stretch=&#8221;&#8221;][vc_column][vc_empty_space height=&#8221;35px&#8221;][\/vc_column][\/vc_row][vc_row ct_row_stretch=&#8221;&#8221; equal_height=&#8221;yes&#8221;][vc_column width=&#8221;1\/3&#8243;][vc_single_image image=&#8221;17958&#8243; img_size=&#8221;full&#8221;][vc_empty_space height=&#8221;10px&#8221;]<div id=\"ultimate-heading-887469fc5de4d309a\" class=\"uvc-heading ult-adjust-bottom-margin ultimate-heading-887469fc5de4d309a uvc-6041 justificar\" data-hspacer=\"no_spacer\"  data-halign=\"center\" style=\"text-align:center\"><div class=\"uvc-heading-spacer no_spacer\" style=\"top\"><\/div><div class=\"uvc-main-heading ult-responsive\"  data-ultimate-target='.uvc-heading.ultimate-heading-887469fc5de4d309a h2'  data-responsive-json-new='{\"font-size\":\"\",\"line-height\":\"\"}' ><h2 style=\"font-weight:normal;margin-bottom:15px;\">Enfermer\u00eda<\/h2><\/div><div class=\"uvc-sub-heading ult-responsive\"  data-ultimate-target='.uvc-heading.ultimate-heading-887469fc5de4d309a .uvc-sub-heading '  data-responsive-json-new='{\"font-size\":\"\",\"line-height\":\"\"}'  style=\"font-weight:normal;\">En <strong>Marzo Sa\u00fade<\/strong> contamos con todo o equipamento b\u00e1sico necesario para detectar calquera tipo de anomal\u00eda que sufra o doente.<\/div><\/div><div class=\"ult-spacer spacer-69fc5de4d30d1\" data-id=\"69fc5de4d30d1\" data-height=\"20\" data-height-mobile=\"30\" data-height-tab=\"\" data-height-tab-portrait=\"\" data-height-mobile-landscape=\"\" style=\"clear:both;display:block;\"><\/div>[vc_btn title=&#8221;M\u00e1is info&#8221; style=&#8221;flat&#8221; shape=&#8221;square&#8221; color=&#8221;success&#8221; size=&#8221;sm&#8221; link=&#8221;url:https%3A%2F%2Fwww.safmmarzo.com%2Fes%2Fenfermeria%2F|title:Fisioterapia|&#8221; el_class=&#8221;abajo&#8221;]<div class=\"ult-spacer spacer-69fc5de4d30f8\" data-id=\"69fc5de4d30f8\" data-height=\"50\" data-height-mobile=\"50\" data-height-tab=\"50\" data-height-tab-portrait=\"\" data-height-mobile-landscape=\"\" style=\"clear:both;display:block;\"><\/div>[\/vc_column][vc_column width=&#8221;1\/3&#8243;][vc_single_image image=&#8221;17962&#8243; img_size=&#8221;full&#8221;][vc_empty_space height=&#8221;10px&#8221;]<div id=\"ultimate-heading-965269fc5de4d3129\" class=\"uvc-heading ult-adjust-bottom-margin ultimate-heading-965269fc5de4d3129 uvc-318 justificar\" data-hspacer=\"no_spacer\"  data-halign=\"center\" style=\"text-align:center\"><div class=\"uvc-heading-spacer no_spacer\" style=\"top\"><\/div><div class=\"uvc-main-heading ult-responsive\"  data-ultimate-target='.uvc-heading.ultimate-heading-965269fc5de4d3129 h2'  data-responsive-json-new='{\"font-size\":\"\",\"line-height\":\"\"}' ><h2 style=\"font-weight:normal;margin-bottom:15px;\">Cursos e Formaci\u00f3n<\/h2><\/div><div class=\"uvc-sub-heading ult-responsive\"  data-ultimate-target='.uvc-heading.ultimate-heading-965269fc5de4d3129 .uvc-sub-heading '  data-responsive-json-new='{\"font-size\":\"\",\"line-height\":\"\"}'  style=\"font-weight:normal;\">O equipo que forma <strong>Marzo Sa\u00fade<\/strong> organiza cursos con bonificaci\u00f3n pola fundaci\u00f3n tripartita con reco\u00f1ecemento para a baremaci\u00f3n na funci\u00f3n p\u00fablica.<\/div><\/div><div class=\"ult-spacer spacer-69fc5de4d315f\" data-id=\"69fc5de4d315f\" data-height=\"20\" data-height-mobile=\"30\" data-height-tab=\"\" data-height-tab-portrait=\"\" data-height-mobile-landscape=\"\" style=\"clear:both;display:block;\"><\/div>[vc_btn title=&#8221;M\u00e1is info&#8221; style=&#8221;flat&#8221; shape=&#8221;square&#8221; color=&#8221;success&#8221; size=&#8221;sm&#8221; link=&#8221;url:https%3A%2F%2Fwww.safmmarzo.com%2Fes%2Fcursos-y-formacion%2F|title:Fisioterapia|&#8221; el_class=&#8221;abajo&#8221;]<div class=\"ult-spacer spacer-69fc5de4d3185\" data-id=\"69fc5de4d3185\" data-height=\"50\" data-height-mobile=\"50\" data-height-tab=\"50\" data-height-tab-portrait=\"\" data-height-mobile-landscape=\"\" style=\"clear:both;display:block;\"><\/div>[\/vc_column][vc_column width=&#8221;1\/3&#8243;][\/vc_column][\/vc_row][vc_row ct_row_stretch=&#8221;&#8221;][vc_column][vc_empty_space height=&#8221;35px&#8221;][\/vc_column][\/vc_row]\n","protected":false},"excerpt":{"rendered":"<p>[vc_row ct_row_stretch=&#8221;&#8221;][vc_column][vc_empty_space height=&#8221;75px&#8221;][vc_empty_space height=&#8221;35px&#8221;][\/vc_column][\/vc_row][vc_row ct_row_stretch=&#8221;&#8221;][vc_column][vc_empty_space height=&#8221;35px&#8221;][\/vc_column][\/vc_row][vc_row ct_row_stretch=&#8221;&#8221; equal_height=&#8221;yes&#8221;][vc_column width=&#8221;1\/3&#8243;][vc_single_image image=&#8221;17951&#8243; img_size=&#8221;full&#8221;][vc_empty_space height=&#8221;10px&#8221;][vc_btn title=&#8221;M\u00e1is info&#8221; style=&#8221;flat&#8221; shape=&#8221;square&#8221; color=&#8221;success&#8221; size=&#8221;sm&#8221; link=&#8221;url:https%3A%2F%2Fwww.safmmarzo.com%2Fes%2Ffisioterapia%2F|title:Fisioterapia|&#8221; el_class=&#8221;abajo&#8221;][\/vc_column][vc_column width=&#8221;1\/3&#8243;][vc_single_image image=&#8221;17953&#8243; img_size=&#8221;full&#8221;][vc_empty_space height=&#8221;10px&#8221;][vc_btn title=&#8221;M\u00e1is info&#8221; style=&#8221;flat&#8221; shape=&#8221;square&#8221; color=&#8221;success&#8221; size=&#8221;sm&#8221; link=&#8221;url:https%3A%2F%2Fwww.safmmarzo.com%2Fes%2Fgimnasio%2F|title:Fisioterapia|&#8221; el_class=&#8221;abajo&#8221;][\/vc_column][vc_column width=&#8221;1\/3&#8243;][vc_single_image image=&#8221;17955&#8243; img_size=&#8221;full&#8221;][vc_empty_space height=&#8221;10px&#8221;][vc_btn title=&#8221;M\u00e1is info&#8221; style=&#8221;flat&#8221; shape=&#8221;square&#8221; color=&#8221;success&#8221; size=&#8221;sm&#8221; link=&#8221;url:https%3A%2F%2Fwww.safmmarzo.com%2Fes%2Fpodologia%2F|title:Fisioterapia|&#8221; el_class=&#8221;abajo&#8221;][\/vc_column][\/vc_row][vc_row ct_row_stretch=&#8221;&#8221;][vc_column][vc_empty_space height=&#8221;35px&#8221;][\/vc_column][\/vc_row][vc_row ct_row_stretch=&#8221;&#8221; equal_height=&#8221;yes&#8221;][vc_column width=&#8221;1\/3&#8243;][vc_single_image image=&#8221;17958&#8243; img_size=&#8221;full&#8221;][vc_empty_space height=&#8221;10px&#8221;][vc_btn title=&#8221;M\u00e1is info&#8221; style=&#8221;flat&#8221; &#8230;<\/p>\n","protected":false},"author":602,"featured_media":0,"parent":0,"menu_order":0,"comment_status":"closed","ping_status":"closed","template":"","meta":{"footnotes":""},"class_list":["post-17964","page","type-page","status-publish","hentry"],"yoast_head":"<!-- This site is optimized with the Yoast SEO plugin v27.1.1 - https:\/\/yoast.com\/product\/yoast-seo-wordpress\/ -->\n<title>Servicios - Marzo Saude<\/title>\n<meta name=\"robots\" content=\"index, follow, max-snippet:-1, max-image-preview:large, max-video-preview:-1\" \/>\n<link rel=\"canonical\" href=\"https:\/\/www.safmmarzo.com\/es\/servicios\/\" \/>\n<meta property=\"og:locale\" content=\"es_ES\" \/>\n<meta property=\"og:type\" content=\"article\" \/>\n<meta property=\"og:title\" content=\"Servicios - Marzo Saude\" \/>\n<meta property=\"og:description\" content=\"[vc_row ct_row_stretch=&#8221;&#8221;][vc_column][vc_empty_space height=&#8221;75px&#8221;][vc_empty_space height=&#8221;35px&#8221;][\/vc_column][\/vc_row][vc_row ct_row_stretch=&#8221;&#8221;][vc_column][vc_empty_space height=&#8221;35px&#8221;][\/vc_column][\/vc_row][vc_row ct_row_stretch=&#8221;&#8221; equal_height=&#8221;yes&#8221;][vc_column width=&#8221;1\/3&#8243;][vc_single_image image=&#8221;17951&#8243; img_size=&#8221;full&#8221;][vc_empty_space height=&#8221;10px&#8221;][vc_btn title=&#8221;M\u00e1is info&#8221; style=&#8221;flat&#8221; shape=&#8221;square&#8221; color=&#8221;success&#8221; size=&#8221;sm&#8221; link=&#8221;url:https%3A%2F%2Fwww.safmmarzo.com%2Fes%2Ffisioterapia%2F|title:Fisioterapia|&#8221; el_class=&#8221;abajo&#8221;][\/vc_column][vc_column width=&#8221;1\/3&#8243;][vc_single_image image=&#8221;17953&#8243; img_size=&#8221;full&#8221;][vc_empty_space height=&#8221;10px&#8221;][vc_btn title=&#8221;M\u00e1is info&#8221; style=&#8221;flat&#8221; shape=&#8221;square&#8221; color=&#8221;success&#8221; size=&#8221;sm&#8221; link=&#8221;url:https%3A%2F%2Fwww.safmmarzo.com%2Fes%2Fgimnasio%2F|title:Fisioterapia|&#8221; el_class=&#8221;abajo&#8221;][\/vc_column][vc_column width=&#8221;1\/3&#8243;][vc_single_image image=&#8221;17955&#8243; img_size=&#8221;full&#8221;][vc_empty_space height=&#8221;10px&#8221;][vc_btn title=&#8221;M\u00e1is info&#8221; style=&#8221;flat&#8221; shape=&#8221;square&#8221; color=&#8221;success&#8221; size=&#8221;sm&#8221; link=&#8221;url:https%3A%2F%2Fwww.safmmarzo.com%2Fes%2Fpodologia%2F|title:Fisioterapia|&#8221; el_class=&#8221;abajo&#8221;][\/vc_column][\/vc_row][vc_row ct_row_stretch=&#8221;&#8221;][vc_column][vc_empty_space height=&#8221;35px&#8221;][\/vc_column][\/vc_row][vc_row ct_row_stretch=&#8221;&#8221; equal_height=&#8221;yes&#8221;][vc_column width=&#8221;1\/3&#8243;][vc_single_image image=&#8221;17958&#8243; img_size=&#8221;full&#8221;][vc_empty_space height=&#8221;10px&#8221;][vc_btn title=&#8221;M\u00e1is info&#8221; style=&#8221;flat&#8221; ...\" \/>\n<meta property=\"og:url\" content=\"https:\/\/www.safmmarzo.com\/es\/servicios\/\" \/>\n<meta property=\"og:site_name\" content=\"Marzo Saude\" \/>\n<meta property=\"article:modified_time\" content=\"2023-05-24T07:09:56+00:00\" \/>\n<meta name=\"twitter:card\" content=\"summary_large_image\" \/>\n<meta name=\"twitter:label1\" content=\"Tiempo de lectura\" \/>\n\t<meta name=\"twitter:data1\" content=\"2 minutos\" \/>\n<script type=\"application\/ld+json\" class=\"yoast-schema-graph\">{\"@context\":\"https:\/\/schema.org\",\"@graph\":[{\"@type\":\"WebPage\",\"@id\":\"https:\/\/www.safmmarzo.com\/es\/servicios\/\",\"url\":\"https:\/\/www.safmmarzo.com\/es\/servicios\/\",\"name\":\"Servicios - Marzo Saude\",\"isPartOf\":{\"@id\":\"https:\/\/www.safmmarzo.com\/#website\"},\"datePublished\":\"2022-12-22T07:12:18+00:00\",\"dateModified\":\"2023-05-24T07:09:56+00:00\",\"inLanguage\":\"es\",\"potentialAction\":[{\"@type\":\"ReadAction\",\"target\":[\"https:\/\/www.safmmarzo.com\/es\/servicios\/\"]}]},{\"@type\":\"WebSite\",\"@id\":\"https:\/\/www.safmmarzo.com\/#website\",\"url\":\"https:\/\/www.safmmarzo.com\/\",\"name\":\"Marzo Saude\",\"description\":\"\",\"potentialAction\":[{\"@type\":\"SearchAction\",\"target\":{\"@type\":\"EntryPoint\",\"urlTemplate\":\"https:\/\/www.safmmarzo.com\/?s={search_term_string}\"},\"query-input\":{\"@type\":\"PropertyValueSpecification\",\"valueRequired\":true,\"valueName\":\"search_term_string\"}}],\"inLanguage\":\"es\"}]}<\/script>\n<!-- \/ Yoast SEO plugin. -->","yoast_head_json":{"title":"Servicios - Marzo Saude","robots":{"index":"index","follow":"follow","max-snippet":"max-snippet:-1","max-image-preview":"max-image-preview:large","max-video-preview":"max-video-preview:-1"},"canonical":"https:\/\/www.safmmarzo.com\/es\/servicios\/","og_locale":"es_ES","og_type":"article","og_title":"Servicios - Marzo Saude","og_description":"[vc_row ct_row_stretch=&#8221;&#8221;][vc_column][vc_empty_space height=&#8221;75px&#8221;][vc_empty_space height=&#8221;35px&#8221;][\/vc_column][\/vc_row][vc_row ct_row_stretch=&#8221;&#8221;][vc_column][vc_empty_space height=&#8221;35px&#8221;][\/vc_column][\/vc_row][vc_row ct_row_stretch=&#8221;&#8221; equal_height=&#8221;yes&#8221;][vc_column width=&#8221;1\/3&#8243;][vc_single_image image=&#8221;17951&#8243; img_size=&#8221;full&#8221;][vc_empty_space height=&#8221;10px&#8221;][vc_btn title=&#8221;M\u00e1is info&#8221; style=&#8221;flat&#8221; shape=&#8221;square&#8221; color=&#8221;success&#8221; size=&#8221;sm&#8221; link=&#8221;url:https%3A%2F%2Fwww.safmmarzo.com%2Fes%2Ffisioterapia%2F|title:Fisioterapia|&#8221; el_class=&#8221;abajo&#8221;][\/vc_column][vc_column width=&#8221;1\/3&#8243;][vc_single_image image=&#8221;17953&#8243; img_size=&#8221;full&#8221;][vc_empty_space height=&#8221;10px&#8221;][vc_btn title=&#8221;M\u00e1is info&#8221; style=&#8221;flat&#8221; shape=&#8221;square&#8221; color=&#8221;success&#8221; size=&#8221;sm&#8221; link=&#8221;url:https%3A%2F%2Fwww.safmmarzo.com%2Fes%2Fgimnasio%2F|title:Fisioterapia|&#8221; el_class=&#8221;abajo&#8221;][\/vc_column][vc_column width=&#8221;1\/3&#8243;][vc_single_image image=&#8221;17955&#8243; img_size=&#8221;full&#8221;][vc_empty_space height=&#8221;10px&#8221;][vc_btn title=&#8221;M\u00e1is info&#8221; style=&#8221;flat&#8221; shape=&#8221;square&#8221; color=&#8221;success&#8221; size=&#8221;sm&#8221; link=&#8221;url:https%3A%2F%2Fwww.safmmarzo.com%2Fes%2Fpodologia%2F|title:Fisioterapia|&#8221; el_class=&#8221;abajo&#8221;][\/vc_column][\/vc_row][vc_row ct_row_stretch=&#8221;&#8221;][vc_column][vc_empty_space height=&#8221;35px&#8221;][\/vc_column][\/vc_row][vc_row ct_row_stretch=&#8221;&#8221; equal_height=&#8221;yes&#8221;][vc_column width=&#8221;1\/3&#8243;][vc_single_image image=&#8221;17958&#8243; img_size=&#8221;full&#8221;][vc_empty_space height=&#8221;10px&#8221;][vc_btn title=&#8221;M\u00e1is info&#8221; style=&#8221;flat&#8221; ...","og_url":"https:\/\/www.safmmarzo.com\/es\/servicios\/","og_site_name":"Marzo Saude","article_modified_time":"2023-05-24T07:09:56+00:00","twitter_card":"summary_large_image","twitter_misc":{"Tiempo de lectura":"2 minutos"},"schema":{"@context":"https:\/\/schema.org","@graph":[{"@type":"WebPage","@id":"https:\/\/www.safmmarzo.com\/es\/servicios\/","url":"https:\/\/www.safmmarzo.com\/es\/servicios\/","name":"Servicios - Marzo Saude","isPartOf":{"@id":"https:\/\/www.safmmarzo.com\/#website"},"datePublished":"2022-12-22T07:12:18+00:00","dateModified":"2023-05-24T07:09:56+00:00","inLanguage":"es","potentialAction":[{"@type":"ReadAction","target":["https:\/\/www.safmmarzo.com\/es\/servicios\/"]}]},{"@type":"WebSite","@id":"https:\/\/www.safmmarzo.com\/#website","url":"https:\/\/www.safmmarzo.com\/","name":"Marzo Saude","description":"","potentialAction":[{"@type":"SearchAction","target":{"@type":"EntryPoint","urlTemplate":"https:\/\/www.safmmarzo.com\/?s={search_term_string}"},"query-input":{"@type":"PropertyValueSpecification","valueRequired":true,"valueName":"search_term_string"}}],"inLanguage":"es"}]}},"_links":{"self":[{"href":"https:\/\/www.safmmarzo.com\/es\/wp-json\/wp\/v2\/pages\/17964","targetHints":{"allow":["GET"]}}],"collection":[{"href":"https:\/\/www.safmmarzo.com\/es\/wp-json\/wp\/v2\/pages"}],"about":[{"href":"https:\/\/www.safmmarzo.com\/es\/wp-json\/wp\/v2\/types\/page"}],"author":[{"embeddable":true,"href":"https:\/\/www.safmmarzo.com\/es\/wp-json\/wp\/v2\/users\/602"}],"replies":[{"embeddable":true,"href":"https:\/\/www.safmmarzo.com\/es\/wp-json\/wp\/v2\/comments?post=17964"}],"version-history":[{"count":23,"href":"https:\/\/www.safmmarzo.com\/es\/wp-json\/wp\/v2\/pages\/17964\/revisions"}],"predecessor-version":[{"id":18883,"href":"https:\/\/www.safmmarzo.com\/es\/wp-json\/wp\/v2\/pages\/17964\/revisions\/18883"}],"wp:attachment":[{"href":"https:\/\/www.safmmarzo.com\/es\/wp-json\/wp\/v2\/media?parent=17964"}],"curies":[{"name":"wp","href":"https:\/\/api.w.org\/{rel}","templated":true}]}}