{"id":18415,"date":"2023-04-20T14:53:16","date_gmt":"2023-04-20T12:53:16","guid":{"rendered":"https:\/\/www.safmmarzo.com\/?page_id=18415"},"modified":"2023-05-24T09:09:53","modified_gmt":"2023-05-24T07:09:53","slug":"tarifas","status":"publish","type":"page","link":"https:\/\/www.safmmarzo.com\/es\/tarifas\/","title":{"rendered":"Tarifas"},"content":{"rendered":"[vc_row ct_row_stretch=&#8221;&#8221;][vc_column]<div class=\"ult-spacer spacer-69e1a2f1e5ae4\" data-id=\"69e1a2f1e5ae4\" data-height=\"75\" data-height-mobile=\"75\" data-height-tab=\"75\" data-height-tab-portrait=\"\" data-height-mobile-landscape=\"\" style=\"clear:both;display:block;\"><\/div><div class=\"woocommerce columns-4 \"><ul class=\"products columns-4\">\n<li class=\"product type-product post-11753 status-publish first instock product_cat-tarifas product_tag-fisioterapia product_tag-tarifas has-post-thumbnail featured virtual purchasable product-type-simple\">\n\t<div class=\"product-inner style-basic\"><a href=\"https:\/\/www.safmmarzo.com\/es\/producto\/1a-consulta-fisioterapia\/\" class=\"woocommerce-LoopProduct-link\"><img data-src=\"https:\/\/www.safmmarzo.com\/wp-content\/uploads\/2016\/06\/fisio.jpg\"class=\"attachment-shop_catalog size-shop_catalog wp-post-image lazyload\" alt=\"1\u00aa Consulta Fisioterapia\" width=\"600\" height=\"600\"><\/a><div class=\"product-info\"><h3><a href=\"https:\/\/www.safmmarzo.com\/es\/producto\/1a-consulta-fisioterapia\/\" class=\"woocommerce-LoopProduct-link\">1\u00aa Consulta Fisioterapia<\/a><\/h3>\n\t<span class=\"price\"><span class=\"woocommerce-Price-amount amount\"><bdi>70,00&nbsp;<span class=\"woocommerce-Price-currencySymbol\">&euro;<\/span><\/bdi><\/span><\/span>\n<\/div><a href=\"?add-to-cart=11753\" data-quantity=\"1\" class=\"button product_type_simple add_to_cart_button ajax_add_to_cart\" data-product_id=\"11753\" data-product_sku=\"1000\" aria-label=\"A\u00f1adir al carrito: &ldquo;1\u00aa Consulta Fisioterapia&rdquo;\" aria-describedby=\"\" rel=\"nofollow\">A\u00f1adir al carrito<\/a><\/div><\/li>\n<li class=\"product type-product post-11755 status-publish instock product_cat-tarifas product_tag-fisioterapia product_tag-tarifas has-post-thumbnail featured virtual purchasable product-type-simple\">\n\t<div class=\"product-inner style-basic\"><a href=\"https:\/\/www.safmmarzo.com\/es\/producto\/2a-consulta-fisioterapia-y-posteriores\/\" class=\"woocommerce-LoopProduct-link\"><img data-src=\"https:\/\/www.safmmarzo.com\/wp-content\/uploads\/2016\/06\/fisio2.jpg\"class=\"attachment-shop_catalog size-shop_catalog wp-post-image lazyload\" alt=\"Consulta Fisioterapia y posteriores\" width=\"600\" height=\"600\"><\/a><div class=\"product-info\"><h3><a href=\"https:\/\/www.safmmarzo.com\/es\/producto\/2a-consulta-fisioterapia-y-posteriores\/\" class=\"woocommerce-LoopProduct-link\">Consulta Fisioterapia y posteriores<\/a><\/h3>\n\t<span class=\"price\"><span class=\"woocommerce-Price-amount amount\"><bdi>40,00&nbsp;<span class=\"woocommerce-Price-currencySymbol\">&euro;<\/span><\/bdi><\/span><\/span>\n<\/div><a href=\"?add-to-cart=11755\" data-quantity=\"1\" class=\"button product_type_simple add_to_cart_button ajax_add_to_cart\" data-product_id=\"11755\" data-product_sku=\"1001\" aria-label=\"A\u00f1adir al carrito: &ldquo;Consulta Fisioterapia y posteriores&rdquo;\" aria-describedby=\"\" rel=\"nofollow\">A\u00f1adir al carrito<\/a><\/div><\/li>\n<li class=\"product type-product post-12258 status-publish instock product_cat-tarifas product_tag-fisioterapia product_tag-tarifas has-post-thumbnail featured virtual purchasable product-type-simple\">\n\t<div class=\"product-inner style-basic\"><a href=\"https:\/\/www.safmmarzo.com\/es\/producto\/cita-online\/\" class=\"woocommerce-LoopProduct-link\"><img data-src=\"https:\/\/www.safmmarzo.com\/wp-content\/uploads\/2016\/08\/marzo.jpg\"class=\"attachment-shop_catalog size-shop_catalog wp-post-image lazyload\" alt=\"Cita Online Marzo Sa\u00fade\" width=\"600\" height=\"600\"><\/a><div class=\"product-info\"><h3><a href=\"https:\/\/www.safmmarzo.com\/es\/producto\/cita-online\/\" class=\"woocommerce-LoopProduct-link\">Cita Online Marzo Sa\u00fade<\/a><\/h3>\n\t<span class=\"price\"><span class=\"woocommerce-Price-amount amount\"><bdi>45,00&nbsp;<span class=\"woocommerce-Price-currencySymbol\">&euro;<\/span><\/bdi><\/span><\/span>\n<\/div><a href=\"?add-to-cart=12258\" data-quantity=\"1\" class=\"button product_type_simple add_to_cart_button ajax_add_to_cart\" data-product_id=\"12258\" data-product_sku=\"1002\" aria-label=\"A\u00f1adir al carrito: &ldquo;Cita Online Marzo Sa\u00fade&rdquo;\" aria-describedby=\"\" rel=\"nofollow\">A\u00f1adir al carrito<\/a><\/div><\/li>\n<li class=\"product type-product post-11757 status-publish last instock product_cat-podoloxia product_cat-tarifas product_tag-podoloxia product_tag-tarifas has-post-thumbnail featured virtual purchasable product-type-simple\">\n\t<div class=\"product-inner style-basic\"><a href=\"https:\/\/www.safmmarzo.com\/es\/producto\/consulta-podologia\/\" class=\"woocommerce-LoopProduct-link\"><img data-src=\"https:\/\/www.safmmarzo.com\/wp-content\/uploads\/2016\/06\/podologia.jpg\"class=\"attachment-shop_catalog size-shop_catalog wp-post-image lazyload\" alt=\"Consulta Podolog\u00eda\" width=\"600\" height=\"600\"><\/a><div class=\"product-info\"><h3><a href=\"https:\/\/www.safmmarzo.com\/es\/producto\/consulta-podologia\/\" class=\"woocommerce-LoopProduct-link\">Consulta Podolog\u00eda<\/a><\/h3>\n\t<span class=\"price\"><span class=\"woocommerce-Price-amount amount\"><bdi>25,00&nbsp;<span class=\"woocommerce-Price-currencySymbol\">&euro;<\/span><\/bdi><\/span><\/span>\n<\/div><a href=\"?add-to-cart=11757\" data-quantity=\"1\" class=\"button product_type_simple add_to_cart_button ajax_add_to_cart\" data-product_id=\"11757\" data-product_sku=\"1003\" aria-label=\"A\u00f1adir al carrito: &ldquo;Consulta Podolog\u00eda&rdquo;\" aria-describedby=\"\" rel=\"nofollow\">A\u00f1adir al carrito<\/a><\/div><\/li>\n<li class=\"product type-product post-11760 status-publish first instock product_cat-ecografia product_cat-tarifas product_tag-onda-de-choque product_tag-tarifas has-post-thumbnail featured virtual purchasable product-type-simple\">\n\t<div class=\"product-inner style-basic\"><a href=\"https:\/\/www.safmmarzo.com\/es\/producto\/ecografia\/\" class=\"woocommerce-LoopProduct-link\"><img data-src=\"https:\/\/www.safmmarzo.com\/wp-content\/uploads\/2016\/06\/ecografia.jpg\"class=\"attachment-shop_catalog size-shop_catalog wp-post-image lazyload\" alt=\"Ecograf\u00eda\" width=\"600\" height=\"600\"><\/a><div class=\"product-info\"><h3><a href=\"https:\/\/www.safmmarzo.com\/es\/producto\/ecografia\/\" class=\"woocommerce-LoopProduct-link\">Ecograf\u00eda<\/a><\/h3>\n\t<span class=\"price\"><span class=\"woocommerce-Price-amount amount\"><bdi>25,00&nbsp;<span class=\"woocommerce-Price-currencySymbol\">&euro;<\/span><\/bdi><\/span><\/span>\n<\/div><a href=\"?add-to-cart=11760\" data-quantity=\"1\" class=\"button product_type_simple add_to_cart_button ajax_add_to_cart\" data-product_id=\"11760\" data-product_sku=\"1005\" aria-label=\"A\u00f1adir al carrito: &ldquo;Ecograf\u00eda&rdquo;\" aria-describedby=\"\" rel=\"nofollow\">A\u00f1adir al carrito<\/a><\/div><\/li>\n<li class=\"product type-product post-11763 status-publish instock product_cat-tarifas product_cat-ximnasio product_tag-gimnasio product_tag-tarifas has-post-thumbnail featured virtual purchasable product-type-simple\">\n\t<div class=\"product-inner style-basic\"><a href=\"https:\/\/www.safmmarzo.com\/es\/producto\/gimnasio-completo\/\" class=\"woocommerce-LoopProduct-link\"><img data-src=\"https:\/\/www.safmmarzo.com\/wp-content\/uploads\/2016\/06\/gimnasio.jpg\"class=\"attachment-shop_catalog size-shop_catalog wp-post-image lazyload\" alt=\"Gimnasio d\u00eda completo\" width=\"600\" height=\"600\"><\/a><div class=\"product-info\"><h3><a href=\"https:\/\/www.safmmarzo.com\/es\/producto\/gimnasio-completo\/\" class=\"woocommerce-LoopProduct-link\">Gimnasio d\u00eda completo<\/a><\/h3>\n\t<span class=\"price\"><span class=\"woocommerce-Price-amount amount\"><bdi>36,00&nbsp;<span class=\"woocommerce-Price-currencySymbol\">&euro;<\/span><\/bdi><\/span><\/span>\n<\/div><a href=\"?add-to-cart=11763\" data-quantity=\"1\" class=\"button product_type_simple add_to_cart_button ajax_add_to_cart\" data-product_id=\"11763\" data-product_sku=\"1006\" aria-label=\"A\u00f1adir al carrito: &ldquo;Gimnasio d\u00eda completo&rdquo;\" aria-describedby=\"\" rel=\"nofollow\">A\u00f1adir al carrito<\/a><\/div><\/li>\n<li class=\"product type-product post-11762 status-publish instock product_cat-tarifas product_cat-ximnasio product_tag-gimnasio product_tag-tarifas has-post-thumbnail featured virtual purchasable product-type-simple\">\n\t<div class=\"product-inner style-basic\"><a href=\"https:\/\/www.safmmarzo.com\/es\/producto\/solo-mananas\/\" class=\"woocommerce-LoopProduct-link\"><img data-src=\"https:\/\/www.safmmarzo.com\/wp-content\/uploads\/2016\/06\/mananas.jpg\"class=\"attachment-shop_catalog size-shop_catalog wp-post-image lazyload\" alt=\"Gimnasio s\u00f3lo ma\u00f1anas\" width=\"600\" height=\"600\"><\/a><div class=\"product-info\"><h3><a href=\"https:\/\/www.safmmarzo.com\/es\/producto\/solo-mananas\/\" class=\"woocommerce-LoopProduct-link\">Gimnasio s\u00f3lo ma\u00f1anas<\/a><\/h3>\n\t<span class=\"price\"><span class=\"woocommerce-Price-amount amount\"><bdi>27,00&nbsp;<span class=\"woocommerce-Price-currencySymbol\">&euro;<\/span><\/bdi><\/span><\/span>\n<\/div><a href=\"?add-to-cart=11762\" data-quantity=\"1\" class=\"button product_type_simple add_to_cart_button ajax_add_to_cart\" data-product_id=\"11762\" data-product_sku=\"1007\" aria-label=\"A\u00f1adir al carrito: &ldquo;Gimnasio s\u00f3lo ma\u00f1anas&rdquo;\" aria-describedby=\"\" rel=\"nofollow\">A\u00f1adir al carrito<\/a><\/div><\/li>\n<li class=\"product type-product post-11759 status-publish last instock product_cat-onda-de-choque product_cat-tarifas product_tag-onda-de-choque product_tag-tarifas has-post-thumbnail featured virtual purchasable product-type-simple\">\n\t<div class=\"product-inner style-basic\"><a href=\"https:\/\/www.safmmarzo.com\/es\/producto\/onda-choque\/\" class=\"woocommerce-LoopProduct-link\"><img data-src=\"https:\/\/www.safmmarzo.com\/wp-content\/uploads\/2016\/06\/onda-de-choque.jpg\"class=\"attachment-shop_catalog size-shop_catalog wp-post-image lazyload\" alt=\"Onda de Choque\" width=\"600\" height=\"600\"><\/a><div class=\"product-info\"><h3><a href=\"https:\/\/www.safmmarzo.com\/es\/producto\/onda-choque\/\" class=\"woocommerce-LoopProduct-link\">Onda de Choque<\/a><\/h3>\n\t<span class=\"price\"><span class=\"woocommerce-Price-amount amount\"><bdi>45,00&nbsp;<span class=\"woocommerce-Price-currencySymbol\">&euro;<\/span><\/bdi><\/span><\/span>\n<\/div><a href=\"?add-to-cart=11759\" data-quantity=\"1\" class=\"button product_type_simple add_to_cart_button ajax_add_to_cart\" data-product_id=\"11759\" data-product_sku=\"1008\" aria-label=\"A\u00f1adir al carrito: &ldquo;Onda de Choque&rdquo;\" aria-describedby=\"\" rel=\"nofollow\">A\u00f1adir al carrito<\/a><\/div><\/li>\n<li class=\"product type-product post-11758 status-publish first instock product_cat-tarifas product_cat-tecarterapia product_tag-podoloxia product_tag-tarifas has-post-thumbnail featured virtual purchasable product-type-simple\">\n\t<div class=\"product-inner style-basic\"><a href=\"https:\/\/www.safmmarzo.com\/es\/producto\/teacarterapia\/\" class=\"woocommerce-LoopProduct-link\"><img data-src=\"https:\/\/www.safmmarzo.com\/wp-content\/uploads\/2016\/06\/tecarterapia.jpg\"class=\"attachment-shop_catalog size-shop_catalog wp-post-image lazyload\" alt=\"Sesi\u00f3n de Tecarterapia\" width=\"600\" height=\"600\"><\/a><div class=\"product-info\"><h3><a href=\"https:\/\/www.safmmarzo.com\/es\/producto\/teacarterapia\/\" class=\"woocommerce-LoopProduct-link\">Sesi\u00f3n de Tecarterapia<\/a><\/h3>\n\t<span class=\"price\"><span class=\"woocommerce-Price-amount amount\"><bdi>45,00&nbsp;<span class=\"woocommerce-Price-currencySymbol\">&euro;<\/span><\/bdi><\/span><\/span>\n<\/div><a href=\"?add-to-cart=11758\" data-quantity=\"1\" class=\"button product_type_simple add_to_cart_button ajax_add_to_cart\" data-product_id=\"11758\" data-product_sku=\"1009\" aria-label=\"A\u00f1adir al carrito: &ldquo;Sesi\u00f3n de Tecarterapia&rdquo;\" aria-describedby=\"\" rel=\"nofollow\">A\u00f1adir al carrito<\/a><\/div><\/li>\n<\/ul>\n<\/div>[\/vc_column][\/vc_row]\n","protected":false},"excerpt":{"rendered":"<p>[vc_row ct_row_stretch=&#8221;&#8221;][vc_column][\/vc_column][\/vc_row]<\/p>\n","protected":false},"author":602,"featured_media":0,"parent":0,"menu_order":0,"comment_status":"closed","ping_status":"closed","template":"","meta":{"footnotes":""},"class_list":["post-18415","page","type-page","status-publish","hentry"],"yoast_head":"<!-- This site is optimized with the Yoast SEO plugin v27.1.1 - https:\/\/yoast.com\/product\/yoast-seo-wordpress\/ -->\n<title>Tarifas - Marzo Saude<\/title>\n<meta name=\"robots\" content=\"index, follow, max-snippet:-1, max-image-preview:large, max-video-preview:-1\" \/>\n<link rel=\"canonical\" href=\"https:\/\/www.safmmarzo.com\/es\/tarifas\/\" \/>\n<meta property=\"og:locale\" content=\"es_ES\" \/>\n<meta property=\"og:type\" content=\"article\" \/>\n<meta property=\"og:title\" content=\"Tarifas - Marzo Saude\" \/>\n<meta property=\"og:description\" content=\"[vc_row ct_row_stretch=&#8221;&#8221;][vc_column][\/vc_column][\/vc_row]\" \/>\n<meta property=\"og:url\" content=\"https:\/\/www.safmmarzo.com\/es\/tarifas\/\" \/>\n<meta property=\"og:site_name\" content=\"Marzo Saude\" \/>\n<meta property=\"article:modified_time\" content=\"2023-05-24T07:09:53+00:00\" \/>\n<meta name=\"twitter:card\" content=\"summary_large_image\" \/>\n<meta name=\"twitter:label1\" content=\"Tiempo de lectura\" \/>\n\t<meta name=\"twitter:data1\" content=\"1 minuto\" \/>\n<script type=\"application\/ld+json\" class=\"yoast-schema-graph\">{\"@context\":\"https:\/\/schema.org\",\"@graph\":[{\"@type\":\"WebPage\",\"@id\":\"https:\/\/www.safmmarzo.com\/es\/tarifas\/\",\"url\":\"https:\/\/www.safmmarzo.com\/es\/tarifas\/\",\"name\":\"Tarifas - Marzo Saude\",\"isPartOf\":{\"@id\":\"https:\/\/www.safmmarzo.com\/#website\"},\"datePublished\":\"2023-04-20T12:53:16+00:00\",\"dateModified\":\"2023-05-24T07:09:53+00:00\",\"inLanguage\":\"es\",\"potentialAction\":[{\"@type\":\"ReadAction\",\"target\":[\"https:\/\/www.safmmarzo.com\/es\/tarifas\/\"]}]},{\"@type\":\"WebSite\",\"@id\":\"https:\/\/www.safmmarzo.com\/#website\",\"url\":\"https:\/\/www.safmmarzo.com\/\",\"name\":\"Marzo Saude\",\"description\":\"\",\"potentialAction\":[{\"@type\":\"SearchAction\",\"target\":{\"@type\":\"EntryPoint\",\"urlTemplate\":\"https:\/\/www.safmmarzo.com\/?s={search_term_string}\"},\"query-input\":{\"@type\":\"PropertyValueSpecification\",\"valueRequired\":true,\"valueName\":\"search_term_string\"}}],\"inLanguage\":\"es\"}]}<\/script>\n<!-- \/ Yoast SEO plugin. -->","yoast_head_json":{"title":"Tarifas - Marzo Saude","robots":{"index":"index","follow":"follow","max-snippet":"max-snippet:-1","max-image-preview":"max-image-preview:large","max-video-preview":"max-video-preview:-1"},"canonical":"https:\/\/www.safmmarzo.com\/es\/tarifas\/","og_locale":"es_ES","og_type":"article","og_title":"Tarifas - Marzo Saude","og_description":"[vc_row ct_row_stretch=&#8221;&#8221;][vc_column][\/vc_column][\/vc_row]","og_url":"https:\/\/www.safmmarzo.com\/es\/tarifas\/","og_site_name":"Marzo Saude","article_modified_time":"2023-05-24T07:09:53+00:00","twitter_card":"summary_large_image","twitter_misc":{"Tiempo de lectura":"1 minuto"},"schema":{"@context":"https:\/\/schema.org","@graph":[{"@type":"WebPage","@id":"https:\/\/www.safmmarzo.com\/es\/tarifas\/","url":"https:\/\/www.safmmarzo.com\/es\/tarifas\/","name":"Tarifas - Marzo Saude","isPartOf":{"@id":"https:\/\/www.safmmarzo.com\/#website"},"datePublished":"2023-04-20T12:53:16+00:00","dateModified":"2023-05-24T07:09:53+00:00","inLanguage":"es","potentialAction":[{"@type":"ReadAction","target":["https:\/\/www.safmmarzo.com\/es\/tarifas\/"]}]},{"@type":"WebSite","@id":"https:\/\/www.safmmarzo.com\/#website","url":"https:\/\/www.safmmarzo.com\/","name":"Marzo Saude","description":"","potentialAction":[{"@type":"SearchAction","target":{"@type":"EntryPoint","urlTemplate":"https:\/\/www.safmmarzo.com\/?s={search_term_string}"},"query-input":{"@type":"PropertyValueSpecification","valueRequired":true,"valueName":"search_term_string"}}],"inLanguage":"es"}]}},"_links":{"self":[{"href":"https:\/\/www.safmmarzo.com\/es\/wp-json\/wp\/v2\/pages\/18415","targetHints":{"allow":["GET"]}}],"collection":[{"href":"https:\/\/www.safmmarzo.com\/es\/wp-json\/wp\/v2\/pages"}],"about":[{"href":"https:\/\/www.safmmarzo.com\/es\/wp-json\/wp\/v2\/types\/page"}],"author":[{"embeddable":true,"href":"https:\/\/www.safmmarzo.com\/es\/wp-json\/wp\/v2\/users\/602"}],"replies":[{"embeddable":true,"href":"https:\/\/www.safmmarzo.com\/es\/wp-json\/wp\/v2\/comments?post=18415"}],"version-history":[{"count":1,"href":"https:\/\/www.safmmarzo.com\/es\/wp-json\/wp\/v2\/pages\/18415\/revisions"}],"predecessor-version":[{"id":18416,"href":"https:\/\/www.safmmarzo.com\/es\/wp-json\/wp\/v2\/pages\/18415\/revisions\/18416"}],"wp:attachment":[{"href":"https:\/\/www.safmmarzo.com\/es\/wp-json\/wp\/v2\/media?parent=18415"}],"curies":[{"name":"wp","href":"https:\/\/api.w.org\/{rel}","templated":true}]}}