{"id":18420,"date":"2022-12-02T12:34:38","date_gmt":"2022-12-02T11:34:38","guid":{"rendered":"https:\/\/www.safmmarzo.com\/?page_id=18420"},"modified":"2026-03-12T09:45:38","modified_gmt":"2026-03-12T08:45:38","slug":"politica-de-privacidad","status":"publish","type":"page","link":"https:\/\/www.safmmarzo.com\/es\/politica-de-privacidad\/","title":{"rendered":"Pol\u00edtica de privacidad"},"content":{"rendered":"<p>La siguiente pol\u00edtica de privacidad est\u00e1 destinada a informarte sobre c\u00f3mo usamos tu informaci\u00f3n personal cumpliendo con las disposiciones y requisitos del Reglamento General Europeo de Protecci\u00f3n de Datos.<\/p>\n<p><strong>\u00a0<\/strong><\/p>\n<p><strong>\u00bfQui\u00e9n es el responsable del tratamiento de tus datos?<\/strong><\/p>\n<p>Identidad: Marzo Sa\u00fade, S.L.<\/p>\n<p>NIF: B27396274<\/p>\n<p>Domicilio Social: R\u00faa Rosal\u00eda de Castro, 49, bajo, Castroverde<\/p>\n<p>Tel\u00e9fono: 636478514<\/p>\n<p>Correo electr\u00f3nico: <a href=\"mailto:marzosaude@safmmarzo.com\">marzosaude@safmmarzo.com<\/a><\/p>\n<p>Identidad\u00a0Delegado de Protecci\u00f3n de Datos: LHL Consultores<\/p>\n<p>Correo electr\u00f3nico:\u00a0dpd@lhlconsultores.com<\/p>\n<p><u>\u00a0<\/u><\/p>\n<p><strong>\u00bfCon qu\u00e9 finalidad tratamos tus datos personales?<\/strong><\/p>\n<p>En Marzo Sa\u00fade, S.L. tratamos tus datos personales facilitados a trav\u00e9s del formulario de contacto con la finalidad de responder a tu consulta y\/o remitirte la informaci\u00f3n que nos solicites. As\u00ed mismo, te informamos de que Marzo Sa\u00fade, S.L. no llevar\u00e1 a cabo toma de decisiones automatizas con relaci\u00f3n a los datos personales proporcionados.<\/p>\n<p>&nbsp;<\/p>\n<p><strong>\u00bfPor cu\u00e1nto tiempo conservaremos tus datos?<\/strong><\/p>\n<p>Conservaremos tus datos personales en tanto y cuanto sean necesarios para responder a tu solicitud de informaci\u00f3n o consulta, procediendo a su supresi\u00f3n una vez dejan de tener utilidad para la entidad o en caso de que solicites la baja a Marzo Sa\u00fade, S.L., oponi\u00e9ndote o revocando tu consentimiento.<\/p>\n<p>&nbsp;<\/p>\n<p><strong>\u00bfCu\u00e1l es la legitimaci\u00f3n para el tratamiento de tus datos?<\/strong><\/p>\n<p>Para el supuesto de que solicites informaci\u00f3n a trav\u00e9s de nuestra p\u00e1gina web la base legal para el tratamiento de tus datos es el consentimiento expl\u00edcito e inequ\u00edvoco que nos facilitas mediante la aceptaci\u00f3n expl\u00edcita de esta pol\u00edtica de privacidad.<\/p>\n<p>&nbsp;<\/p>\n<p><strong>\u00bfA qu\u00e9 destinatarios se comunicar\u00e1n tus datos?<\/strong><\/p>\n<p>Marzo Sa\u00fade, S.L. no comunicar\u00e1 los datos personales del interesado salvo en aquellas ocasiones en las que exista una obligaci\u00f3n legal de cesi\u00f3n de los datos a la Administraci\u00f3n con competencia en la materia. \u00a0No obstante, Marzo Sa\u00fade, S.L. puede compartir informaci\u00f3n personal con aquellas empresas o colaboradores que son esenciales para remitirte la informaci\u00f3n que nos solicitas, estos colaboradores han suscrito un contrato que garantiza la confidencialidad y seguridad de tus datos. No est\u00e1 previsto realizar transferencias internacionales de tus datos personales a terceros pa\u00edses.<\/p>\n<p><strong>\u00a0<\/strong><\/p>\n<p><strong>\u00bfCu\u00e1les son tus derechos cuando nos facilitas tus datos?<\/strong><\/p>\n<p>En virtud de lo establecido en el RGPD puedes solicitar:<\/p>\n<p><u>Derecho de acceso<\/u>:\u202fsolicitar informaci\u00f3n de aquellos datos personales que dispongamos.<\/p>\n<p><u>Derecho de rectificaci\u00f3n:<\/u> comunicar cualquier cambio en tus datos personales.<\/p>\n<p><u>Derecho de supresi\u00f3n y al olvido<\/u>: solicitar la eliminaci\u00f3n previo bloqueo de los datos personales.<\/p>\n<p><u>Derecho de limitaci\u00f3n al tratamiento<\/u>: restringir el tratamiento de los datos personales.<\/p>\n<p><u>Derecho de oposici\u00f3n<\/u>: puedes retirar el consentimiento del tratamiento de los datos, oponi\u00e9ndote a que se sigan tratando.<\/p>\n<p><u>Derecho a la portabilidad:<\/u> solicitar una copia de los datos personales en un formato estructurado, de uso com\u00fan y lectura mec\u00e1nica para su transmisi\u00f3n a otro responsable.<\/p>\n<p><u>Derecho a no ser objeto de decisiones automatizadas<\/u>: solicitar que no se tomen decisiones que se basen \u00fanicamente en el tratamiento automatizado, incluyendo la elaboraci\u00f3n de perfiles, que produzca efectos jur\u00eddicos o afecte significativamente al interesado.<\/p>\n<p><u>Derecho a retirar tu consentimiento<\/u>: en cualquier momento sin que ello anule la legitimaci\u00f3n de los tratamientos que se hayan efectuado desde que se otorg\u00f3 el consentimiento hasta que lo hayas retirado.<\/p>\n<p>&nbsp;<\/p>\n<p>Por ello, Marzo Sa\u00fade, S.L. te informa que, en cualquier momento y de forma gratuita, puedes ejercitar los antedichos derechos mediante la solicitud de los modelos pertinentes en el correo electr\u00f3nico o en la direcci\u00f3n indicada en el primer punto de la presente pol\u00edtica de privacidad.<\/p>\n<p>&nbsp;<\/p>\n<p>Cada solicitud de ejercicio de derechos que nos presentes deber\u00e1 contener en el asunto la referencia \u201cEjercicio derechos RGPD\u201d e incluir los siguientes datos: nombre y apellidos, domicilio a efectos de notificaci\u00f3n y petici\u00f3n concreta que se solicita. En el caso de ejercitarse en nombre de otra persona, se deber\u00e1 adjuntar un documento que acredite fehacientemente la representaci\u00f3n ostentada.<\/p>\n<p>&nbsp;<\/p>\n<p>Si consideras que alguno de los derechos anteriormente mencionados no ha sido respetado, tendr\u00e1s derecho a presentar una reclamaci\u00f3n ante la Agencia Espa\u00f1ola de Protecci\u00f3n de Datos. <u>(<\/u><a href=\"https:\/\/www.agpd.es\/portalwebAGPD\/index-ides-idphp.php\">https:\/\/www.agpd.es\/portalwebAGPD\/index-ides-idphp.php<\/a><u>)<\/u>.<\/p>\n<p>&nbsp;<\/p>\n<p><strong><u>INFORMACI\u00d3N PROTECCI\u00d3N DE DATOS USUARIOS REDES SOCIALES<\/u><\/strong><\/p>\n<p><u>\u00a0<\/u><\/p>\n<p><strong>\u00bfQui\u00e9n es el responsable del tratamiento de tus datos?<\/strong><\/p>\n<p>Identidad: Marzo Sa\u00fade, S.L.<\/p>\n<p>NIF: B27396274<\/p>\n<p>Domicilio Social: R\u00faa Rosal\u00eda de Castro, 49, bajo, Castroverde<\/p>\n<p>Tel\u00e9fono: 636478514<\/p>\n<p>Correo electr\u00f3nico: <a href=\"mailto:marzosaude@safmmarzo.com\">marzosaude@safmmarzo.com<\/a><\/p>\n<p>Identidad\u00a0Delegado de Protecci\u00f3n de Datos: LHL Consultores<\/p>\n<p>Correo electr\u00f3nico:\u00a0dpd@lhlconsultores.com<\/p>\n<p><u>\u00a0<\/u><\/p>\n<p><strong>\u00bfCon qu\u00e9 finalidad tratamos tus datos personales?<\/strong><\/p>\n<p>En Marzo Sa\u00fade, S.L.\u00a0tratamos tus datos personales con la finalidad de gestionar los perfiles de la entidad y la p\u00e1gina web con dominio <a href=\"http:\/\/www.safmmarzo.com\">www.safmmarzo.com<\/a> as\u00ed como los contenidos e informaciones incluidas en el plan de comunicaci\u00f3n de la entidad en redes sociales y p\u00e1gina web para gestionar la imagen de \u00e9sta, as\u00ed como para promocionar y dar a conocer la actividad desarrollada por la entidad.<\/p>\n<p>&nbsp;<\/p>\n<p><strong>\u00bfPor cu\u00e1nto tiempo conservaremos tus datos?<\/strong><\/p>\n<p>Se suprimen en cuanto dejan de tener utilidad para la entidad, en concreto, se suprimen en el plazo que se habilite en cualquiera de las redes sociales donde la entidad tenga un perfil o en el momento en el que el titular de los datos solicite la supresi\u00f3n y\/u oposici\u00f3n al tratamiento de sus datos con las finalidades indicadas.<\/p>\n<p>&nbsp;<\/p>\n<p><strong>\u00bfCu\u00e1l es la legitimaci\u00f3n para el tratamiento de tus datos?<\/strong><\/p>\n<p>La base legal para tratar tus datos ser\u00e1 el inter\u00e9s leg\u00edtimo del responsable en dar a conocer toda la actividad desarrollada por la entidad, as\u00ed como, el consentimiento expl\u00edcito del interesado dado en el momento que se suscribe al perfil abierto de Marzo Sa\u00fade, S.L.\u00a0en las\u00a0 redes sociales de Facebook (si desea obtener m\u00e1s informaci\u00f3n sobre el uso de sus datos personales pinche aqu\u00ed: \u201c<a href=\"https:\/\/www.facebook.com\/privacy\/policy\/?locale=es_ES\" target=\"_blank\" rel=\"noopener\"><u>Pol\u00edtica de Privacidad<\/u><\/a>&#8220;), Twitter (si desea obtener m\u00e1s informaci\u00f3n sobre el uso de sus datos personales pinche aqu\u00ed: \u201c<u><a href=\"https:\/\/privacy.x.com\/es\" target=\"_blank\" rel=\"noopener\">Pol\u00edtica de Privacidad<\/a>&#8220;<\/u>), Youtube (si desea obtener m\u00e1s informaci\u00f3n sobre el uso de sus datos personales pinche aqu\u00ed: \u201c<u><a href=\"https:\/\/www.youtube.com\/intl\/ALL_es\/howyoutubeworks\/privacy\/\" target=\"_blank\" rel=\"noopener\">Pol\u00edtica de Privacidad<\/a>&#8220;<\/u>), Linkedin (si desea obtener m\u00e1s informaci\u00f3n sobre el uso de sus datos personales pinche aqu\u00ed: \u201c<u><a href=\"https:\/\/es.linkedin.com\/legal\/privacy-policy\" target=\"_blank\" rel=\"noopener\">Pol\u00edtica de Privacidad<\/a>&#8220;<\/u>), Instagram (si desea obtener m\u00e1s informaci\u00f3n sobre el uso de sus datos personales pinche aqu\u00ed: \u201c<u><a href=\"https:\/\/privacycenter.instagram.com\/policy\" target=\"_blank\" rel=\"noopener\">Pol\u00edtica de Privacidad<\/a>&#8220;<\/u>) y Soundcloud (si desea obtener m\u00e1s informaci\u00f3n sobre el uso de sus datos personales pinche aqu\u00ed: \u201c<u><a href=\"https:\/\/pages.soundcloud.com\/geo\/es\/legal\/privacy-policy.std.html\" target=\"_blank\" rel=\"noopener\">Pol\u00edtica de Privacidad<\/a>&#8220;<\/u>) e igualmente cuando\u00a0 interact\u00faa con la entidad a trav\u00e9s de dichos perfiles mediante comentarios, opiniones, compartiendo los contenidos publicados en cada perfil o etiquetando a la entidad en las publicaciones del interesado.<\/p>\n<p><strong>\u00a0<\/strong><\/p>\n<p><strong>\u00bfA qu\u00e9 destinatarios se comunicar\u00e1n tus datos?<\/strong><\/p>\n<p>Marzo Sa\u00fade, S.L. no proceder\u00e1 a realizar ning\u00fan tipo de comunicaci\u00f3n a terceros, salvo que exista alg\u00fan tipo de obligaci\u00f3n legal, Marzo Sa\u00fade, S.L.<\/p>\n<p>Marzo Sa\u00fade, S.L. no realiza transferencias internacionales de forma directa, sin embargo, debe ser consciente que la red social de la que usted es usuario, de acuerdo con los t\u00e9rminos establecidos en su pol\u00edtica de privacidad, puede realizar transferencias internacionales a pa\u00edses situados fuera del Espacio Econ\u00f3mico Europeo donde sus derechos pueden no gozar de garant\u00edas de protecci\u00f3n equivalentes a las existentes en la UE.<\/p>\n<p>&nbsp;<\/p>\n<p><strong>\u00bfCu\u00e1les son tus derechos cuando nos facilitas tus datos?<\/strong><\/p>\n<p>Cualquier persona tiene derecho a obtener confirmaci\u00f3n sobre si en Marzo Sa\u00fade, S.L.\u00a0estamos tratando datos personales que les conciernan, o no.<\/p>\n<p>&nbsp;<\/p>\n<p>Por ello, Marzo Sa\u00fade, S.L.\u00a0te informa sobre la posibilidad legal que tienes de ejercitar los derechos de acceso, rectificaci\u00f3n, oposici\u00f3n, supresi\u00f3n, portabilidad y limitaci\u00f3n del tratamiento, as\u00ed como a poder rechazar el tratamiento automatizado de tus datos personales que se pueda llevar a cabo por parte de Marzo Sa\u00fade, S.L.<\/p>\n<p>&nbsp;<\/p>\n<p>Para ejercitar alguno de los derechos mencionados en este punto, lo podr\u00e1s hacer, de manera gratuita, mediante la solicitud de los modelos pertinentes a Marzo Sa\u00fade, S.L., bien en la direcci\u00f3n indicada en el primer punto de la presente pol\u00edtica de privacidad o bien solicit\u00e1ndolos a trav\u00e9s del correo electr\u00f3nico marzosaude@safmmarzo.com.<\/p>\n<p>&nbsp;<\/p>\n<p>Cada solicitud de ejercicio de derechos que nos presentes deber\u00e1 contener en el asunto la referencia \u201cEjercicio derechos RGPD\u201d y deber\u00e1 incluir los siguientes datos: nombre y apellidos, domicilio a efectos de notificaci\u00f3n y petici\u00f3n concreta que se solicita. En el caso de ejercitarse la solicitud de ejercicio de derechos en nombre de otra persona, se deber\u00e1 adjuntar un documento de representaci\u00f3n que acredite fehacientemente la representaci\u00f3n ostentada.<\/p>\n<p>&nbsp;<\/p>\n<p>Toda la documentaci\u00f3n mencionada, relativa al ejercicio de alguno de los derechos mencionados, se podr\u00e1 presentar en la direcci\u00f3n de Marzo Sa\u00fade, S.L.\u00a0indicada en el primer punto de la presente pol\u00edtica de privacidad o a trav\u00e9s del correo electr\u00f3nico marzosaude@safmmarzo.com.<\/p>\n<p>&nbsp;<\/p>\n<p>Si considerase que alguno de los derechos anteriormente mencionados no ha sido respetado, Usted tendr\u00e1 derecho a presentar una reclamaci\u00f3n ante la Agencia Espa\u00f1ola de Protecci\u00f3n de Datos.\u202f<u>(<\/u><a href=\"https:\/\/www.agpd.es\/portalwebAGPD\/index-ides-idphp.php\">https:\/\/www.agpd.es\/portalwebAGPD\/index-ides-idphp.php<\/a><u>).<\/u><\/p>\n","protected":false},"excerpt":{"rendered":"<p>La siguiente pol\u00edtica de privacidad est\u00e1 destinada a informarte sobre c\u00f3mo usamos tu informaci\u00f3n personal cumpliendo con las disposiciones y requisitos del Reglamento General Europeo de Protecci\u00f3n de Datos. \u00a0 \u00bfQui\u00e9n es el responsable del tratamiento de tus datos? Identidad: Marzo Sa\u00fade, S.L. NIF: B27396274 Domicilio Social: R\u00faa Rosal\u00eda de Castro, 49, bajo, Castroverde Tel\u00e9fono: &#8230;<\/p>\n","protected":false},"author":602,"featured_media":0,"parent":0,"menu_order":0,"comment_status":"closed","ping_status":"closed","template":"","meta":{"footnotes":""},"class_list":["post-18420","page","type-page","status-publish","hentry"],"yoast_head":"<!-- This site is optimized with the Yoast SEO plugin v27.1.1 - https:\/\/yoast.com\/product\/yoast-seo-wordpress\/ -->\n<title>Pol\u00edtica de privacidad - Marzo Saude<\/title>\n<meta name=\"robots\" content=\"index, follow, max-snippet:-1, max-image-preview:large, max-video-preview:-1\" \/>\n<link rel=\"canonical\" href=\"https:\/\/www.safmmarzo.com\/es\/politica-de-privacidad\/\" \/>\n<meta property=\"og:locale\" content=\"es_ES\" \/>\n<meta property=\"og:type\" content=\"article\" \/>\n<meta property=\"og:title\" content=\"Pol\u00edtica de privacidad - Marzo Saude\" \/>\n<meta property=\"og:description\" content=\"La siguiente pol\u00edtica de privacidad est\u00e1 destinada a informarte sobre c\u00f3mo usamos tu informaci\u00f3n personal cumpliendo con las disposiciones y requisitos del Reglamento General Europeo de Protecci\u00f3n de Datos. \u00a0 \u00bfQui\u00e9n es el responsable del tratamiento de tus datos? Identidad: Marzo Sa\u00fade, S.L. NIF: B27396274 Domicilio Social: R\u00faa Rosal\u00eda de Castro, 49, bajo, Castroverde Tel\u00e9fono: ...\" \/>\n<meta property=\"og:url\" content=\"https:\/\/www.safmmarzo.com\/es\/politica-de-privacidad\/\" \/>\n<meta property=\"og:site_name\" content=\"Marzo Saude\" \/>\n<meta property=\"article:modified_time\" content=\"2026-03-12T08:45:38+00:00\" \/>\n<meta name=\"twitter:card\" content=\"summary_large_image\" \/>\n<meta name=\"twitter:label1\" content=\"Tiempo de lectura\" \/>\n\t<meta name=\"twitter:data1\" content=\"7 minutos\" \/>\n<script type=\"application\/ld+json\" class=\"yoast-schema-graph\">{\"@context\":\"https:\/\/schema.org\",\"@graph\":[{\"@type\":\"WebPage\",\"@id\":\"https:\/\/www.safmmarzo.com\/es\/politica-de-privacidad\/\",\"url\":\"https:\/\/www.safmmarzo.com\/es\/politica-de-privacidad\/\",\"name\":\"Pol\u00edtica de privacidad - Marzo Saude\",\"isPartOf\":{\"@id\":\"https:\/\/www.safmmarzo.com\/#website\"},\"datePublished\":\"2022-12-02T11:34:38+00:00\",\"dateModified\":\"2026-03-12T08:45:38+00:00\",\"inLanguage\":\"es\",\"potentialAction\":[{\"@type\":\"ReadAction\",\"target\":[\"https:\/\/www.safmmarzo.com\/es\/politica-de-privacidad\/\"]}]},{\"@type\":\"WebSite\",\"@id\":\"https:\/\/www.safmmarzo.com\/#website\",\"url\":\"https:\/\/www.safmmarzo.com\/\",\"name\":\"Marzo Saude\",\"description\":\"\",\"potentialAction\":[{\"@type\":\"SearchAction\",\"target\":{\"@type\":\"EntryPoint\",\"urlTemplate\":\"https:\/\/www.safmmarzo.com\/?s={search_term_string}\"},\"query-input\":{\"@type\":\"PropertyValueSpecification\",\"valueRequired\":true,\"valueName\":\"search_term_string\"}}],\"inLanguage\":\"es\"}]}<\/script>\n<!-- \/ Yoast SEO plugin. -->","yoast_head_json":{"title":"Pol\u00edtica de privacidad - Marzo Saude","robots":{"index":"index","follow":"follow","max-snippet":"max-snippet:-1","max-image-preview":"max-image-preview:large","max-video-preview":"max-video-preview:-1"},"canonical":"https:\/\/www.safmmarzo.com\/es\/politica-de-privacidad\/","og_locale":"es_ES","og_type":"article","og_title":"Pol\u00edtica de privacidad - Marzo Saude","og_description":"La siguiente pol\u00edtica de privacidad est\u00e1 destinada a informarte sobre c\u00f3mo usamos tu informaci\u00f3n personal cumpliendo con las disposiciones y requisitos del Reglamento General Europeo de Protecci\u00f3n de Datos. \u00a0 \u00bfQui\u00e9n es el responsable del tratamiento de tus datos? Identidad: Marzo Sa\u00fade, S.L. NIF: B27396274 Domicilio Social: R\u00faa Rosal\u00eda de Castro, 49, bajo, Castroverde Tel\u00e9fono: ...","og_url":"https:\/\/www.safmmarzo.com\/es\/politica-de-privacidad\/","og_site_name":"Marzo Saude","article_modified_time":"2026-03-12T08:45:38+00:00","twitter_card":"summary_large_image","twitter_misc":{"Tiempo de lectura":"7 minutos"},"schema":{"@context":"https:\/\/schema.org","@graph":[{"@type":"WebPage","@id":"https:\/\/www.safmmarzo.com\/es\/politica-de-privacidad\/","url":"https:\/\/www.safmmarzo.com\/es\/politica-de-privacidad\/","name":"Pol\u00edtica de privacidad - Marzo Saude","isPartOf":{"@id":"https:\/\/www.safmmarzo.com\/#website"},"datePublished":"2022-12-02T11:34:38+00:00","dateModified":"2026-03-12T08:45:38+00:00","inLanguage":"es","potentialAction":[{"@type":"ReadAction","target":["https:\/\/www.safmmarzo.com\/es\/politica-de-privacidad\/"]}]},{"@type":"WebSite","@id":"https:\/\/www.safmmarzo.com\/#website","url":"https:\/\/www.safmmarzo.com\/","name":"Marzo Saude","description":"","potentialAction":[{"@type":"SearchAction","target":{"@type":"EntryPoint","urlTemplate":"https:\/\/www.safmmarzo.com\/?s={search_term_string}"},"query-input":{"@type":"PropertyValueSpecification","valueRequired":true,"valueName":"search_term_string"}}],"inLanguage":"es"}]}},"_links":{"self":[{"href":"https:\/\/www.safmmarzo.com\/es\/wp-json\/wp\/v2\/pages\/18420","targetHints":{"allow":["GET"]}}],"collection":[{"href":"https:\/\/www.safmmarzo.com\/es\/wp-json\/wp\/v2\/pages"}],"about":[{"href":"https:\/\/www.safmmarzo.com\/es\/wp-json\/wp\/v2\/types\/page"}],"author":[{"embeddable":true,"href":"https:\/\/www.safmmarzo.com\/es\/wp-json\/wp\/v2\/users\/602"}],"replies":[{"embeddable":true,"href":"https:\/\/www.safmmarzo.com\/es\/wp-json\/wp\/v2\/comments?post=18420"}],"version-history":[{"count":5,"href":"https:\/\/www.safmmarzo.com\/es\/wp-json\/wp\/v2\/pages\/18420\/revisions"}],"predecessor-version":[{"id":19156,"href":"https:\/\/www.safmmarzo.com\/es\/wp-json\/wp\/v2\/pages\/18420\/revisions\/19156"}],"wp:attachment":[{"href":"https:\/\/www.safmmarzo.com\/es\/wp-json\/wp\/v2\/media?parent=18420"}],"curies":[{"name":"wp","href":"https:\/\/api.w.org\/{rel}","templated":true}]}}