{"id":12543,"date":"2024-01-14T19:14:35","date_gmt":"2024-01-14T18:14:35","guid":{"rendered":"http:\/\/www.safmmarzo.com\/?post_type=product&#038;p=12543"},"modified":"2026-04-01T01:00:36","modified_gmt":"2026-03-31T23:00:36","slug":"puncionsecab","status":"publish","type":"product","link":"https:\/\/www.safmmarzo.com\/es\/producto\/puncionsecab\/","title":{"rendered":"Curso de Punci\u00f3n Seca B\u00e1sico. Fecha: 12-06-2026 (44\u00ba Edici\u00f3n)"},"content":{"rendered":"<ul>\n<li>Dar las correctas pautas para el diagno\u0301stico de un punto gatillo miofascial.<\/li>\n<li>Dar los conocimientos b\u00e1sicos al fisioterapeuta para el abordaje de los puntos gatillo miofasciales mediante el uso te\u0301cnicas de puncio\u0301n seca realizadas con agujas de acupuntura.<\/li>\n<li>Dar las indicaciones y contraindicaciones de la aplicacio\u0301n de te\u0301cnicas de puncio\u0301n seca superficial y profunda.<\/li>\n<li>Introducir al fisioterapeuta a las diversas te\u0301cnicas de tratamiento del punto gatillo miofascial mediante puncio\u0301n: puncio\u0301n superficial y profunda.<\/li>\n<li>Dar a conocer al fisioterapeuta los mecanismos neurofisiolo\u0301gicos por los que la puncio\u0301n seca es efectiva en el tratamiento del si\u0301ndrome de dolor miofascial.<\/li>\n<li>Aportar al fisioterapeuta las herramientas ba\u0301sicas para la aplicacio\u0301n cli\u0301nica de la puncio\u0301n superficial y profunda sobre puntos gatillo miofasciales<\/li>\n<\/ul>\n<p><strong>UNIDADES DID\u00c1CTICAS<\/strong><\/p>\n<p><strong>\u00a0DOLOR MIOFASCIAL Y BASES DE LA PUNCI\u00d3N SECA (3 horas)<br \/>\n<\/strong>&#8211; Criterios diagn\u00f3sticos del punto gatillo miofascial (1 hora)<br \/>\n&#8211;\u00a0Neurofisiolog\u00eda del punto gatillo miofascial (1 hora)<br \/>\n&#8211;\u00a0Punci\u00f3n profunda: lavado de sustancias alg\u00f3genas, est\u00edmulo mec\u00e1nico, respuesta de espasmo local, t\u00e9cnica de entrada y salida (1 hora)<\/p>\n<p><strong>\u00a0PUNCI\u00d3N PROFUNDA EN MIEMBRO INFERIOR (7 horas)<br \/>\n<\/strong>&#8211;\u00a0Tensor de la fascia lata (1 hora)<br \/>\n&#8211;\u00a0Gl\u00fateo medio y menor (1 hora)<br \/>\n&#8211;\u00a0Gl\u00fateo mayor (30 minutos)<br \/>\n&#8211;\u00a0Vasto interno del cu\u00e1driceps (30 minutos)<br \/>\n&#8211;\u00a0Recto anterior cu\u00e1driceps (30 minutos)<br \/>\n&#8211;\u00a0Vasto externo del cu\u00e1driceps (1 hora)<br \/>\n&#8211;\u00a0Isquiotibiales (1 hora)<br \/>\n&#8211;\u00a0Gemelos \/ S\u00f3leo (30 minutos)<br \/>\n&#8211;\u00a0Tibial anterior, extensor com\u00fan de los dedos, extensor largo dedo gordo (30 minutos)<br \/>\n&#8211;\u00a0Peroneos laterales largo y corto (30 minutos)<\/p>\n<p><strong>\u00a0PUNCI\u00d3N PROFUNDA EN MIEMBRO SUPERIOR (7 horas)<br \/>\n<\/strong>&#8211;\u00a0Deltoides (30 minutos)<br \/>\n&#8211;\u00a0Supra-espinoso (1 hora)<br \/>\n&#8211;\u00a0Infra-espinoso y redondo menor (1 hora)<br \/>\n&#8211;\u00a0Redondo mayor y dorsal ancho (1 hora)<br \/>\n&#8211;\u00a0Tr\u00edceps braquial \/ B\u00edceps braquial (1 hora)<br \/>\n&#8211;\u00a0Musculatura epicond\u00edlea (2 horas)<\/p>\n<p><strong>PUNCI\u00d3N PROFUNDA CUELLO (3 horas)<br \/>\n<\/strong>&#8211;\u00a0Trapecio superior (2 horas)<br \/>\n&#8211;\u00a0Elevador de la esc\u00e1pula (1 hora)<br \/>\n[youtube https:\/\/www.youtube.com\/watch?v=-kkdwbShqDk&amp;w=100&amp;h=450]\n","protected":false},"excerpt":{"rendered":"<p><strong>Fecha de Inicio del Curso: 12 <\/strong>de Junio de 2026<\/p>\n<p><strong>Precio: <\/strong><br \/>\n400\u20ac\u00a0 Bonificables. Precio especial para grupos<\/p>\n<p><strong>Lugar del curso: <\/strong><br \/>\nMarzo Sa\u00fade \u00b7 R\u00faa Rosal\u00eda de Castro 49 \u00b7 Bajo \u00b7 27120 \u00b7 Castroverde \u00b7 Lugo<\/p>\n<p><strong>Horario: <\/strong><br \/>\nLos d\u00edas<strong> 12, 13 y 14\u00a0 de JUNIO de 2026<\/strong><br \/>\nViernes de 16 a 21, S\u00e1bado de 9 a 21 y Domingo de 9 a 14<\/p>\n<p><strong>Profesor:<\/strong><\/p>\n<ul>\n<li>Dra. Ana Isabel de la Llave. Doctor por la Universidad Rey Juan Carlos. Diplomado Universitario en Fisioterapia. Universidad Complutense. Especialista en Terapia Manual.<\/li>\n<\/ul>\n[embed]https:\/\/www.youtube.com\/watch?v=-kkdwbShqDk&#038;w=100&#038;h=450[\/embed]\n","protected":false},"featured_media":16943,"comment_status":"closed","ping_status":"closed","template":"","meta":[],"product_cat":[159],"product_tag":[234,235,160,193],"class_list":{"0":"post-12543","1":"product","2":"type-product","3":"status-publish","4":"has-post-thumbnail","6":"product_cat-cursos","7":"product_tag-agujas","8":"product_tag-curso","9":"product_tag-fisioterapia","10":"product_tag-puncion-seca","12":"first","13":"instock","14":"virtual","15":"purchasable","16":"product-type-simple"},"yoast_head":"<!-- This site is optimized with the Yoast SEO plugin v27.1.1 - https:\/\/yoast.com\/product\/yoast-seo-wordpress\/ -->\n<title>Curso Punci\u00f3n Seca B\u00e1sico Valoraci\u00f3n y tratamiento del punto gatillo<\/title>\n<meta name=\"description\" content=\"La punci\u00f3n seca es una herramienta muy importante para los puntos gatillo. El gran n\u00famero de publicaciones cient\u00edficas lo avalan. Grandes resultados.\" \/>\n<meta name=\"robots\" content=\"index, follow, max-snippet:-1, max-image-preview:large, max-video-preview:-1\" \/>\n<link rel=\"canonical\" href=\"https:\/\/www.safmmarzo.com\/producto\/puncionsecab\/\" \/>\n<meta property=\"og:locale\" content=\"es_ES\" \/>\n<meta property=\"og:type\" content=\"article\" \/>\n<meta property=\"og:title\" content=\"Curso Punci\u00f3n Seca B\u00e1sico Valoraci\u00f3n y tratamiento del punto gatillo\" \/>\n<meta property=\"og:description\" content=\"La punci\u00f3n seca es una herramienta muy importante para los puntos gatillo. El gran n\u00famero de publicaciones cient\u00edficas lo avalan. Grandes resultados.\" \/>\n<meta property=\"og:url\" content=\"https:\/\/www.safmmarzo.com\/producto\/puncionsecab\/\" \/>\n<meta property=\"og:site_name\" content=\"Marzo Saude\" \/>\n<meta property=\"article:modified_time\" content=\"2026-03-31T23:00:36+00:00\" \/>\n<meta property=\"og:image\" content=\"https:\/\/www.safmmarzo.com\/wp-content\/uploads\/2020\/02\/010a.jpg\" \/>\n\t<meta property=\"og:image:width\" content=\"510\" \/>\n\t<meta property=\"og:image:height\" content=\"646\" \/>\n\t<meta property=\"og:image:type\" content=\"image\/jpeg\" \/>\n<meta name=\"twitter:card\" content=\"summary_large_image\" \/>\n<meta name=\"twitter:label1\" content=\"Tiempo de lectura\" \/>\n\t<meta name=\"twitter:data1\" content=\"2 minutos\" \/>\n<script type=\"application\/ld+json\" class=\"yoast-schema-graph\">{\"@context\":\"https:\/\/schema.org\",\"@graph\":[{\"@type\":\"WebPage\",\"@id\":\"https:\/\/www.safmmarzo.com\/producto\/puncionsecab\/\",\"url\":\"https:\/\/www.safmmarzo.com\/producto\/puncionsecab\/\",\"name\":\"Curso Punci\u00f3n Seca B\u00e1sico Valoraci\u00f3n y tratamiento del punto gatillo\",\"isPartOf\":{\"@id\":\"https:\/\/www.safmmarzo.com\/#website\"},\"primaryImageOfPage\":{\"@id\":\"https:\/\/www.safmmarzo.com\/producto\/puncionsecab\/#primaryimage\"},\"image\":{\"@id\":\"https:\/\/www.safmmarzo.com\/producto\/puncionsecab\/#primaryimage\"},\"thumbnailUrl\":\"https:\/\/www.safmmarzo.com\/wp-content\/uploads\/2020\/02\/010a.jpg\",\"datePublished\":\"2024-01-14T18:14:35+00:00\",\"dateModified\":\"2026-03-31T23:00:36+00:00\",\"description\":\"La punci\u00f3n seca es una herramienta muy importante para los puntos gatillo. El gran n\u00famero de publicaciones cient\u00edficas lo avalan. Grandes resultados.\",\"breadcrumb\":{\"@id\":\"https:\/\/www.safmmarzo.com\/producto\/puncionsecab\/#breadcrumb\"},\"inLanguage\":\"es\",\"potentialAction\":[{\"@type\":\"ReadAction\",\"target\":[\"https:\/\/www.safmmarzo.com\/producto\/puncionsecab\/\"]}]},{\"@type\":\"ImageObject\",\"inLanguage\":\"es\",\"@id\":\"https:\/\/www.safmmarzo.com\/producto\/puncionsecab\/#primaryimage\",\"url\":\"https:\/\/www.safmmarzo.com\/wp-content\/uploads\/2020\/02\/010a.jpg\",\"contentUrl\":\"https:\/\/www.safmmarzo.com\/wp-content\/uploads\/2020\/02\/010a.jpg\",\"width\":510,\"height\":646},{\"@type\":\"BreadcrumbList\",\"@id\":\"https:\/\/www.safmmarzo.com\/producto\/puncionsecab\/#breadcrumb\",\"itemListElement\":[{\"@type\":\"ListItem\",\"position\":1,\"name\":\"Tenda\",\"item\":\"https:\/\/www.safmmarzo.com\/tenda\/\"},{\"@type\":\"ListItem\",\"position\":2,\"name\":\"Curso de Punci\u00f3n Seca B\u00e1sico. Fecha: 12-06-2026 (44\u00ba Edici\u00f3n)\"}]},{\"@type\":\"WebSite\",\"@id\":\"https:\/\/www.safmmarzo.com\/#website\",\"url\":\"https:\/\/www.safmmarzo.com\/\",\"name\":\"Marzo Saude\",\"description\":\"\",\"potentialAction\":[{\"@type\":\"SearchAction\",\"target\":{\"@type\":\"EntryPoint\",\"urlTemplate\":\"https:\/\/www.safmmarzo.com\/?s={search_term_string}\"},\"query-input\":{\"@type\":\"PropertyValueSpecification\",\"valueRequired\":true,\"valueName\":\"search_term_string\"}}],\"inLanguage\":\"es\"}]}<\/script>\n<!-- \/ Yoast SEO plugin. -->","yoast_head_json":{"title":"Curso Punci\u00f3n Seca B\u00e1sico Valoraci\u00f3n y tratamiento del punto gatillo","description":"La punci\u00f3n seca es una herramienta muy importante para los puntos gatillo. El gran n\u00famero de publicaciones cient\u00edficas lo avalan. Grandes resultados.","robots":{"index":"index","follow":"follow","max-snippet":"max-snippet:-1","max-image-preview":"max-image-preview:large","max-video-preview":"max-video-preview:-1"},"canonical":"https:\/\/www.safmmarzo.com\/producto\/puncionsecab\/","og_locale":"es_ES","og_type":"article","og_title":"Curso Punci\u00f3n Seca B\u00e1sico Valoraci\u00f3n y tratamiento del punto gatillo","og_description":"La punci\u00f3n seca es una herramienta muy importante para los puntos gatillo. El gran n\u00famero de publicaciones cient\u00edficas lo avalan. Grandes resultados.","og_url":"https:\/\/www.safmmarzo.com\/producto\/puncionsecab\/","og_site_name":"Marzo Saude","article_modified_time":"2026-03-31T23:00:36+00:00","og_image":[{"width":510,"height":646,"url":"https:\/\/www.safmmarzo.com\/wp-content\/uploads\/2020\/02\/010a.jpg","type":"image\/jpeg"}],"twitter_card":"summary_large_image","twitter_misc":{"Tiempo de lectura":"2 minutos"},"schema":{"@context":"https:\/\/schema.org","@graph":[{"@type":"WebPage","@id":"https:\/\/www.safmmarzo.com\/producto\/puncionsecab\/","url":"https:\/\/www.safmmarzo.com\/producto\/puncionsecab\/","name":"Curso Punci\u00f3n Seca B\u00e1sico Valoraci\u00f3n y tratamiento del punto gatillo","isPartOf":{"@id":"https:\/\/www.safmmarzo.com\/#website"},"primaryImageOfPage":{"@id":"https:\/\/www.safmmarzo.com\/producto\/puncionsecab\/#primaryimage"},"image":{"@id":"https:\/\/www.safmmarzo.com\/producto\/puncionsecab\/#primaryimage"},"thumbnailUrl":"https:\/\/www.safmmarzo.com\/wp-content\/uploads\/2020\/02\/010a.jpg","datePublished":"2024-01-14T18:14:35+00:00","dateModified":"2026-03-31T23:00:36+00:00","description":"La punci\u00f3n seca es una herramienta muy importante para los puntos gatillo. El gran n\u00famero de publicaciones cient\u00edficas lo avalan. Grandes resultados.","breadcrumb":{"@id":"https:\/\/www.safmmarzo.com\/producto\/puncionsecab\/#breadcrumb"},"inLanguage":"es","potentialAction":[{"@type":"ReadAction","target":["https:\/\/www.safmmarzo.com\/producto\/puncionsecab\/"]}]},{"@type":"ImageObject","inLanguage":"es","@id":"https:\/\/www.safmmarzo.com\/producto\/puncionsecab\/#primaryimage","url":"https:\/\/www.safmmarzo.com\/wp-content\/uploads\/2020\/02\/010a.jpg","contentUrl":"https:\/\/www.safmmarzo.com\/wp-content\/uploads\/2020\/02\/010a.jpg","width":510,"height":646},{"@type":"BreadcrumbList","@id":"https:\/\/www.safmmarzo.com\/producto\/puncionsecab\/#breadcrumb","itemListElement":[{"@type":"ListItem","position":1,"name":"Tenda","item":"https:\/\/www.safmmarzo.com\/tenda\/"},{"@type":"ListItem","position":2,"name":"Curso de Punci\u00f3n Seca B\u00e1sico. Fecha: 12-06-2026 (44\u00ba Edici\u00f3n)"}]},{"@type":"WebSite","@id":"https:\/\/www.safmmarzo.com\/#website","url":"https:\/\/www.safmmarzo.com\/","name":"Marzo Saude","description":"","potentialAction":[{"@type":"SearchAction","target":{"@type":"EntryPoint","urlTemplate":"https:\/\/www.safmmarzo.com\/?s={search_term_string}"},"query-input":{"@type":"PropertyValueSpecification","valueRequired":true,"valueName":"search_term_string"}}],"inLanguage":"es"}]}},"_links":{"self":[{"href":"https:\/\/www.safmmarzo.com\/es\/wp-json\/wp\/v2\/product\/12543","targetHints":{"allow":["GET"]}}],"collection":[{"href":"https:\/\/www.safmmarzo.com\/es\/wp-json\/wp\/v2\/product"}],"about":[{"href":"https:\/\/www.safmmarzo.com\/es\/wp-json\/wp\/v2\/types\/product"}],"replies":[{"embeddable":true,"href":"https:\/\/www.safmmarzo.com\/es\/wp-json\/wp\/v2\/comments?post=12543"}],"wp:featuredmedia":[{"embeddable":true,"href":"https:\/\/www.safmmarzo.com\/es\/wp-json\/wp\/v2\/media\/16943"}],"wp:attachment":[{"href":"https:\/\/www.safmmarzo.com\/es\/wp-json\/wp\/v2\/media?parent=12543"}],"wp:term":[{"taxonomy":"product_cat","embeddable":true,"href":"https:\/\/www.safmmarzo.com\/es\/wp-json\/wp\/v2\/product_cat?post=12543"},{"taxonomy":"product_tag","embeddable":true,"href":"https:\/\/www.safmmarzo.com\/es\/wp-json\/wp\/v2\/product_tag?post=12543"}],"curies":[{"name":"wp","href":"https:\/\/api.w.org\/{rel}","templated":true}]}}