{"id":15928,"date":"2021-01-21T10:31:52","date_gmt":"2021-01-21T09:31:52","guid":{"rendered":"https:\/\/www.safmmarzo.com\/?post_type=product&#038;p=15928"},"modified":"2024-08-18T23:11:56","modified_gmt":"2024-08-18T21:11:56","slug":"retales-de-fisioterapia-archivos-desclasificados","status":"publish","type":"product","link":"https:\/\/www.safmmarzo.com\/es\/producto\/retales-de-fisioterapia-archivos-desclasificados\/","title":{"rendered":"Retales de Fisioter\u00e1pia &#8211; Archivos desclasificados &#8211;"},"content":{"rendered":"","protected":false},"excerpt":{"rendered":"<p>Esta obra no es un compendio de t\u00e9cnicas ni conceptos de fisioterapia, ni un manual exclusivo para el personal sanitario, sino una recolecci\u00f3n de historias del d\u00eda a d\u00eda en su trabajo. Si reemplaz\u00e1semos la palabra \u201cfisioterapia\u201d, por cualquier otra ocupaci\u00f3n, ver\u00edamos reflejadas muchas de las problem\u00e1ticas laborales, alegr\u00edas y penas que puede haber en cualquier desempe\u00f1o profesional.<\/p>\n<p>En este libro se ha reunido a un grupo de profesionales ampliamente reconocidos en su campo de trabajo. Unos con una larga trayectoria profesional y otros con la dulce inocencia laboral de estar rebosantes de vocaci\u00f3n, pero seleccionados por sus grandes capacidades profesionales. Cada uno expone sus experiencias y an\u00e9cdotas contadas desde la s\u00e1tira o la iron\u00eda, de la mano de su amiga la fisioterapia.<\/p>\n<p>En cada uno de los cap\u00edtulos encontrar\u00e1n un c\u00f3digo QR. Dispongan de ellos para exponer sus comentarios, sus opiniones, sus cr\u00edticas\u2026 Esperamos que puedan ustedes gozar de su lectura, al igual que nosotros hemos disfrutado la redacci\u00f3n de cada cap\u00edtulo.<\/p>\n<p>Comentarios de otras web sobre el libro:<\/p>\n<ul>\n<li><a href=\"https:\/\/liderazgo-en-fisioterapia.webnode.es\/presentacion-libro\/\">Liderazgo en Fisioterapia<\/a><\/li>\n<li><a href=\"http:\/\/ejercicioterapeuticouma.es\/retales-de-fisioterapia\/\">#ExpertoET<\/a><\/li>\n<li><a href=\"https:\/\/lafisioterapia.net\/libros-fisioterapia-recomendados\">LaFisioterapia.net<\/a><\/li>\n<\/ul>\n<p><a href=\"https:\/\/www.safmmarzo.com\/wp-content\/uploads\/2021\/01\/retales-de-fisioterapia-vista-previa.pdf\" target=\"_blank\" rel=\"noopener\">Vista previa del libro<\/a><\/p>\n<p>&nbsp;<\/p>\n","protected":false},"featured_media":17179,"comment_status":"closed","ping_status":"closed","template":"","meta":[],"product_cat":[215],"product_tag":[],"class_list":{"0":"post-15928","1":"product","2":"type-product","3":"status-publish","4":"has-post-thumbnail","6":"product_cat-libros","8":"first","9":"instock","10":"shipping-taxable","11":"purchasable","12":"product-type-simple"},"yoast_head":"<!-- This site is optimized with the Yoast SEO plugin v27.1.1 - https:\/\/yoast.com\/product\/yoast-seo-wordpress\/ -->\n<title>Retales de Fisioter\u00e1pia - Archivos desclasificados - Marzo Saude<\/title>\n<meta name=\"description\" content=\"Esta obra no es un compendio de t\u00e9cnicas ni conceptos de fisioterapia, ni un manual exclusivo para el personal sanitario, sino una recolecci\u00f3n de historias del d\u00eda a d\u00eda en su trabajo. Si reemplaz\u00e1semos la palabra \u201cfisioterapia\u201d, por cualquier otra ocupaci\u00f3n, ver\u00edamos reflejadas muchas de las problem\u00e1ticas laborales, alegr\u00edas y penas que puede haber en cualquier desempe\u00f1o profesional.\" \/>\n<meta name=\"robots\" content=\"index, follow, max-snippet:-1, max-image-preview:large, max-video-preview:-1\" \/>\n<link rel=\"canonical\" href=\"https:\/\/www.safmmarzo.com\/producto\/retales-de-fisioterapia-archivos-desclasificados\/\" \/>\n<meta property=\"og:locale\" content=\"es_ES\" \/>\n<meta property=\"og:type\" content=\"article\" \/>\n<meta property=\"og:title\" content=\"Retales de Fisioter\u00e1pia - Archivos desclasificados - Marzo Saude\" \/>\n<meta property=\"og:description\" content=\"Esta obra no es un compendio de t\u00e9cnicas ni conceptos de fisioterapia, ni un manual exclusivo para el personal sanitario, sino una recolecci\u00f3n de historias del d\u00eda a d\u00eda en su trabajo. Si reemplaz\u00e1semos la palabra \u201cfisioterapia\u201d, por cualquier otra ocupaci\u00f3n, ver\u00edamos reflejadas muchas de las problem\u00e1ticas laborales, alegr\u00edas y penas que puede haber en cualquier desempe\u00f1o profesional.\" \/>\n<meta property=\"og:url\" content=\"https:\/\/www.safmmarzo.com\/producto\/retales-de-fisioterapia-archivos-desclasificados\/\" \/>\n<meta property=\"og:site_name\" content=\"Marzo Saude\" \/>\n<meta property=\"article:modified_time\" content=\"2024-08-18T21:11:56+00:00\" \/>\n<meta property=\"og:image\" content=\"https:\/\/www.safmmarzo.com\/wp-content\/uploads\/2021\/01\/cuberta-retales-de-fisioterapia-v3.6-01-736x1024.jpg\" \/>\n\t<meta property=\"og:image:width\" content=\"736\" \/>\n\t<meta property=\"og:image:height\" content=\"1024\" \/>\n\t<meta property=\"og:image:type\" content=\"image\/jpeg\" \/>\n<meta name=\"twitter:card\" content=\"summary_large_image\" \/>\n<script type=\"application\/ld+json\" class=\"yoast-schema-graph\">{\"@context\":\"https:\/\/schema.org\",\"@graph\":[{\"@type\":\"WebPage\",\"@id\":\"https:\/\/www.safmmarzo.com\/producto\/retales-de-fisioterapia-archivos-desclasificados\/\",\"url\":\"https:\/\/www.safmmarzo.com\/producto\/retales-de-fisioterapia-archivos-desclasificados\/\",\"name\":\"Retales de Fisioter\u00e1pia - Archivos desclasificados - Marzo Saude\",\"isPartOf\":{\"@id\":\"https:\/\/www.safmmarzo.com\/#website\"},\"primaryImageOfPage\":{\"@id\":\"https:\/\/www.safmmarzo.com\/producto\/retales-de-fisioterapia-archivos-desclasificados\/#primaryimage\"},\"image\":{\"@id\":\"https:\/\/www.safmmarzo.com\/producto\/retales-de-fisioterapia-archivos-desclasificados\/#primaryimage\"},\"thumbnailUrl\":\"https:\/\/www.safmmarzo.com\/wp-content\/uploads\/2021\/01\/cuberta-retales-de-fisioterapia-v3.6-01.jpg\",\"datePublished\":\"2021-01-21T09:31:52+00:00\",\"dateModified\":\"2024-08-18T21:11:56+00:00\",\"description\":\"Esta obra no es un compendio de t\u00e9cnicas ni conceptos de fisioterapia, ni un manual exclusivo para el personal sanitario, sino una recolecci\u00f3n de historias del d\u00eda a d\u00eda en su trabajo. Si reemplaz\u00e1semos la palabra \u201cfisioterapia\u201d, por cualquier otra ocupaci\u00f3n, ver\u00edamos reflejadas muchas de las problem\u00e1ticas laborales, alegr\u00edas y penas que puede haber en cualquier desempe\u00f1o profesional.\",\"breadcrumb\":{\"@id\":\"https:\/\/www.safmmarzo.com\/producto\/retales-de-fisioterapia-archivos-desclasificados\/#breadcrumb\"},\"inLanguage\":\"es\",\"potentialAction\":[{\"@type\":\"ReadAction\",\"target\":[\"https:\/\/www.safmmarzo.com\/producto\/retales-de-fisioterapia-archivos-desclasificados\/\"]}]},{\"@type\":\"ImageObject\",\"inLanguage\":\"es\",\"@id\":\"https:\/\/www.safmmarzo.com\/producto\/retales-de-fisioterapia-archivos-desclasificados\/#primaryimage\",\"url\":\"https:\/\/www.safmmarzo.com\/wp-content\/uploads\/2021\/01\/cuberta-retales-de-fisioterapia-v3.6-01.jpg\",\"contentUrl\":\"https:\/\/www.safmmarzo.com\/wp-content\/uploads\/2021\/01\/cuberta-retales-de-fisioterapia-v3.6-01.jpg\",\"width\":1784,\"height\":2481},{\"@type\":\"BreadcrumbList\",\"@id\":\"https:\/\/www.safmmarzo.com\/producto\/retales-de-fisioterapia-archivos-desclasificados\/#breadcrumb\",\"itemListElement\":[{\"@type\":\"ListItem\",\"position\":1,\"name\":\"Tenda\",\"item\":\"https:\/\/www.safmmarzo.com\/tenda\/\"},{\"@type\":\"ListItem\",\"position\":2,\"name\":\"Retales de Fisioter\u00e1pia &#8211; Archivos desclasificados &#8211;\"}]},{\"@type\":\"WebSite\",\"@id\":\"https:\/\/www.safmmarzo.com\/#website\",\"url\":\"https:\/\/www.safmmarzo.com\/\",\"name\":\"Marzo Saude\",\"description\":\"\",\"potentialAction\":[{\"@type\":\"SearchAction\",\"target\":{\"@type\":\"EntryPoint\",\"urlTemplate\":\"https:\/\/www.safmmarzo.com\/?s={search_term_string}\"},\"query-input\":{\"@type\":\"PropertyValueSpecification\",\"valueRequired\":true,\"valueName\":\"search_term_string\"}}],\"inLanguage\":\"es\"}]}<\/script>\n<!-- \/ Yoast SEO plugin. -->","yoast_head_json":{"title":"Retales de Fisioter\u00e1pia - Archivos desclasificados - Marzo Saude","description":"Esta obra no es un compendio de t\u00e9cnicas ni conceptos de fisioterapia, ni un manual exclusivo para el personal sanitario, sino una recolecci\u00f3n de historias del d\u00eda a d\u00eda en su trabajo. Si reemplaz\u00e1semos la palabra \u201cfisioterapia\u201d, por cualquier otra ocupaci\u00f3n, ver\u00edamos reflejadas muchas de las problem\u00e1ticas laborales, alegr\u00edas y penas que puede haber en cualquier desempe\u00f1o profesional.","robots":{"index":"index","follow":"follow","max-snippet":"max-snippet:-1","max-image-preview":"max-image-preview:large","max-video-preview":"max-video-preview:-1"},"canonical":"https:\/\/www.safmmarzo.com\/producto\/retales-de-fisioterapia-archivos-desclasificados\/","og_locale":"es_ES","og_type":"article","og_title":"Retales de Fisioter\u00e1pia - Archivos desclasificados - Marzo Saude","og_description":"Esta obra no es un compendio de t\u00e9cnicas ni conceptos de fisioterapia, ni un manual exclusivo para el personal sanitario, sino una recolecci\u00f3n de historias del d\u00eda a d\u00eda en su trabajo. Si reemplaz\u00e1semos la palabra \u201cfisioterapia\u201d, por cualquier otra ocupaci\u00f3n, ver\u00edamos reflejadas muchas de las problem\u00e1ticas laborales, alegr\u00edas y penas que puede haber en cualquier desempe\u00f1o profesional.","og_url":"https:\/\/www.safmmarzo.com\/producto\/retales-de-fisioterapia-archivos-desclasificados\/","og_site_name":"Marzo Saude","article_modified_time":"2024-08-18T21:11:56+00:00","og_image":[{"width":736,"height":1024,"url":"https:\/\/www.safmmarzo.com\/wp-content\/uploads\/2021\/01\/cuberta-retales-de-fisioterapia-v3.6-01-736x1024.jpg","type":"image\/jpeg"}],"twitter_card":"summary_large_image","schema":{"@context":"https:\/\/schema.org","@graph":[{"@type":"WebPage","@id":"https:\/\/www.safmmarzo.com\/producto\/retales-de-fisioterapia-archivos-desclasificados\/","url":"https:\/\/www.safmmarzo.com\/producto\/retales-de-fisioterapia-archivos-desclasificados\/","name":"Retales de Fisioter\u00e1pia - Archivos desclasificados - Marzo Saude","isPartOf":{"@id":"https:\/\/www.safmmarzo.com\/#website"},"primaryImageOfPage":{"@id":"https:\/\/www.safmmarzo.com\/producto\/retales-de-fisioterapia-archivos-desclasificados\/#primaryimage"},"image":{"@id":"https:\/\/www.safmmarzo.com\/producto\/retales-de-fisioterapia-archivos-desclasificados\/#primaryimage"},"thumbnailUrl":"https:\/\/www.safmmarzo.com\/wp-content\/uploads\/2021\/01\/cuberta-retales-de-fisioterapia-v3.6-01.jpg","datePublished":"2021-01-21T09:31:52+00:00","dateModified":"2024-08-18T21:11:56+00:00","description":"Esta obra no es un compendio de t\u00e9cnicas ni conceptos de fisioterapia, ni un manual exclusivo para el personal sanitario, sino una recolecci\u00f3n de historias del d\u00eda a d\u00eda en su trabajo. Si reemplaz\u00e1semos la palabra \u201cfisioterapia\u201d, por cualquier otra ocupaci\u00f3n, ver\u00edamos reflejadas muchas de las problem\u00e1ticas laborales, alegr\u00edas y penas que puede haber en cualquier desempe\u00f1o profesional.","breadcrumb":{"@id":"https:\/\/www.safmmarzo.com\/producto\/retales-de-fisioterapia-archivos-desclasificados\/#breadcrumb"},"inLanguage":"es","potentialAction":[{"@type":"ReadAction","target":["https:\/\/www.safmmarzo.com\/producto\/retales-de-fisioterapia-archivos-desclasificados\/"]}]},{"@type":"ImageObject","inLanguage":"es","@id":"https:\/\/www.safmmarzo.com\/producto\/retales-de-fisioterapia-archivos-desclasificados\/#primaryimage","url":"https:\/\/www.safmmarzo.com\/wp-content\/uploads\/2021\/01\/cuberta-retales-de-fisioterapia-v3.6-01.jpg","contentUrl":"https:\/\/www.safmmarzo.com\/wp-content\/uploads\/2021\/01\/cuberta-retales-de-fisioterapia-v3.6-01.jpg","width":1784,"height":2481},{"@type":"BreadcrumbList","@id":"https:\/\/www.safmmarzo.com\/producto\/retales-de-fisioterapia-archivos-desclasificados\/#breadcrumb","itemListElement":[{"@type":"ListItem","position":1,"name":"Tenda","item":"https:\/\/www.safmmarzo.com\/tenda\/"},{"@type":"ListItem","position":2,"name":"Retales de Fisioter\u00e1pia &#8211; Archivos desclasificados &#8211;"}]},{"@type":"WebSite","@id":"https:\/\/www.safmmarzo.com\/#website","url":"https:\/\/www.safmmarzo.com\/","name":"Marzo Saude","description":"","potentialAction":[{"@type":"SearchAction","target":{"@type":"EntryPoint","urlTemplate":"https:\/\/www.safmmarzo.com\/?s={search_term_string}"},"query-input":{"@type":"PropertyValueSpecification","valueRequired":true,"valueName":"search_term_string"}}],"inLanguage":"es"}]}},"_links":{"self":[{"href":"https:\/\/www.safmmarzo.com\/es\/wp-json\/wp\/v2\/product\/15928","targetHints":{"allow":["GET"]}}],"collection":[{"href":"https:\/\/www.safmmarzo.com\/es\/wp-json\/wp\/v2\/product"}],"about":[{"href":"https:\/\/www.safmmarzo.com\/es\/wp-json\/wp\/v2\/types\/product"}],"replies":[{"embeddable":true,"href":"https:\/\/www.safmmarzo.com\/es\/wp-json\/wp\/v2\/comments?post=15928"}],"wp:featuredmedia":[{"embeddable":true,"href":"https:\/\/www.safmmarzo.com\/es\/wp-json\/wp\/v2\/media\/17179"}],"wp:attachment":[{"href":"https:\/\/www.safmmarzo.com\/es\/wp-json\/wp\/v2\/media?parent=15928"}],"wp:term":[{"taxonomy":"product_cat","embeddable":true,"href":"https:\/\/www.safmmarzo.com\/es\/wp-json\/wp\/v2\/product_cat?post=15928"},{"taxonomy":"product_tag","embeddable":true,"href":"https:\/\/www.safmmarzo.com\/es\/wp-json\/wp\/v2\/product_tag?post=15928"}],"curies":[{"name":"wp","href":"https:\/\/api.w.org\/{rel}","templated":true}]}}