{"id":16140,"date":"2021-06-10T17:37:52","date_gmt":"2021-06-10T16:37:52","guid":{"rendered":"https:\/\/www.safmmarzo.com\/?post_type=product&#038;p=16140"},"modified":"2023-04-20T14:35:15","modified_gmt":"2023-04-20T12:35:15","slug":"paralisis","status":"publish","type":"product","link":"https:\/\/www.safmmarzo.com\/es\/producto\/paralisis\/","title":{"rendered":"GU\u00cdA DE FISIOTERAPIA PARA PACIENTES: REEDUCACI\u00d3N DE LA PAR\u00c1LISIS FACIAL"},"content":{"rendered":"<p>Para comprar pincha<a href=\"https:\/\/www.bubok.es\/libros\/207925\/GUIA-DE-FISIOTERAPIA-PARA-PACIENTES-REEDUCACION-DE-LA-PARALISIS-FACIAL\"> aqui.<\/a><\/p>\n","protected":false},"excerpt":{"rendered":"<p>La par\u00e1lisis facial se caracteriza por una p\u00e9rdida o disminuci\u00f3n de la funci\u00f3n motora y sensorial del nervio facial o VII par craneal.<\/p>\n<p>Se ver\u00e1n afectados los m\u00fasculos de la expresi\u00f3n de la cara y el gusto de los dos tercios anteriores de la lengua principalmente.<\/p>\n<p>Nos centraremos en la\u00a0<b>par\u00e1lisis facial perif\u00e9rica<\/b>, debido a que es la m\u00e1s frecuente.<\/p>\n<p><b>Con esta gu\u00eda ilustrada pretendemos, tras las sesiones de tratamiento, dejar un documento que recuerde al paciente lo aprendido, y que le permita continuar el tratamiento de la par\u00e1lisis facial en casa.<\/b><\/p>\n","protected":false},"featured_media":17193,"comment_status":"closed","ping_status":"closed","template":"","meta":[],"product_cat":[215],"product_tag":[],"class_list":{"0":"post-16140","1":"product","2":"type-product","3":"status-publish","4":"has-post-thumbnail","6":"product_cat-libros","8":"first","9":"instock","10":"shipping-taxable","11":"product-type-external"},"yoast_head":"<!-- This site is optimized with the Yoast SEO plugin v27.1.1 - https:\/\/yoast.com\/product\/yoast-seo-wordpress\/ -->\n<title>GU\u00cdA DE FISIOTERAPIA PARA PACIENTES: REEDUCACI\u00d3N DE LA PAR\u00c1LISIS FACIAL - Marzo Saude<\/title>\n<meta name=\"description\" content=\"La par\u00e1lisis facial se caracteriza por una p\u00e9rdida o disminuci\u00f3n de la funci\u00f3n motora y sensorial del nervio facial o VII par craneal.Se ver\u00e1n afectados los m\u00fasculos de la expresi\u00f3n de la cara y el gusto de los dos tercios anteriores de la lengua principalmente. Nos centraremos en la par\u00e1lisis facial perif\u00e9rica, debido a que es la m\u00e1s frecuente. Con esta gu\u00eda ilustrada pretendemos, tras las sesiones de tratamiento, dejar un documento que recuerde al paciente lo aprendido, y que le permita continuar el tratamiento de la par\u00e1lisis facial en casa.\" \/>\n<meta name=\"robots\" content=\"index, follow, max-snippet:-1, max-image-preview:large, max-video-preview:-1\" \/>\n<link rel=\"canonical\" href=\"https:\/\/www.safmmarzo.com\/producto\/paralisis\/\" \/>\n<meta property=\"og:locale\" content=\"es_ES\" \/>\n<meta property=\"og:type\" content=\"article\" \/>\n<meta property=\"og:title\" content=\"GU\u00cdA DE FISIOTERAPIA PARA PACIENTES: REEDUCACI\u00d3N DE LA PAR\u00c1LISIS FACIAL - Marzo Saude\" \/>\n<meta property=\"og:description\" content=\"La par\u00e1lisis facial se caracteriza por una p\u00e9rdida o disminuci\u00f3n de la funci\u00f3n motora y sensorial del nervio facial o VII par craneal.Se ver\u00e1n afectados los m\u00fasculos de la expresi\u00f3n de la cara y el gusto de los dos tercios anteriores de la lengua principalmente. Nos centraremos en la par\u00e1lisis facial perif\u00e9rica, debido a que es la m\u00e1s frecuente. Con esta gu\u00eda ilustrada pretendemos, tras las sesiones de tratamiento, dejar un documento que recuerde al paciente lo aprendido, y que le permita continuar el tratamiento de la par\u00e1lisis facial en casa.\" \/>\n<meta property=\"og:url\" content=\"https:\/\/www.safmmarzo.com\/producto\/paralisis\/\" \/>\n<meta property=\"og:site_name\" content=\"Marzo Saude\" \/>\n<meta property=\"article:modified_time\" content=\"2023-04-20T12:35:15+00:00\" \/>\n<meta property=\"og:image\" content=\"https:\/\/www.safmmarzo.com\/wp-content\/uploads\/2021\/06\/GUIA-DE-FISIOTERAPIA-PARA-PACIENTES-REEDUCACION-DE-LA-PARALISIS-FACIAL.jpg\" \/>\n\t<meta property=\"og:image:width\" content=\"219\" \/>\n\t<meta property=\"og:image:height\" content=\"313\" \/>\n\t<meta property=\"og:image:type\" content=\"image\/jpeg\" \/>\n<meta name=\"twitter:card\" content=\"summary_large_image\" \/>\n<meta name=\"twitter:label1\" content=\"Tiempo de lectura\" \/>\n\t<meta name=\"twitter:data1\" content=\"1 minuto\" \/>\n<script type=\"application\/ld+json\" class=\"yoast-schema-graph\">{\"@context\":\"https:\/\/schema.org\",\"@graph\":[{\"@type\":\"WebPage\",\"@id\":\"https:\/\/www.safmmarzo.com\/producto\/paralisis\/\",\"url\":\"https:\/\/www.safmmarzo.com\/producto\/paralisis\/\",\"name\":\"GU\u00cdA DE FISIOTERAPIA PARA PACIENTES: REEDUCACI\u00d3N DE LA PAR\u00c1LISIS FACIAL - Marzo Saude\",\"isPartOf\":{\"@id\":\"https:\/\/www.safmmarzo.com\/#website\"},\"primaryImageOfPage\":{\"@id\":\"https:\/\/www.safmmarzo.com\/producto\/paralisis\/#primaryimage\"},\"image\":{\"@id\":\"https:\/\/www.safmmarzo.com\/producto\/paralisis\/#primaryimage\"},\"thumbnailUrl\":\"https:\/\/www.safmmarzo.com\/wp-content\/uploads\/2021\/06\/GUIA-DE-FISIOTERAPIA-PARA-PACIENTES-REEDUCACION-DE-LA-PARALISIS-FACIAL.jpg\",\"datePublished\":\"2021-06-10T16:37:52+00:00\",\"dateModified\":\"2023-04-20T12:35:15+00:00\",\"description\":\"La par\u00e1lisis facial se caracteriza por una p\u00e9rdida o disminuci\u00f3n de la funci\u00f3n motora y sensorial del nervio facial o VII par craneal.Se ver\u00e1n afectados los m\u00fasculos de la expresi\u00f3n de la cara y el gusto de los dos tercios anteriores de la lengua principalmente. Nos centraremos en la par\u00e1lisis facial perif\u00e9rica, debido a que es la m\u00e1s frecuente. Con esta gu\u00eda ilustrada pretendemos, tras las sesiones de tratamiento, dejar un documento que recuerde al paciente lo aprendido, y que le permita continuar el tratamiento de la par\u00e1lisis facial en casa.\",\"breadcrumb\":{\"@id\":\"https:\/\/www.safmmarzo.com\/producto\/paralisis\/#breadcrumb\"},\"inLanguage\":\"es\",\"potentialAction\":[{\"@type\":\"ReadAction\",\"target\":[\"https:\/\/www.safmmarzo.com\/producto\/paralisis\/\"]}]},{\"@type\":\"ImageObject\",\"inLanguage\":\"es\",\"@id\":\"https:\/\/www.safmmarzo.com\/producto\/paralisis\/#primaryimage\",\"url\":\"https:\/\/www.safmmarzo.com\/wp-content\/uploads\/2021\/06\/GUIA-DE-FISIOTERAPIA-PARA-PACIENTES-REEDUCACION-DE-LA-PARALISIS-FACIAL.jpg\",\"contentUrl\":\"https:\/\/www.safmmarzo.com\/wp-content\/uploads\/2021\/06\/GUIA-DE-FISIOTERAPIA-PARA-PACIENTES-REEDUCACION-DE-LA-PARALISIS-FACIAL.jpg\",\"width\":219,\"height\":313},{\"@type\":\"BreadcrumbList\",\"@id\":\"https:\/\/www.safmmarzo.com\/producto\/paralisis\/#breadcrumb\",\"itemListElement\":[{\"@type\":\"ListItem\",\"position\":1,\"name\":\"Tenda\",\"item\":\"https:\/\/www.safmmarzo.com\/tenda\/\"},{\"@type\":\"ListItem\",\"position\":2,\"name\":\"GU\u00cdA DE FISIOTERAPIA PARA PACIENTES: REEDUCACI\u00d3N DE LA PAR\u00c1LISIS FACIAL\"}]},{\"@type\":\"WebSite\",\"@id\":\"https:\/\/www.safmmarzo.com\/#website\",\"url\":\"https:\/\/www.safmmarzo.com\/\",\"name\":\"Marzo Saude\",\"description\":\"\",\"potentialAction\":[{\"@type\":\"SearchAction\",\"target\":{\"@type\":\"EntryPoint\",\"urlTemplate\":\"https:\/\/www.safmmarzo.com\/?s={search_term_string}\"},\"query-input\":{\"@type\":\"PropertyValueSpecification\",\"valueRequired\":true,\"valueName\":\"search_term_string\"}}],\"inLanguage\":\"es\"}]}<\/script>\n<!-- \/ Yoast SEO plugin. -->","yoast_head_json":{"title":"GU\u00cdA DE FISIOTERAPIA PARA PACIENTES: REEDUCACI\u00d3N DE LA PAR\u00c1LISIS FACIAL - Marzo Saude","description":"La par\u00e1lisis facial se caracteriza por una p\u00e9rdida o disminuci\u00f3n de la funci\u00f3n motora y sensorial del nervio facial o VII par craneal.Se ver\u00e1n afectados los m\u00fasculos de la expresi\u00f3n de la cara y el gusto de los dos tercios anteriores de la lengua principalmente. Nos centraremos en la par\u00e1lisis facial perif\u00e9rica, debido a que es la m\u00e1s frecuente. Con esta gu\u00eda ilustrada pretendemos, tras las sesiones de tratamiento, dejar un documento que recuerde al paciente lo aprendido, y que le permita continuar el tratamiento de la par\u00e1lisis facial en casa.","robots":{"index":"index","follow":"follow","max-snippet":"max-snippet:-1","max-image-preview":"max-image-preview:large","max-video-preview":"max-video-preview:-1"},"canonical":"https:\/\/www.safmmarzo.com\/producto\/paralisis\/","og_locale":"es_ES","og_type":"article","og_title":"GU\u00cdA DE FISIOTERAPIA PARA PACIENTES: REEDUCACI\u00d3N DE LA PAR\u00c1LISIS FACIAL - Marzo Saude","og_description":"La par\u00e1lisis facial se caracteriza por una p\u00e9rdida o disminuci\u00f3n de la funci\u00f3n motora y sensorial del nervio facial o VII par craneal.Se ver\u00e1n afectados los m\u00fasculos de la expresi\u00f3n de la cara y el gusto de los dos tercios anteriores de la lengua principalmente. Nos centraremos en la par\u00e1lisis facial perif\u00e9rica, debido a que es la m\u00e1s frecuente. Con esta gu\u00eda ilustrada pretendemos, tras las sesiones de tratamiento, dejar un documento que recuerde al paciente lo aprendido, y que le permita continuar el tratamiento de la par\u00e1lisis facial en casa.","og_url":"https:\/\/www.safmmarzo.com\/producto\/paralisis\/","og_site_name":"Marzo Saude","article_modified_time":"2023-04-20T12:35:15+00:00","og_image":[{"width":219,"height":313,"url":"https:\/\/www.safmmarzo.com\/wp-content\/uploads\/2021\/06\/GUIA-DE-FISIOTERAPIA-PARA-PACIENTES-REEDUCACION-DE-LA-PARALISIS-FACIAL.jpg","type":"image\/jpeg"}],"twitter_card":"summary_large_image","twitter_misc":{"Tiempo de lectura":"1 minuto"},"schema":{"@context":"https:\/\/schema.org","@graph":[{"@type":"WebPage","@id":"https:\/\/www.safmmarzo.com\/producto\/paralisis\/","url":"https:\/\/www.safmmarzo.com\/producto\/paralisis\/","name":"GU\u00cdA DE FISIOTERAPIA PARA PACIENTES: REEDUCACI\u00d3N DE LA PAR\u00c1LISIS FACIAL - Marzo Saude","isPartOf":{"@id":"https:\/\/www.safmmarzo.com\/#website"},"primaryImageOfPage":{"@id":"https:\/\/www.safmmarzo.com\/producto\/paralisis\/#primaryimage"},"image":{"@id":"https:\/\/www.safmmarzo.com\/producto\/paralisis\/#primaryimage"},"thumbnailUrl":"https:\/\/www.safmmarzo.com\/wp-content\/uploads\/2021\/06\/GUIA-DE-FISIOTERAPIA-PARA-PACIENTES-REEDUCACION-DE-LA-PARALISIS-FACIAL.jpg","datePublished":"2021-06-10T16:37:52+00:00","dateModified":"2023-04-20T12:35:15+00:00","description":"La par\u00e1lisis facial se caracteriza por una p\u00e9rdida o disminuci\u00f3n de la funci\u00f3n motora y sensorial del nervio facial o VII par craneal.Se ver\u00e1n afectados los m\u00fasculos de la expresi\u00f3n de la cara y el gusto de los dos tercios anteriores de la lengua principalmente. Nos centraremos en la par\u00e1lisis facial perif\u00e9rica, debido a que es la m\u00e1s frecuente. Con esta gu\u00eda ilustrada pretendemos, tras las sesiones de tratamiento, dejar un documento que recuerde al paciente lo aprendido, y que le permita continuar el tratamiento de la par\u00e1lisis facial en casa.","breadcrumb":{"@id":"https:\/\/www.safmmarzo.com\/producto\/paralisis\/#breadcrumb"},"inLanguage":"es","potentialAction":[{"@type":"ReadAction","target":["https:\/\/www.safmmarzo.com\/producto\/paralisis\/"]}]},{"@type":"ImageObject","inLanguage":"es","@id":"https:\/\/www.safmmarzo.com\/producto\/paralisis\/#primaryimage","url":"https:\/\/www.safmmarzo.com\/wp-content\/uploads\/2021\/06\/GUIA-DE-FISIOTERAPIA-PARA-PACIENTES-REEDUCACION-DE-LA-PARALISIS-FACIAL.jpg","contentUrl":"https:\/\/www.safmmarzo.com\/wp-content\/uploads\/2021\/06\/GUIA-DE-FISIOTERAPIA-PARA-PACIENTES-REEDUCACION-DE-LA-PARALISIS-FACIAL.jpg","width":219,"height":313},{"@type":"BreadcrumbList","@id":"https:\/\/www.safmmarzo.com\/producto\/paralisis\/#breadcrumb","itemListElement":[{"@type":"ListItem","position":1,"name":"Tenda","item":"https:\/\/www.safmmarzo.com\/tenda\/"},{"@type":"ListItem","position":2,"name":"GU\u00cdA DE FISIOTERAPIA PARA PACIENTES: REEDUCACI\u00d3N DE LA PAR\u00c1LISIS FACIAL"}]},{"@type":"WebSite","@id":"https:\/\/www.safmmarzo.com\/#website","url":"https:\/\/www.safmmarzo.com\/","name":"Marzo Saude","description":"","potentialAction":[{"@type":"SearchAction","target":{"@type":"EntryPoint","urlTemplate":"https:\/\/www.safmmarzo.com\/?s={search_term_string}"},"query-input":{"@type":"PropertyValueSpecification","valueRequired":true,"valueName":"search_term_string"}}],"inLanguage":"es"}]}},"_links":{"self":[{"href":"https:\/\/www.safmmarzo.com\/es\/wp-json\/wp\/v2\/product\/16140","targetHints":{"allow":["GET"]}}],"collection":[{"href":"https:\/\/www.safmmarzo.com\/es\/wp-json\/wp\/v2\/product"}],"about":[{"href":"https:\/\/www.safmmarzo.com\/es\/wp-json\/wp\/v2\/types\/product"}],"replies":[{"embeddable":true,"href":"https:\/\/www.safmmarzo.com\/es\/wp-json\/wp\/v2\/comments?post=16140"}],"wp:featuredmedia":[{"embeddable":true,"href":"https:\/\/www.safmmarzo.com\/es\/wp-json\/wp\/v2\/media\/17193"}],"wp:attachment":[{"href":"https:\/\/www.safmmarzo.com\/es\/wp-json\/wp\/v2\/media?parent=16140"}],"wp:term":[{"taxonomy":"product_cat","embeddable":true,"href":"https:\/\/www.safmmarzo.com\/es\/wp-json\/wp\/v2\/product_cat?post=16140"},{"taxonomy":"product_tag","embeddable":true,"href":"https:\/\/www.safmmarzo.com\/es\/wp-json\/wp\/v2\/product_tag?post=16140"}],"curies":[{"name":"wp","href":"https:\/\/api.w.org\/{rel}","templated":true}]}}