{"id":16143,"date":"2021-06-10T17:55:11","date_gmt":"2021-06-10T16:55:11","guid":{"rendered":"https:\/\/www.safmmarzo.com\/?post_type=product&#038;p=16143"},"modified":"2023-04-21T09:21:33","modified_gmt":"2023-04-21T07:21:33","slug":"disfagia","status":"publish","type":"product","link":"https:\/\/www.safmmarzo.com\/es\/producto\/disfagia\/","title":{"rendered":"GU\u00cdA PR\u00c1CTICA PARA FISIOTERAPIA DOMICILIARIA: EJERCICIOS Y NORMAS POSTURALES EN LA DISFAGIA"},"content":{"rendered":"<p>Para comprar pincha<a href=\"https:\/\/www.bubok.es\/libros\/207153\/GUIA-PRACTICA-PARA-FISIOTERAPIA-DOMICILIARIA-EJERCICIOS-Y-NORMAS-POSTURALES-EN-LA-DISFAGIA\"> aqui.<\/a><\/p>\n","protected":false},"excerpt":{"rendered":"<p>La alteraci\u00f3n de la degluci\u00f3n se denomina disfagia.<\/p>\n<p>La causa del 75% de los casos de disfagia orofar\u00edngea es neurol\u00f3gica: demencia, enfermedad de Parkinson y, sobre todo, el Accidente Cerebro Vascular. Siendo el ACV una de las patolog\u00edas m\u00e1s prevalentes que demandan rehabilitaci\u00f3n domiciliaria.<\/p>\n<p>Las complicaciones m\u00e1s frecuentes de la disfagia son la malnutrici\u00f3n y la neumon\u00eda por aspiraci\u00f3n.<\/p>\n<p>Con esta gu\u00eda ilustrada pretendemos, tras las sesiones de tratamiento, dejar un documento que recuerde\u00a0 lo aprendido, a pacientes y familiares, sobre el tratamiento de la disfagia a trav\u00e9s de ejercicios espec\u00edficos y\u00a0 sobre la prevenci\u00f3n de sus complicaciones mediante normas posturales.<\/p>\n","protected":false},"featured_media":17197,"comment_status":"closed","ping_status":"closed","template":"","meta":[],"product_cat":[215],"product_tag":[],"class_list":{"0":"post-16143","1":"product","2":"type-product","3":"status-publish","4":"has-post-thumbnail","6":"product_cat-libros","8":"first","9":"instock","10":"shipping-taxable","11":"product-type-external"},"yoast_head":"<!-- This site is optimized with the Yoast SEO plugin v27.1.1 - https:\/\/yoast.com\/product\/yoast-seo-wordpress\/ -->\n<title>GU\u00cdA PR\u00c1CTICA PARA FISIOTERAPIA DOMICILIARIA: EJERCICIOS Y NORMAS POSTURALES EN LA DISFAGIA - Marzo Saude<\/title>\n<meta name=\"description\" content=\"La alteraci\u00f3n de la degluci\u00f3n se denomina disfagia. La causa del 75% de los casos de disfagia orofar\u00edngea es neurol\u00f3gica: demencia, enfermedad de Parkinson y, sobre todo, el Accidente Cerebro Vascular. Siendo el ACV una de las patolog\u00edas m\u00e1s prevalentes que demandan rehabilitaci\u00f3n domiciliaria.Las complicaciones m\u00e1s frecuentes de la disfagia son la malnutrici\u00f3n y la neumon\u00eda por aspiraci\u00f3n.Con esta gu\u00eda ilustrada pretendemos, tras las sesiones de tratamiento, dejar un documento que recuerde lo aprendido, a pacientes y familiares, sobre el tratamiento de la disfagia a trav\u00e9s de ejercicios espec\u00edficos y sobre la prevenci\u00f3n de sus complicaciones mediante normas posturales.\" \/>\n<meta name=\"robots\" content=\"index, follow, max-snippet:-1, max-image-preview:large, max-video-preview:-1\" \/>\n<link rel=\"canonical\" href=\"https:\/\/www.safmmarzo.com\/producto\/disfagia\/\" \/>\n<meta property=\"og:locale\" content=\"es_ES\" \/>\n<meta property=\"og:type\" content=\"article\" \/>\n<meta property=\"og:title\" content=\"GU\u00cdA PR\u00c1CTICA PARA FISIOTERAPIA DOMICILIARIA: EJERCICIOS Y NORMAS POSTURALES EN LA DISFAGIA - Marzo Saude\" \/>\n<meta property=\"og:description\" content=\"La alteraci\u00f3n de la degluci\u00f3n se denomina disfagia. La causa del 75% de los casos de disfagia orofar\u00edngea es neurol\u00f3gica: demencia, enfermedad de Parkinson y, sobre todo, el Accidente Cerebro Vascular. Siendo el ACV una de las patolog\u00edas m\u00e1s prevalentes que demandan rehabilitaci\u00f3n domiciliaria.Las complicaciones m\u00e1s frecuentes de la disfagia son la malnutrici\u00f3n y la neumon\u00eda por aspiraci\u00f3n.Con esta gu\u00eda ilustrada pretendemos, tras las sesiones de tratamiento, dejar un documento que recuerde lo aprendido, a pacientes y familiares, sobre el tratamiento de la disfagia a trav\u00e9s de ejercicios espec\u00edficos y sobre la prevenci\u00f3n de sus complicaciones mediante normas posturales.\" \/>\n<meta property=\"og:url\" content=\"https:\/\/www.safmmarzo.com\/producto\/disfagia\/\" \/>\n<meta property=\"og:site_name\" content=\"Marzo Saude\" \/>\n<meta property=\"article:modified_time\" content=\"2023-04-21T07:21:33+00:00\" \/>\n<meta property=\"og:image\" content=\"https:\/\/www.safmmarzo.com\/wp-content\/uploads\/2021\/06\/GUIA-PRACTICA-PARA-FISIOTERAPIA-DOMICILIARIA-EJERCICIOS-Y-NORMAS-POSTURALES-EN-LA-DISFAGIA.jpg\" \/>\n\t<meta property=\"og:image:width\" content=\"218\" \/>\n\t<meta property=\"og:image:height\" content=\"340\" \/>\n\t<meta property=\"og:image:type\" content=\"image\/jpeg\" \/>\n<meta name=\"twitter:card\" content=\"summary_large_image\" \/>\n<meta name=\"twitter:label1\" content=\"Tiempo de lectura\" \/>\n\t<meta name=\"twitter:data1\" content=\"1 minuto\" \/>\n<script type=\"application\/ld+json\" class=\"yoast-schema-graph\">{\"@context\":\"https:\/\/schema.org\",\"@graph\":[{\"@type\":\"WebPage\",\"@id\":\"https:\/\/www.safmmarzo.com\/producto\/disfagia\/\",\"url\":\"https:\/\/www.safmmarzo.com\/producto\/disfagia\/\",\"name\":\"GU\u00cdA PR\u00c1CTICA PARA FISIOTERAPIA DOMICILIARIA: EJERCICIOS Y NORMAS POSTURALES EN LA DISFAGIA - Marzo Saude\",\"isPartOf\":{\"@id\":\"https:\/\/www.safmmarzo.com\/#website\"},\"primaryImageOfPage\":{\"@id\":\"https:\/\/www.safmmarzo.com\/producto\/disfagia\/#primaryimage\"},\"image\":{\"@id\":\"https:\/\/www.safmmarzo.com\/producto\/disfagia\/#primaryimage\"},\"thumbnailUrl\":\"https:\/\/www.safmmarzo.com\/wp-content\/uploads\/2021\/06\/GUIA-PRACTICA-PARA-FISIOTERAPIA-DOMICILIARIA-EJERCICIOS-Y-NORMAS-POSTURALES-EN-LA-DISFAGIA.jpg\",\"datePublished\":\"2021-06-10T16:55:11+00:00\",\"dateModified\":\"2023-04-21T07:21:33+00:00\",\"description\":\"La alteraci\u00f3n de la degluci\u00f3n se denomina disfagia. La causa del 75% de los casos de disfagia orofar\u00edngea es neurol\u00f3gica: demencia, enfermedad de Parkinson y, sobre todo, el Accidente Cerebro Vascular. Siendo el ACV una de las patolog\u00edas m\u00e1s prevalentes que demandan rehabilitaci\u00f3n domiciliaria.Las complicaciones m\u00e1s frecuentes de la disfagia son la malnutrici\u00f3n y la neumon\u00eda por aspiraci\u00f3n.Con esta gu\u00eda ilustrada pretendemos, tras las sesiones de tratamiento, dejar un documento que recuerde lo aprendido, a pacientes y familiares, sobre el tratamiento de la disfagia a trav\u00e9s de ejercicios espec\u00edficos y sobre la prevenci\u00f3n de sus complicaciones mediante normas posturales.\",\"breadcrumb\":{\"@id\":\"https:\/\/www.safmmarzo.com\/producto\/disfagia\/#breadcrumb\"},\"inLanguage\":\"es\",\"potentialAction\":[{\"@type\":\"ReadAction\",\"target\":[\"https:\/\/www.safmmarzo.com\/producto\/disfagia\/\"]}]},{\"@type\":\"ImageObject\",\"inLanguage\":\"es\",\"@id\":\"https:\/\/www.safmmarzo.com\/producto\/disfagia\/#primaryimage\",\"url\":\"https:\/\/www.safmmarzo.com\/wp-content\/uploads\/2021\/06\/GUIA-PRACTICA-PARA-FISIOTERAPIA-DOMICILIARIA-EJERCICIOS-Y-NORMAS-POSTURALES-EN-LA-DISFAGIA.jpg\",\"contentUrl\":\"https:\/\/www.safmmarzo.com\/wp-content\/uploads\/2021\/06\/GUIA-PRACTICA-PARA-FISIOTERAPIA-DOMICILIARIA-EJERCICIOS-Y-NORMAS-POSTURALES-EN-LA-DISFAGIA.jpg\",\"width\":218,\"height\":340},{\"@type\":\"BreadcrumbList\",\"@id\":\"https:\/\/www.safmmarzo.com\/producto\/disfagia\/#breadcrumb\",\"itemListElement\":[{\"@type\":\"ListItem\",\"position\":1,\"name\":\"Tenda\",\"item\":\"https:\/\/www.safmmarzo.com\/tenda\/\"},{\"@type\":\"ListItem\",\"position\":2,\"name\":\"GU\u00cdA PR\u00c1CTICA PARA FISIOTERAPIA DOMICILIARIA: EJERCICIOS Y NORMAS POSTURALES EN LA DISFAGIA\"}]},{\"@type\":\"WebSite\",\"@id\":\"https:\/\/www.safmmarzo.com\/#website\",\"url\":\"https:\/\/www.safmmarzo.com\/\",\"name\":\"Marzo Saude\",\"description\":\"\",\"potentialAction\":[{\"@type\":\"SearchAction\",\"target\":{\"@type\":\"EntryPoint\",\"urlTemplate\":\"https:\/\/www.safmmarzo.com\/?s={search_term_string}\"},\"query-input\":{\"@type\":\"PropertyValueSpecification\",\"valueRequired\":true,\"valueName\":\"search_term_string\"}}],\"inLanguage\":\"es\"}]}<\/script>\n<!-- \/ Yoast SEO plugin. -->","yoast_head_json":{"title":"GU\u00cdA PR\u00c1CTICA PARA FISIOTERAPIA DOMICILIARIA: EJERCICIOS Y NORMAS POSTURALES EN LA DISFAGIA - Marzo Saude","description":"La alteraci\u00f3n de la degluci\u00f3n se denomina disfagia. La causa del 75% de los casos de disfagia orofar\u00edngea es neurol\u00f3gica: demencia, enfermedad de Parkinson y, sobre todo, el Accidente Cerebro Vascular. Siendo el ACV una de las patolog\u00edas m\u00e1s prevalentes que demandan rehabilitaci\u00f3n domiciliaria.Las complicaciones m\u00e1s frecuentes de la disfagia son la malnutrici\u00f3n y la neumon\u00eda por aspiraci\u00f3n.Con esta gu\u00eda ilustrada pretendemos, tras las sesiones de tratamiento, dejar un documento que recuerde lo aprendido, a pacientes y familiares, sobre el tratamiento de la disfagia a trav\u00e9s de ejercicios espec\u00edficos y sobre la prevenci\u00f3n de sus complicaciones mediante normas posturales.","robots":{"index":"index","follow":"follow","max-snippet":"max-snippet:-1","max-image-preview":"max-image-preview:large","max-video-preview":"max-video-preview:-1"},"canonical":"https:\/\/www.safmmarzo.com\/producto\/disfagia\/","og_locale":"es_ES","og_type":"article","og_title":"GU\u00cdA PR\u00c1CTICA PARA FISIOTERAPIA DOMICILIARIA: EJERCICIOS Y NORMAS POSTURALES EN LA DISFAGIA - Marzo Saude","og_description":"La alteraci\u00f3n de la degluci\u00f3n se denomina disfagia. La causa del 75% de los casos de disfagia orofar\u00edngea es neurol\u00f3gica: demencia, enfermedad de Parkinson y, sobre todo, el Accidente Cerebro Vascular. Siendo el ACV una de las patolog\u00edas m\u00e1s prevalentes que demandan rehabilitaci\u00f3n domiciliaria.Las complicaciones m\u00e1s frecuentes de la disfagia son la malnutrici\u00f3n y la neumon\u00eda por aspiraci\u00f3n.Con esta gu\u00eda ilustrada pretendemos, tras las sesiones de tratamiento, dejar un documento que recuerde lo aprendido, a pacientes y familiares, sobre el tratamiento de la disfagia a trav\u00e9s de ejercicios espec\u00edficos y sobre la prevenci\u00f3n de sus complicaciones mediante normas posturales.","og_url":"https:\/\/www.safmmarzo.com\/producto\/disfagia\/","og_site_name":"Marzo Saude","article_modified_time":"2023-04-21T07:21:33+00:00","og_image":[{"width":218,"height":340,"url":"https:\/\/www.safmmarzo.com\/wp-content\/uploads\/2021\/06\/GUIA-PRACTICA-PARA-FISIOTERAPIA-DOMICILIARIA-EJERCICIOS-Y-NORMAS-POSTURALES-EN-LA-DISFAGIA.jpg","type":"image\/jpeg"}],"twitter_card":"summary_large_image","twitter_misc":{"Tiempo de lectura":"1 minuto"},"schema":{"@context":"https:\/\/schema.org","@graph":[{"@type":"WebPage","@id":"https:\/\/www.safmmarzo.com\/producto\/disfagia\/","url":"https:\/\/www.safmmarzo.com\/producto\/disfagia\/","name":"GU\u00cdA PR\u00c1CTICA PARA FISIOTERAPIA DOMICILIARIA: EJERCICIOS Y NORMAS POSTURALES EN LA DISFAGIA - Marzo Saude","isPartOf":{"@id":"https:\/\/www.safmmarzo.com\/#website"},"primaryImageOfPage":{"@id":"https:\/\/www.safmmarzo.com\/producto\/disfagia\/#primaryimage"},"image":{"@id":"https:\/\/www.safmmarzo.com\/producto\/disfagia\/#primaryimage"},"thumbnailUrl":"https:\/\/www.safmmarzo.com\/wp-content\/uploads\/2021\/06\/GUIA-PRACTICA-PARA-FISIOTERAPIA-DOMICILIARIA-EJERCICIOS-Y-NORMAS-POSTURALES-EN-LA-DISFAGIA.jpg","datePublished":"2021-06-10T16:55:11+00:00","dateModified":"2023-04-21T07:21:33+00:00","description":"La alteraci\u00f3n de la degluci\u00f3n se denomina disfagia. La causa del 75% de los casos de disfagia orofar\u00edngea es neurol\u00f3gica: demencia, enfermedad de Parkinson y, sobre todo, el Accidente Cerebro Vascular. Siendo el ACV una de las patolog\u00edas m\u00e1s prevalentes que demandan rehabilitaci\u00f3n domiciliaria.Las complicaciones m\u00e1s frecuentes de la disfagia son la malnutrici\u00f3n y la neumon\u00eda por aspiraci\u00f3n.Con esta gu\u00eda ilustrada pretendemos, tras las sesiones de tratamiento, dejar un documento que recuerde lo aprendido, a pacientes y familiares, sobre el tratamiento de la disfagia a trav\u00e9s de ejercicios espec\u00edficos y sobre la prevenci\u00f3n de sus complicaciones mediante normas posturales.","breadcrumb":{"@id":"https:\/\/www.safmmarzo.com\/producto\/disfagia\/#breadcrumb"},"inLanguage":"es","potentialAction":[{"@type":"ReadAction","target":["https:\/\/www.safmmarzo.com\/producto\/disfagia\/"]}]},{"@type":"ImageObject","inLanguage":"es","@id":"https:\/\/www.safmmarzo.com\/producto\/disfagia\/#primaryimage","url":"https:\/\/www.safmmarzo.com\/wp-content\/uploads\/2021\/06\/GUIA-PRACTICA-PARA-FISIOTERAPIA-DOMICILIARIA-EJERCICIOS-Y-NORMAS-POSTURALES-EN-LA-DISFAGIA.jpg","contentUrl":"https:\/\/www.safmmarzo.com\/wp-content\/uploads\/2021\/06\/GUIA-PRACTICA-PARA-FISIOTERAPIA-DOMICILIARIA-EJERCICIOS-Y-NORMAS-POSTURALES-EN-LA-DISFAGIA.jpg","width":218,"height":340},{"@type":"BreadcrumbList","@id":"https:\/\/www.safmmarzo.com\/producto\/disfagia\/#breadcrumb","itemListElement":[{"@type":"ListItem","position":1,"name":"Tenda","item":"https:\/\/www.safmmarzo.com\/tenda\/"},{"@type":"ListItem","position":2,"name":"GU\u00cdA PR\u00c1CTICA PARA FISIOTERAPIA DOMICILIARIA: EJERCICIOS Y NORMAS POSTURALES EN LA DISFAGIA"}]},{"@type":"WebSite","@id":"https:\/\/www.safmmarzo.com\/#website","url":"https:\/\/www.safmmarzo.com\/","name":"Marzo Saude","description":"","potentialAction":[{"@type":"SearchAction","target":{"@type":"EntryPoint","urlTemplate":"https:\/\/www.safmmarzo.com\/?s={search_term_string}"},"query-input":{"@type":"PropertyValueSpecification","valueRequired":true,"valueName":"search_term_string"}}],"inLanguage":"es"}]}},"_links":{"self":[{"href":"https:\/\/www.safmmarzo.com\/es\/wp-json\/wp\/v2\/product\/16143","targetHints":{"allow":["GET"]}}],"collection":[{"href":"https:\/\/www.safmmarzo.com\/es\/wp-json\/wp\/v2\/product"}],"about":[{"href":"https:\/\/www.safmmarzo.com\/es\/wp-json\/wp\/v2\/types\/product"}],"replies":[{"embeddable":true,"href":"https:\/\/www.safmmarzo.com\/es\/wp-json\/wp\/v2\/comments?post=16143"}],"wp:featuredmedia":[{"embeddable":true,"href":"https:\/\/www.safmmarzo.com\/es\/wp-json\/wp\/v2\/media\/17197"}],"wp:attachment":[{"href":"https:\/\/www.safmmarzo.com\/es\/wp-json\/wp\/v2\/media?parent=16143"}],"wp:term":[{"taxonomy":"product_cat","embeddable":true,"href":"https:\/\/www.safmmarzo.com\/es\/wp-json\/wp\/v2\/product_cat?post=16143"},{"taxonomy":"product_tag","embeddable":true,"href":"https:\/\/www.safmmarzo.com\/es\/wp-json\/wp\/v2\/product_tag?post=16143"}],"curies":[{"name":"wp","href":"https:\/\/api.w.org\/{rel}","templated":true}]}}