{"id":16147,"date":"2021-06-10T18:00:07","date_gmt":"2021-06-10T17:00:07","guid":{"rendered":"https:\/\/www.safmmarzo.com\/?post_type=product&#038;p=16147"},"modified":"2023-04-21T09:19:31","modified_gmt":"2023-04-21T07:19:31","slug":"higiene-para-manipulador-de-alimentos","status":"publish","type":"product","link":"https:\/\/www.safmmarzo.com\/es\/producto\/higiene-para-manipulador-de-alimentos\/","title":{"rendered":"Higiene para Manipuladores de Alimentos. Manual b\u00e1sico para la industria alimentaria."},"content":{"rendered":"<p>Para comprar pincha<a href=\"https:\/\/www.bubok.es\/libros\/203023\/Higiene-para-Manipuladores-de-Alimentos-Manual-basico-para-la-industria-alimentaria\"> aqui.<\/a><\/p>\n","protected":false},"excerpt":{"rendered":"<p>El objetivo de ese documento es transmitir, tanto al personal implicado en la manipulaci\u00f3n de alimentos, como a los responsables de empresas del sector,\u00a0 los conocimientos b\u00e1sicos en materia de higiene alimentaria, con el fin de conseguir una correcta aplicaci\u00f3n de la normativa higi\u00e9nico-sanitaria exigible en la elaboraci\u00f3n, almacenamiento y transporte de materias primas, productos semielaborados y terminados.<\/p>\n<p>De forma espec\u00edfica, tambi\u00e9n pretende conseguir minimizar o eliminar los riesgos potenciales para la salud de los consumidores, transmitidos por los alimentos y asociados a la actividad laboral que los manipuladores de \u00e9stos desarrollan en su actividad laboral.<\/p>\n<p>Este manual proporciona la base para la correcta aplicaci\u00f3n de las normas higi\u00e9nico-sanitarias que cualquier empresa del sector alimentario debe cumplir, abarcando toda la cadena alimentaria, independientemente del tama\u00f1o del establecimiento o industria, y de la actividad que en ella se realice.<\/p>\n","protected":false},"featured_media":16959,"comment_status":"closed","ping_status":"closed","template":"","meta":[],"product_cat":[215],"product_tag":[],"class_list":{"0":"post-16147","1":"product","2":"type-product","3":"status-publish","4":"has-post-thumbnail","6":"product_cat-libros","8":"first","9":"instock","10":"shipping-taxable","11":"product-type-external"},"yoast_head":"<!-- This site is optimized with the Yoast SEO plugin v27.1.1 - https:\/\/yoast.com\/product\/yoast-seo-wordpress\/ -->\n<title>Higiene para Manipuladores de Alimentos. Manual b\u00e1sico para la industria alimentaria. - Marzo Saude<\/title>\n<meta name=\"description\" content=\"El objetivo de ese documento es transmitir, tanto al personal implicado en la manipulaci\u00f3n de alimentos, como a los responsables de empresas del sector, los conocimientos b\u00e1sicos en materia de higiene alimentaria, con el fin de conseguir una correcta aplicaci\u00f3n de la normativa higi\u00e9nico-sanitaria exigible en la elaboraci\u00f3n, almacenamiento y transporte de materias primas, productos semielaborados y terminados.De forma espec\u00edfica, tambi\u00e9n pretende conseguir minimizar o eliminar los riesgos potenciales para la salud de los consumidores, transmitidos por los alimentos y asociados a la actividad laboral que los manipuladores de \u00e9stos desarrollan en su actividad laboral.Este manual proporciona la base para la correcta aplicaci\u00f3n de las normas higi\u00e9nico-sanitarias que cualquier empresa del sector alimentario debe cumplir, abarcando toda la cadena alimentaria, independientemente del tama\u00f1o del establecimiento o industria, y de la actividad que en ella se realice.\" \/>\n<meta name=\"robots\" content=\"index, follow, max-snippet:-1, max-image-preview:large, max-video-preview:-1\" \/>\n<link rel=\"canonical\" href=\"https:\/\/www.safmmarzo.com\/producto\/higiene-para-manipulador-de-alimentos\/\" \/>\n<meta property=\"og:locale\" content=\"es_ES\" \/>\n<meta property=\"og:type\" content=\"article\" \/>\n<meta property=\"og:title\" content=\"Higiene para Manipuladores de Alimentos. Manual b\u00e1sico para la industria alimentaria. - Marzo Saude\" \/>\n<meta property=\"og:description\" content=\"El objetivo de ese documento es transmitir, tanto al personal implicado en la manipulaci\u00f3n de alimentos, como a los responsables de empresas del sector, los conocimientos b\u00e1sicos en materia de higiene alimentaria, con el fin de conseguir una correcta aplicaci\u00f3n de la normativa higi\u00e9nico-sanitaria exigible en la elaboraci\u00f3n, almacenamiento y transporte de materias primas, productos semielaborados y terminados.De forma espec\u00edfica, tambi\u00e9n pretende conseguir minimizar o eliminar los riesgos potenciales para la salud de los consumidores, transmitidos por los alimentos y asociados a la actividad laboral que los manipuladores de \u00e9stos desarrollan en su actividad laboral.Este manual proporciona la base para la correcta aplicaci\u00f3n de las normas higi\u00e9nico-sanitarias que cualquier empresa del sector alimentario debe cumplir, abarcando toda la cadena alimentaria, independientemente del tama\u00f1o del establecimiento o industria, y de la actividad que en ella se realice.\" \/>\n<meta property=\"og:url\" content=\"https:\/\/www.safmmarzo.com\/producto\/higiene-para-manipulador-de-alimentos\/\" \/>\n<meta property=\"og:site_name\" content=\"Marzo Saude\" \/>\n<meta property=\"article:modified_time\" content=\"2023-04-21T07:19:31+00:00\" \/>\n<meta property=\"og:image\" content=\"https:\/\/www.safmmarzo.com\/wp-content\/uploads\/2021\/06\/Higiene-para-Manipuladores-de-Alimentos-Manual-basico-para-la-industria-alimentaria.jpg\" \/>\n\t<meta property=\"og:image:width\" content=\"218\" \/>\n\t<meta property=\"og:image:height\" content=\"340\" \/>\n\t<meta property=\"og:image:type\" content=\"image\/jpeg\" \/>\n<meta name=\"twitter:card\" content=\"summary_large_image\" \/>\n<meta name=\"twitter:label1\" content=\"Tiempo de lectura\" \/>\n\t<meta name=\"twitter:data1\" content=\"1 minuto\" \/>\n<script type=\"application\/ld+json\" class=\"yoast-schema-graph\">{\"@context\":\"https:\/\/schema.org\",\"@graph\":[{\"@type\":\"WebPage\",\"@id\":\"https:\/\/www.safmmarzo.com\/producto\/higiene-para-manipulador-de-alimentos\/\",\"url\":\"https:\/\/www.safmmarzo.com\/producto\/higiene-para-manipulador-de-alimentos\/\",\"name\":\"Higiene para Manipuladores de Alimentos. Manual b\u00e1sico para la industria alimentaria. - Marzo Saude\",\"isPartOf\":{\"@id\":\"https:\/\/www.safmmarzo.com\/#website\"},\"primaryImageOfPage\":{\"@id\":\"https:\/\/www.safmmarzo.com\/producto\/higiene-para-manipulador-de-alimentos\/#primaryimage\"},\"image\":{\"@id\":\"https:\/\/www.safmmarzo.com\/producto\/higiene-para-manipulador-de-alimentos\/#primaryimage\"},\"thumbnailUrl\":\"https:\/\/www.safmmarzo.com\/wp-content\/uploads\/2021\/06\/Higiene-para-Manipuladores-de-Alimentos-Manual-basico-para-la-industria-alimentaria.jpg\",\"datePublished\":\"2021-06-10T17:00:07+00:00\",\"dateModified\":\"2023-04-21T07:19:31+00:00\",\"description\":\"El objetivo de ese documento es transmitir, tanto al personal implicado en la manipulaci\u00f3n de alimentos, como a los responsables de empresas del sector, los conocimientos b\u00e1sicos en materia de higiene alimentaria, con el fin de conseguir una correcta aplicaci\u00f3n de la normativa higi\u00e9nico-sanitaria exigible en la elaboraci\u00f3n, almacenamiento y transporte de materias primas, productos semielaborados y terminados.De forma espec\u00edfica, tambi\u00e9n pretende conseguir minimizar o eliminar los riesgos potenciales para la salud de los consumidores, transmitidos por los alimentos y asociados a la actividad laboral que los manipuladores de \u00e9stos desarrollan en su actividad laboral.Este manual proporciona la base para la correcta aplicaci\u00f3n de las normas higi\u00e9nico-sanitarias que cualquier empresa del sector alimentario debe cumplir, abarcando toda la cadena alimentaria, independientemente del tama\u00f1o del establecimiento o industria, y de la actividad que en ella se realice.\",\"breadcrumb\":{\"@id\":\"https:\/\/www.safmmarzo.com\/producto\/higiene-para-manipulador-de-alimentos\/#breadcrumb\"},\"inLanguage\":\"es\",\"potentialAction\":[{\"@type\":\"ReadAction\",\"target\":[\"https:\/\/www.safmmarzo.com\/producto\/higiene-para-manipulador-de-alimentos\/\"]}]},{\"@type\":\"ImageObject\",\"inLanguage\":\"es\",\"@id\":\"https:\/\/www.safmmarzo.com\/producto\/higiene-para-manipulador-de-alimentos\/#primaryimage\",\"url\":\"https:\/\/www.safmmarzo.com\/wp-content\/uploads\/2021\/06\/Higiene-para-Manipuladores-de-Alimentos-Manual-basico-para-la-industria-alimentaria.jpg\",\"contentUrl\":\"https:\/\/www.safmmarzo.com\/wp-content\/uploads\/2021\/06\/Higiene-para-Manipuladores-de-Alimentos-Manual-basico-para-la-industria-alimentaria.jpg\",\"width\":218,\"height\":340},{\"@type\":\"BreadcrumbList\",\"@id\":\"https:\/\/www.safmmarzo.com\/producto\/higiene-para-manipulador-de-alimentos\/#breadcrumb\",\"itemListElement\":[{\"@type\":\"ListItem\",\"position\":1,\"name\":\"Tenda\",\"item\":\"https:\/\/www.safmmarzo.com\/tenda\/\"},{\"@type\":\"ListItem\",\"position\":2,\"name\":\"Higiene para Manipuladores de Alimentos. Manual b\u00e1sico para la industria alimentaria.\"}]},{\"@type\":\"WebSite\",\"@id\":\"https:\/\/www.safmmarzo.com\/#website\",\"url\":\"https:\/\/www.safmmarzo.com\/\",\"name\":\"Marzo Saude\",\"description\":\"\",\"potentialAction\":[{\"@type\":\"SearchAction\",\"target\":{\"@type\":\"EntryPoint\",\"urlTemplate\":\"https:\/\/www.safmmarzo.com\/?s={search_term_string}\"},\"query-input\":{\"@type\":\"PropertyValueSpecification\",\"valueRequired\":true,\"valueName\":\"search_term_string\"}}],\"inLanguage\":\"es\"}]}<\/script>\n<!-- \/ Yoast SEO plugin. -->","yoast_head_json":{"title":"Higiene para Manipuladores de Alimentos. Manual b\u00e1sico para la industria alimentaria. - Marzo Saude","description":"El objetivo de ese documento es transmitir, tanto al personal implicado en la manipulaci\u00f3n de alimentos, como a los responsables de empresas del sector, los conocimientos b\u00e1sicos en materia de higiene alimentaria, con el fin de conseguir una correcta aplicaci\u00f3n de la normativa higi\u00e9nico-sanitaria exigible en la elaboraci\u00f3n, almacenamiento y transporte de materias primas, productos semielaborados y terminados.De forma espec\u00edfica, tambi\u00e9n pretende conseguir minimizar o eliminar los riesgos potenciales para la salud de los consumidores, transmitidos por los alimentos y asociados a la actividad laboral que los manipuladores de \u00e9stos desarrollan en su actividad laboral.Este manual proporciona la base para la correcta aplicaci\u00f3n de las normas higi\u00e9nico-sanitarias que cualquier empresa del sector alimentario debe cumplir, abarcando toda la cadena alimentaria, independientemente del tama\u00f1o del establecimiento o industria, y de la actividad que en ella se realice.","robots":{"index":"index","follow":"follow","max-snippet":"max-snippet:-1","max-image-preview":"max-image-preview:large","max-video-preview":"max-video-preview:-1"},"canonical":"https:\/\/www.safmmarzo.com\/producto\/higiene-para-manipulador-de-alimentos\/","og_locale":"es_ES","og_type":"article","og_title":"Higiene para Manipuladores de Alimentos. Manual b\u00e1sico para la industria alimentaria. - Marzo Saude","og_description":"El objetivo de ese documento es transmitir, tanto al personal implicado en la manipulaci\u00f3n de alimentos, como a los responsables de empresas del sector, los conocimientos b\u00e1sicos en materia de higiene alimentaria, con el fin de conseguir una correcta aplicaci\u00f3n de la normativa higi\u00e9nico-sanitaria exigible en la elaboraci\u00f3n, almacenamiento y transporte de materias primas, productos semielaborados y terminados.De forma espec\u00edfica, tambi\u00e9n pretende conseguir minimizar o eliminar los riesgos potenciales para la salud de los consumidores, transmitidos por los alimentos y asociados a la actividad laboral que los manipuladores de \u00e9stos desarrollan en su actividad laboral.Este manual proporciona la base para la correcta aplicaci\u00f3n de las normas higi\u00e9nico-sanitarias que cualquier empresa del sector alimentario debe cumplir, abarcando toda la cadena alimentaria, independientemente del tama\u00f1o del establecimiento o industria, y de la actividad que en ella se realice.","og_url":"https:\/\/www.safmmarzo.com\/producto\/higiene-para-manipulador-de-alimentos\/","og_site_name":"Marzo Saude","article_modified_time":"2023-04-21T07:19:31+00:00","og_image":[{"width":218,"height":340,"url":"https:\/\/www.safmmarzo.com\/wp-content\/uploads\/2021\/06\/Higiene-para-Manipuladores-de-Alimentos-Manual-basico-para-la-industria-alimentaria.jpg","type":"image\/jpeg"}],"twitter_card":"summary_large_image","twitter_misc":{"Tiempo de lectura":"1 minuto"},"schema":{"@context":"https:\/\/schema.org","@graph":[{"@type":"WebPage","@id":"https:\/\/www.safmmarzo.com\/producto\/higiene-para-manipulador-de-alimentos\/","url":"https:\/\/www.safmmarzo.com\/producto\/higiene-para-manipulador-de-alimentos\/","name":"Higiene para Manipuladores de Alimentos. Manual b\u00e1sico para la industria alimentaria. - Marzo Saude","isPartOf":{"@id":"https:\/\/www.safmmarzo.com\/#website"},"primaryImageOfPage":{"@id":"https:\/\/www.safmmarzo.com\/producto\/higiene-para-manipulador-de-alimentos\/#primaryimage"},"image":{"@id":"https:\/\/www.safmmarzo.com\/producto\/higiene-para-manipulador-de-alimentos\/#primaryimage"},"thumbnailUrl":"https:\/\/www.safmmarzo.com\/wp-content\/uploads\/2021\/06\/Higiene-para-Manipuladores-de-Alimentos-Manual-basico-para-la-industria-alimentaria.jpg","datePublished":"2021-06-10T17:00:07+00:00","dateModified":"2023-04-21T07:19:31+00:00","description":"El objetivo de ese documento es transmitir, tanto al personal implicado en la manipulaci\u00f3n de alimentos, como a los responsables de empresas del sector, los conocimientos b\u00e1sicos en materia de higiene alimentaria, con el fin de conseguir una correcta aplicaci\u00f3n de la normativa higi\u00e9nico-sanitaria exigible en la elaboraci\u00f3n, almacenamiento y transporte de materias primas, productos semielaborados y terminados.De forma espec\u00edfica, tambi\u00e9n pretende conseguir minimizar o eliminar los riesgos potenciales para la salud de los consumidores, transmitidos por los alimentos y asociados a la actividad laboral que los manipuladores de \u00e9stos desarrollan en su actividad laboral.Este manual proporciona la base para la correcta aplicaci\u00f3n de las normas higi\u00e9nico-sanitarias que cualquier empresa del sector alimentario debe cumplir, abarcando toda la cadena alimentaria, independientemente del tama\u00f1o del establecimiento o industria, y de la actividad que en ella se realice.","breadcrumb":{"@id":"https:\/\/www.safmmarzo.com\/producto\/higiene-para-manipulador-de-alimentos\/#breadcrumb"},"inLanguage":"es","potentialAction":[{"@type":"ReadAction","target":["https:\/\/www.safmmarzo.com\/producto\/higiene-para-manipulador-de-alimentos\/"]}]},{"@type":"ImageObject","inLanguage":"es","@id":"https:\/\/www.safmmarzo.com\/producto\/higiene-para-manipulador-de-alimentos\/#primaryimage","url":"https:\/\/www.safmmarzo.com\/wp-content\/uploads\/2021\/06\/Higiene-para-Manipuladores-de-Alimentos-Manual-basico-para-la-industria-alimentaria.jpg","contentUrl":"https:\/\/www.safmmarzo.com\/wp-content\/uploads\/2021\/06\/Higiene-para-Manipuladores-de-Alimentos-Manual-basico-para-la-industria-alimentaria.jpg","width":218,"height":340},{"@type":"BreadcrumbList","@id":"https:\/\/www.safmmarzo.com\/producto\/higiene-para-manipulador-de-alimentos\/#breadcrumb","itemListElement":[{"@type":"ListItem","position":1,"name":"Tenda","item":"https:\/\/www.safmmarzo.com\/tenda\/"},{"@type":"ListItem","position":2,"name":"Higiene para Manipuladores de Alimentos. Manual b\u00e1sico para la industria alimentaria."}]},{"@type":"WebSite","@id":"https:\/\/www.safmmarzo.com\/#website","url":"https:\/\/www.safmmarzo.com\/","name":"Marzo Saude","description":"","potentialAction":[{"@type":"SearchAction","target":{"@type":"EntryPoint","urlTemplate":"https:\/\/www.safmmarzo.com\/?s={search_term_string}"},"query-input":{"@type":"PropertyValueSpecification","valueRequired":true,"valueName":"search_term_string"}}],"inLanguage":"es"}]}},"_links":{"self":[{"href":"https:\/\/www.safmmarzo.com\/es\/wp-json\/wp\/v2\/product\/16147","targetHints":{"allow":["GET"]}}],"collection":[{"href":"https:\/\/www.safmmarzo.com\/es\/wp-json\/wp\/v2\/product"}],"about":[{"href":"https:\/\/www.safmmarzo.com\/es\/wp-json\/wp\/v2\/types\/product"}],"replies":[{"embeddable":true,"href":"https:\/\/www.safmmarzo.com\/es\/wp-json\/wp\/v2\/comments?post=16147"}],"wp:featuredmedia":[{"embeddable":true,"href":"https:\/\/www.safmmarzo.com\/es\/wp-json\/wp\/v2\/media\/16959"}],"wp:attachment":[{"href":"https:\/\/www.safmmarzo.com\/es\/wp-json\/wp\/v2\/media?parent=16147"}],"wp:term":[{"taxonomy":"product_cat","embeddable":true,"href":"https:\/\/www.safmmarzo.com\/es\/wp-json\/wp\/v2\/product_cat?post=16147"},{"taxonomy":"product_tag","embeddable":true,"href":"https:\/\/www.safmmarzo.com\/es\/wp-json\/wp\/v2\/product_tag?post=16147"}],"curies":[{"name":"wp","href":"https:\/\/api.w.org\/{rel}","templated":true}]}}